{"id":64679,"date":"2021-07-06T11:33:39","date_gmt":"2021-07-06T14:33:39","guid":{"rendered":"https:\/\/aberje.com.br\/editora\/?post_type=product&#038;p=64679"},"modified":"2024-12-01T00:24:04","modified_gmt":"2024-12-01T03:24:04","slug":"reconhecimento-que-gera-valor-premio-aberje-2020","status":"publish","type":"product","link":"https:\/\/www.aberje.com.br\/editora\/livro\/reconhecimento-que-gera-valor-premio-aberje-2020\/","title":{"rendered":"Reconhecimento que Gera Valor: Pr\u00eamio Aberje 2020"},"content":{"rendered":"<p>O livro \u201cReconhecimento que gera valor: Pr\u00eamio Aberje 2020\u201d \u00e9 o nono da cole\u00e7\u00e3o, que consolida o trabalho de reconhecer os profissionais e as organiza\u00e7\u00f5es no campo da comunica\u00e7\u00e3o empresarial brasileira, a partir das pr\u00e1ticas de excel\u00eancia. Voc\u00ea vai conhecer cases modernos, como os que utilizam a tecnologia das redes sociais, e outros que, com solu\u00e7\u00f5es inspiradas e muito mais simples, conseguem reunir as pessoas em torno de uma causa.<\/p>\n<p>&nbsp;<\/p>\n<p><strong>T\u00edtulo:\u00a0<\/strong>Reconhecimento que Gera Valor: Pr\u00eamio Aberje 2020<\/p>\n<p><strong>Ano:\u00a0<\/strong>2021<\/p>\n","protected":false},"excerpt":{"rendered":"<p>O livro \u201cReconhecimento que gera valor: Pr\u00eamio Aberje 2020\u201d \u00e9 o nono da cole\u00e7\u00e3o, que consolida o trabalho de reconhecer os profissionais e as organiza\u00e7\u00f5es no campo da comunica\u00e7\u00e3o empresarial brasileira, a partir das pr\u00e1ticas de excel\u00eancia. Voc\u00ea vai conhecer cases modernos, como os que utilizam a tecnologia das redes sociais, e outros que, com &hellip; <a href=\"https:\/\/www.aberje.com.br\/editora\/livro\/reconhecimento-que-gera-valor-premio-aberje-2020\/\" class=\"more-link\">Continuar lendo <span class=\"screen-reader-text\">Reconhecimento que Gera Valor: Pr\u00eamio Aberje 2020<\/span><\/a><\/p>\n","protected":false},"featured_media":64680,"template":"","meta":{"_acf_changed":false},"product_brand":[],"product_cat":[60,54,80],"product_tag":[],"class_list":{"0":"post-64679","1":"product","2":"type-product","3":"status-publish","4":"has-post-thumbnail","6":"product_cat-colecao-premio-aberje","7":"product_cat-livros-aberje","8":"product_cat-todos","9":"product_shipping_class-frete-economico","11":"first","12":"instock","13":"shipping-taxable","14":"purchasable","15":"product-type-simple"},"acf":[],"_links":{"self":[{"href":"https:\/\/www.aberje.com.br\/editora\/wp-json\/wp\/v2\/product\/64679","targetHints":{"allow":["GET"]}}],"collection":[{"href":"https:\/\/www.aberje.com.br\/editora\/wp-json\/wp\/v2\/product"}],"about":[{"href":"https:\/\/www.aberje.com.br\/editora\/wp-json\/wp\/v2\/types\/product"}],"wp:featuredmedia":[{"embeddable":true,"href":"https:\/\/www.aberje.com.br\/editora\/wp-json\/wp\/v2\/media\/64680"}],"wp:attachment":[{"href":"https:\/\/www.aberje.com.br\/editora\/wp-json\/wp\/v2\/media?parent=64679"}],"wp:term":[{"taxonomy":"product_brand","embeddable":true,"href":"https:\/\/www.aberje.com.br\/editora\/wp-json\/wp\/v2\/product_brand?post=64679"},{"taxonomy":"product_cat","embeddable":true,"href":"https:\/\/www.aberje.com.br\/editora\/wp-json\/wp\/v2\/product_cat?post=64679"},{"taxonomy":"product_tag","embeddable":true,"href":"https:\/\/www.aberje.com.br\/editora\/wp-json\/wp\/v2\/product_tag?post=64679"}],"curies":[{"name":"wp","href":"https:\/\/api.w.org\/{rel}","templated":true}]}}