{"id":64042,"date":"2021-06-30T15:24:32","date_gmt":"2021-06-30T18:24:32","guid":{"rendered":"https:\/\/aberje.com.br\/editora\/?post_type=product&#038;p=64042"},"modified":"2024-12-01T00:24:04","modified_gmt":"2024-12-01T03:24:04","slug":"comusicacao","status":"publish","type":"product","link":"https:\/\/www.aberje.com.br\/editora\/livro\/comusicacao\/","title":{"rendered":"Comusica\u00e7\u00e3o &#8211; o Som do Sucesso"},"content":{"rendered":"<p>G\u00eanios criativos como Bob Dylan, Joni Mitchell, Bruce Springsteen, Marvin Gaye, Bob Marley ou Jo\u00e3o Gilberto tornaram-se \u00edcones pela sua capacidade de gerar conex\u00f5es profundas com milh\u00f5es de pessoas. Em\u00a0<em>Comusica\u00e7\u00e3o \u2013 O Som do Sucesso<\/em>, Adolfo Corujo, s\u00f3cio da Llorente &amp; Cuenca e especialista em gest\u00e3o da transforma\u00e7\u00e3o do neg\u00f3cio, esmiu\u00e7a 18 perfis de grandes personagens da m\u00fasica, com suas anedotas, percal\u00e7os, \u00eaxitos e fracassos, e lhes d\u00e1 uma nova perspectiva \u2013 a de empreendedores e gestores encarando decis\u00f5es muito semelhantes \u00e0quelas que os profissionais da esfera corporativa enfrentam no dia a dia. E com essa \u201caula musical\u201d o autor mostra em detalhes quais s\u00e3os os passos a serem seguidos \u2013 ou evitados \u2013 para se alcan\u00e7ar o sucesso.<\/p>\n<p>&nbsp;<\/p>\n<p><strong>T\u00edtulo:\u00a0<\/strong>Comusica\u00e7\u00e3o &#8211; o Som do Sucesso<\/p>\n<p><strong>Autor:\u00a0<\/strong>Adolfo Corujo<\/p>\n<p><strong>N\u00famero de p\u00e1ginas:\u00a0<\/strong>382<\/p>\n<p><strong>Editora:\u00a0<\/strong>Aberje Editorial<\/p>\n","protected":false},"excerpt":{"rendered":"<p>G\u00eanios criativos como Bob Dylan, Joni Mitchell, Bruce Springsteen, Marvin Gaye, Bob Marley ou Jo\u00e3o Gilberto tornaram-se \u00edcones pela sua capacidade de gerar conex\u00f5es profundas com milh\u00f5es de pessoas. Em\u00a0Comusica\u00e7\u00e3o \u2013 O Som do Sucesso, Adolfo Corujo, s\u00f3cio da Llorente &amp; Cuenca e especialista em gest\u00e3o da transforma\u00e7\u00e3o do neg\u00f3cio, esmiu\u00e7a 18 perfis de grandes &hellip; <a href=\"https:\/\/www.aberje.com.br\/editora\/livro\/comusicacao\/\" class=\"more-link\">Continuar lendo <span class=\"screen-reader-text\">Comusica\u00e7\u00e3o &#8211; o Som do Sucesso<\/span><\/a><\/p>\n","protected":false},"featured_media":64043,"template":"","meta":{"_acf_changed":false},"product_brand":[],"product_cat":[57,54,80],"product_tag":[72],"class_list":{"0":"post-64042","1":"product","2":"type-product","3":"status-publish","4":"has-post-thumbnail","6":"product_cat-ebooks","7":"product_cat-livros-aberje","8":"product_cat-todos","9":"product_tag-adolfo-corujo","10":"product_shipping_class-frete-economico","12":"first","13":"instock","14":"shipping-taxable","15":"purchasable","16":"product-type-simple"},"acf":[],"_links":{"self":[{"href":"https:\/\/www.aberje.com.br\/editora\/wp-json\/wp\/v2\/product\/64042","targetHints":{"allow":["GET"]}}],"collection":[{"href":"https:\/\/www.aberje.com.br\/editora\/wp-json\/wp\/v2\/product"}],"about":[{"href":"https:\/\/www.aberje.com.br\/editora\/wp-json\/wp\/v2\/types\/product"}],"wp:featuredmedia":[{"embeddable":true,"href":"https:\/\/www.aberje.com.br\/editora\/wp-json\/wp\/v2\/media\/64043"}],"wp:attachment":[{"href":"https:\/\/www.aberje.com.br\/editora\/wp-json\/wp\/v2\/media?parent=64042"}],"wp:term":[{"taxonomy":"product_brand","embeddable":true,"href":"https:\/\/www.aberje.com.br\/editora\/wp-json\/wp\/v2\/product_brand?post=64042"},{"taxonomy":"product_cat","embeddable":true,"href":"https:\/\/www.aberje.com.br\/editora\/wp-json\/wp\/v2\/product_cat?post=64042"},{"taxonomy":"product_tag","embeddable":true,"href":"https:\/\/www.aberje.com.br\/editora\/wp-json\/wp\/v2\/product_tag?post=64042"}],"curies":[{"name":"wp","href":"https:\/\/api.w.org\/{rel}","templated":true}]}}