{"id":49597,"date":"2020-11-16T18:37:30","date_gmt":"2020-11-16T21:37:30","guid":{"rendered":"https:\/\/aberje.com.br\/editora\/?post_type=product&#038;p=49597"},"modified":"2024-12-01T00:24:04","modified_gmt":"2024-12-01T03:24:04","slug":"nomofobia-2-0","status":"publish","type":"product","link":"https:\/\/www.aberje.com.br\/editora\/livro\/nomofobia-2-0\/","title":{"rendered":"Nomofobia 2.0"},"content":{"rendered":"<p>Na metade dos anos 1990, as tecnologias digitais de comunica\u00e7\u00e3o come\u00e7aram a fazer parte do cotidiano das pessoas. Agora, depois de quase 30 anos, passamos a nos questionar at\u00e9 que ponto seus benef\u00edcios podem se tornar um problema para os usu\u00e1rios. Ser\u00e1 que usamos de forma equilibrada os recursos tecnol\u00f3gicos t\u00e3o sedutores que est\u00e3o ao nosso alcance?<\/p>\n<p>Este livro aborda a maneira como esse tipo de comunica\u00e7\u00e3o invadiu nossas vidas e os impactos que o uso\u00a0 muitas vezes excessivo das tecnologias digitais podem causar. Um deles \u00e9 a nomofobia, um dist\u00farbio causado pela ansiedade de ficar sem conex\u00e3o, cujo nome nasceu da jun\u00e7\u00e3o da express\u00e3o em ingl\u00eas \u201cno mobile\u201d com o sufixo \u201cfobia\u201d.\u00a0Quais ser\u00e3o os resultados do mergulho no mundo das tecnologias de comunica\u00e7\u00e3o?<\/p>\n<p><strong>T\u00edtulo:<\/strong>\u00a0Nomofobia 2.0 e outros excessos na era dos relacionamentos digitais<\/p>\n<p><strong>Autor:<\/strong>\u00a0Andr\u00e9 Senador<\/p>\n<p><strong>Ano:\u00a0<\/strong>2018<\/p>\n","protected":false},"excerpt":{"rendered":"<p>Na metade dos anos 1990, as tecnologias digitais de comunica\u00e7\u00e3o come\u00e7aram a fazer parte do cotidiano das pessoas. Agora, depois de quase 30 anos, passamos a nos questionar at\u00e9 que ponto seus benef\u00edcios podem se tornar um problema para os usu\u00e1rios. Ser\u00e1 que usamos de forma equilibrada os recursos tecnol\u00f3gicos t\u00e3o sedutores que est\u00e3o ao &hellip; <a href=\"https:\/\/www.aberje.com.br\/editora\/livro\/nomofobia-2-0\/\" class=\"more-link\">Continuar lendo <span class=\"screen-reader-text\">Nomofobia 2.0<\/span><\/a><\/p>\n","protected":false},"featured_media":49598,"template":"","meta":{"_acf_changed":false},"product_brand":[],"product_cat":[57,54,80],"product_tag":[73],"class_list":{"0":"post-49597","1":"product","2":"type-product","3":"status-publish","4":"has-post-thumbnail","6":"product_cat-ebooks","7":"product_cat-livros-aberje","8":"product_cat-todos","9":"product_tag-andre-senador","10":"product_shipping_class-frete-economico","12":"first","13":"instock","14":"shipping-taxable","15":"purchasable","16":"product-type-simple"},"acf":[],"_links":{"self":[{"href":"https:\/\/www.aberje.com.br\/editora\/wp-json\/wp\/v2\/product\/49597","targetHints":{"allow":["GET"]}}],"collection":[{"href":"https:\/\/www.aberje.com.br\/editora\/wp-json\/wp\/v2\/product"}],"about":[{"href":"https:\/\/www.aberje.com.br\/editora\/wp-json\/wp\/v2\/types\/product"}],"wp:featuredmedia":[{"embeddable":true,"href":"https:\/\/www.aberje.com.br\/editora\/wp-json\/wp\/v2\/media\/49598"}],"wp:attachment":[{"href":"https:\/\/www.aberje.com.br\/editora\/wp-json\/wp\/v2\/media?parent=49597"}],"wp:term":[{"taxonomy":"product_brand","embeddable":true,"href":"https:\/\/www.aberje.com.br\/editora\/wp-json\/wp\/v2\/product_brand?post=49597"},{"taxonomy":"product_cat","embeddable":true,"href":"https:\/\/www.aberje.com.br\/editora\/wp-json\/wp\/v2\/product_cat?post=49597"},{"taxonomy":"product_tag","embeddable":true,"href":"https:\/\/www.aberje.com.br\/editora\/wp-json\/wp\/v2\/product_tag?post=49597"}],"curies":[{"name":"wp","href":"https:\/\/api.w.org\/{rel}","templated":true}]}}