{"id":48910,"date":"2020-11-04T14:50:10","date_gmt":"2020-11-04T17:50:10","guid":{"rendered":"https:\/\/aberje.com.br\/editora\/?post_type=product&#038;p=48910"},"modified":"2023-09-13T09:02:39","modified_gmt":"2023-09-13T12:02:39","slug":"lobby-digital","status":"publish","type":"product","link":"https:\/\/www.aberje.com.br\/editora\/livro\/lobby-digital\/","title":{"rendered":"Lobby Digital"},"content":{"rendered":"<p>O livro traz uma interpreta\u00e7\u00e3o diferente, ou melhor, in\u00e9dita, sobre o lobby: para o autor, o novo lobby tem como ator principal o cidad\u00e3o comum, a quem batiza de &#8216;cidad\u00e3o stakeholder&#8217;. Por meio das tecnologias digitais, esse cidad\u00e3o pode ele pr\u00f3prio ser lobista e representar seus interesses junto \u00e0queles que elegeu, assim como pressionar organiza\u00e7\u00f5es e empresas ao redor do mundo, deixando de ser apenas espectador para tornar-se ator ativo\u00a0na defini\u00e7\u00e3o e na decis\u00e3o de pol\u00edticas p\u00fablicas.<\/p>\n<p><strong>T\u00edtulo:<\/strong> Lobby Digital: Como o cidad\u00e3o conectado influencia as decis\u00f5es de governos e empresas<\/p>\n<p><strong>Autor:<\/strong> Renard Aron<\/p>\n<p><strong>Editora : <\/strong>Aberje Editorial; 1\u00aa Edi\u00e7\u00e3o (24 agosto 2020)<\/p>\n<p><strong>N\u00famero de p\u00e1ginas :<\/strong> 230 p\u00e1ginas<\/p>\n","protected":false},"excerpt":{"rendered":"<p>O livro traz uma interpreta\u00e7\u00e3o diferente, ou melhor, in\u00e9dita, sobre o lobby: para o autor, o novo lobby tem como ator principal o cidad\u00e3o comum, a quem batiza de &#8216;cidad\u00e3o stakeholder&#8217;. Por meio das tecnologias digitais, esse cidad\u00e3o pode ele pr\u00f3prio ser lobista e representar seus interesses junto \u00e0queles que elegeu, assim como pressionar organiza\u00e7\u00f5es &hellip; <a href=\"https:\/\/www.aberje.com.br\/editora\/livro\/lobby-digital\/\" class=\"more-link\">Continuar lendo <span class=\"screen-reader-text\">Lobby Digital<\/span><\/a><\/p>\n","protected":false},"featured_media":46278,"template":"","meta":{"_acf_changed":false},"product_brand":[],"product_cat":[54,61,80],"product_tag":[74],"class_list":{"0":"post-48910","1":"product","2":"type-product","3":"status-publish","4":"has-post-thumbnail","6":"product_cat-livros-aberje","7":"product_cat-lobby","8":"product_cat-todos","9":"product_tag-renard-aron","10":"product_shipping_class-frete-economico","12":"first","13":"outofstock","14":"shipping-taxable","15":"purchasable","16":"product-type-simple"},"acf":[],"_links":{"self":[{"href":"https:\/\/www.aberje.com.br\/editora\/wp-json\/wp\/v2\/product\/48910","targetHints":{"allow":["GET"]}}],"collection":[{"href":"https:\/\/www.aberje.com.br\/editora\/wp-json\/wp\/v2\/product"}],"about":[{"href":"https:\/\/www.aberje.com.br\/editora\/wp-json\/wp\/v2\/types\/product"}],"wp:featuredmedia":[{"embeddable":true,"href":"https:\/\/www.aberje.com.br\/editora\/wp-json\/wp\/v2\/media\/46278"}],"wp:attachment":[{"href":"https:\/\/www.aberje.com.br\/editora\/wp-json\/wp\/v2\/media?parent=48910"}],"wp:term":[{"taxonomy":"product_brand","embeddable":true,"href":"https:\/\/www.aberje.com.br\/editora\/wp-json\/wp\/v2\/product_brand?post=48910"},{"taxonomy":"product_cat","embeddable":true,"href":"https:\/\/www.aberje.com.br\/editora\/wp-json\/wp\/v2\/product_cat?post=48910"},{"taxonomy":"product_tag","embeddable":true,"href":"https:\/\/www.aberje.com.br\/editora\/wp-json\/wp\/v2\/product_tag?post=48910"}],"curies":[{"name":"wp","href":"https:\/\/api.w.org\/{rel}","templated":true}]}}