{"id":46414,"date":"2020-10-13T19:47:54","date_gmt":"2020-10-13T22:47:54","guid":{"rendered":"https:\/\/aberje.com.br\/editora\/?post_type=product&#038;p=46414"},"modified":"2026-01-07T22:26:03","modified_gmt":"2026-01-08T01:26:03","slug":"lobby-e-comunicacao","status":"publish","type":"product","link":"https:\/\/www.aberje.com.br\/editora\/livro\/lobby-e-comunicacao\/","title":{"rendered":"Lobby e Comunica\u00e7\u00e3o"},"content":{"rendered":"<p>No livro <em>Lobby e Comunica\u00e7\u00e3o: A integra\u00e7\u00e3o da narrativa como via de transforma\u00e7\u00e3o<\/em>, os autores Paulo Nassar e Carlos Parente fazem uma reflex\u00e3o sobre a import\u00e2ncia da converg\u00eancia entre as \u00e1reas de Rela\u00e7\u00f5es Institucionais e Governamentais (RIG), Rela\u00e7\u00f5es P\u00fablicas (RP) e Comunica\u00e7\u00e3o, a partir do territ\u00f3rio das narrativas, da gest\u00e3o, dos neg\u00f3cios e da sociedade. A publica\u00e7\u00e3o inaugura o selo <em>Instant Book Aberje<\/em>, que traz leituras sucintas e perspicazes sobre temas atuais e urgentes da comunica\u00e7\u00e3o.<\/p>\n<p><strong>T\u00edtulo:<\/strong> Lobby e Comunica\u00e7\u00e3o: A integra\u00e7\u00e3o da narrativa como via de transforma\u00e7\u00e3o<\/p>\n<p><strong>Autor:<\/strong> Paulo Nassar e Carlos Parente<\/p>\n<p><strong>N\u00famero de p\u00e1ginas:<\/strong> 74 p\u00e1ginas<\/p>\n<p><strong>Editora:<\/strong> Aberje Editorial; 1\u00aa Edi\u00e7\u00e3o (2020)<\/p>\n","protected":false},"excerpt":{"rendered":"<p>No livro Lobby e Comunica\u00e7\u00e3o: A integra\u00e7\u00e3o da narrativa como via de transforma\u00e7\u00e3o, os autores Paulo Nassar e Carlos Parente fazem uma reflex\u00e3o sobre a import\u00e2ncia da converg\u00eancia entre as \u00e1reas de Rela\u00e7\u00f5es Institucionais e Governamentais (RIG), Rela\u00e7\u00f5es P\u00fablicas (RP) e Comunica\u00e7\u00e3o, a partir do territ\u00f3rio das narrativas, da gest\u00e3o, dos neg\u00f3cios e da sociedade. &hellip; <a href=\"https:\/\/www.aberje.com.br\/editora\/livro\/lobby-e-comunicacao\/\" class=\"more-link\">Continuar lendo <span class=\"screen-reader-text\">Lobby e Comunica\u00e7\u00e3o<\/span><\/a><\/p>\n","protected":false},"featured_media":46287,"template":"","meta":{"_acf_changed":false},"product_brand":[],"product_cat":[57,54,61,80],"product_tag":[66,63],"class_list":{"0":"post-46414","1":"product","2":"type-product","3":"status-publish","4":"has-post-thumbnail","6":"product_cat-ebooks","7":"product_cat-livros-aberje","8":"product_cat-lobby","9":"product_cat-todos","10":"product_tag-carlos-parente","11":"product_tag-paulo-nassar","12":"product_shipping_class-frete-economico","14":"first","15":"instock","16":"shipping-taxable","17":"purchasable","18":"product-type-simple"},"acf":[],"_links":{"self":[{"href":"https:\/\/www.aberje.com.br\/editora\/wp-json\/wp\/v2\/product\/46414","targetHints":{"allow":["GET"]}}],"collection":[{"href":"https:\/\/www.aberje.com.br\/editora\/wp-json\/wp\/v2\/product"}],"about":[{"href":"https:\/\/www.aberje.com.br\/editora\/wp-json\/wp\/v2\/types\/product"}],"wp:featuredmedia":[{"embeddable":true,"href":"https:\/\/www.aberje.com.br\/editora\/wp-json\/wp\/v2\/media\/46287"}],"wp:attachment":[{"href":"https:\/\/www.aberje.com.br\/editora\/wp-json\/wp\/v2\/media?parent=46414"}],"wp:term":[{"taxonomy":"product_brand","embeddable":true,"href":"https:\/\/www.aberje.com.br\/editora\/wp-json\/wp\/v2\/product_brand?post=46414"},{"taxonomy":"product_cat","embeddable":true,"href":"https:\/\/www.aberje.com.br\/editora\/wp-json\/wp\/v2\/product_cat?post=46414"},{"taxonomy":"product_tag","embeddable":true,"href":"https:\/\/www.aberje.com.br\/editora\/wp-json\/wp\/v2\/product_tag?post=46414"}],"curies":[{"name":"wp","href":"https:\/\/api.w.org\/{rel}","templated":true}]}}