{"id":44590,"date":"2020-09-18T14:29:31","date_gmt":"2020-09-18T17:29:31","guid":{"rendered":"https:\/\/aberje.com.br\/editora\/?post_type=product&#038;p=44590"},"modified":"2023-09-13T09:02:42","modified_gmt":"2023-09-13T12:02:42","slug":"comunicacao-interna-a-forca-das-empresas-v2","status":"publish","type":"product","link":"https:\/\/www.aberje.com.br\/editora\/livro\/comunicacao-interna-a-forca-das-empresas-v2\/","title":{"rendered":"Comunica\u00e7\u00e3o Interna: a for\u00e7a das empresas V2"},"content":{"rendered":"<p>O segundo volume do livro &#8216;Comunica\u00e7\u00e3o Interna &#8211; A for\u00e7a da empresas&#8217; mostra como importantes empresas e marcas de sucesso criam estrat\u00e9gias, investem recursos, talentos e tempo para construir e manter um canal de comunica\u00e7\u00e3o e de relacionamento com seus p\u00fablicos internos. A comunica\u00e7\u00e3o interna se tornou uma atividade estrat\u00e9gica, de import\u00e2ncia vital dentro de uma empresa. O livro re\u00fane essas experi\u00eancias vividas em diferentes organiza\u00e7\u00f5es, que se constituem um acervo de alto valor para os profissionais da \u00e1rea.<\/p>\n<p>&nbsp;<\/p>\n<p><strong>T\u00edtulo:<\/strong> Comunica\u00e7\u00e3o Interna: a for\u00e7a das empresas V.2<\/p>\n<p><strong>Autor:\u00a0<\/strong>Paulo Nassar<\/p>\n<p><strong>Ano:\u00a0<\/strong>2005<\/p>\n","protected":false},"excerpt":{"rendered":"<p>O segundo volume do livro &#8216;Comunica\u00e7\u00e3o Interna &#8211; A for\u00e7a da empresas&#8217; mostra como importantes empresas e marcas de sucesso criam estrat\u00e9gias, investem recursos, talentos e tempo para construir e manter um canal de comunica\u00e7\u00e3o e de relacionamento com seus p\u00fablicos internos. A comunica\u00e7\u00e3o interna se tornou uma atividade estrat\u00e9gica, de import\u00e2ncia vital dentro de &hellip; <a href=\"https:\/\/www.aberje.com.br\/editora\/livro\/comunicacao-interna-a-forca-das-empresas-v2\/\" class=\"more-link\">Continuar lendo <span class=\"screen-reader-text\">Comunica\u00e7\u00e3o Interna: a for\u00e7a das empresas V2<\/span><\/a><\/p>\n","protected":false},"featured_media":44591,"template":"","meta":{"_acf_changed":false},"product_brand":[],"product_cat":[59,54,80],"product_tag":[],"class_list":{"0":"post-44590","1":"product","2":"type-product","3":"status-publish","4":"has-post-thumbnail","6":"product_cat-comunicacao-interna","7":"product_cat-livros-aberje","8":"product_cat-todos","9":"product_shipping_class-frete-economico","11":"first","12":"outofstock","13":"shipping-taxable","14":"purchasable","15":"product-type-simple"},"acf":[],"_links":{"self":[{"href":"https:\/\/www.aberje.com.br\/editora\/wp-json\/wp\/v2\/product\/44590","targetHints":{"allow":["GET"]}}],"collection":[{"href":"https:\/\/www.aberje.com.br\/editora\/wp-json\/wp\/v2\/product"}],"about":[{"href":"https:\/\/www.aberje.com.br\/editora\/wp-json\/wp\/v2\/types\/product"}],"wp:featuredmedia":[{"embeddable":true,"href":"https:\/\/www.aberje.com.br\/editora\/wp-json\/wp\/v2\/media\/44591"}],"wp:attachment":[{"href":"https:\/\/www.aberje.com.br\/editora\/wp-json\/wp\/v2\/media?parent=44590"}],"wp:term":[{"taxonomy":"product_brand","embeddable":true,"href":"https:\/\/www.aberje.com.br\/editora\/wp-json\/wp\/v2\/product_brand?post=44590"},{"taxonomy":"product_cat","embeddable":true,"href":"https:\/\/www.aberje.com.br\/editora\/wp-json\/wp\/v2\/product_cat?post=44590"},{"taxonomy":"product_tag","embeddable":true,"href":"https:\/\/www.aberje.com.br\/editora\/wp-json\/wp\/v2\/product_tag?post=44590"}],"curies":[{"name":"wp","href":"https:\/\/api.w.org\/{rel}","templated":true}]}}