{"id":43832,"date":"2020-09-11T18:46:34","date_gmt":"2020-09-11T21:46:34","guid":{"rendered":"https:\/\/aberje.com.br\/editora\/?post_type=product&#038;p=43832"},"modified":"2023-09-13T09:02:44","modified_gmt":"2023-09-13T12:02:44","slug":"reconhecimento-que-gera-valor-premio-aberje-2013","status":"publish","type":"product","link":"https:\/\/www.aberje.com.br\/editora\/livro\/reconhecimento-que-gera-valor-premio-aberje-2013\/","title":{"rendered":"Reconhecimento que gera valor: Pr\u00eamio Aberje 2013"},"content":{"rendered":"<p>Pr\u00eamio Aberje 2013: Reconhecimento que gera valor \u00e9 uma obra que re\u00fane os cases vencedores do concorrido Pr\u00eamio Aberje do ano de 2013, que vem para preservar e tornar mais consistente as atuais pr\u00e1ticas de sucesso da comunica\u00e7\u00e3o empresarial brasileira. Um livro para inspirar a busca de excel\u00eancias e novas solu\u00e7\u00f5es que agreguem valor e abram espa\u00e7os para os di\u00e1logos e as novas narrativas dentro das organiza\u00e7\u00f5es. Com pref\u00e1cio do CEO do jornal Valor Econ\u00f4mico, Alexandre Caldini, e orelha do ombudsman do Pr\u00eamio Aberje, Roberto de Castro Neves, o livro traz, ainda, os depoimentos dos Comunicadores do Ano e o que eles acreditam ser essencial para o desempenho de um profissional no ramo. Uma \u00f3tima e indispens\u00e1vel refer\u00eancia para os comunicadores d o Brasil.<\/p>\n<p>&nbsp;<\/p>\n<p><strong>T\u00edtulo: <\/strong>Reconhecimento que Gera Valor: Pr\u00eamio Aberje 2013<\/p>\n<p><strong>Ano:\u00a0<\/strong>2014<\/p>\n<p class=\"woocommerce-loop-product__title\">\n","protected":false},"excerpt":{"rendered":"<p>Pr\u00eamio Aberje 2013: Reconhecimento que gera valor \u00e9 uma obra que re\u00fane os cases vencedores do concorrido Pr\u00eamio Aberje do ano de 2013, que vem para preservar e tornar mais consistente as atuais pr\u00e1ticas de sucesso da comunica\u00e7\u00e3o empresarial brasileira. Um livro para inspirar a busca de excel\u00eancias e novas solu\u00e7\u00f5es que agreguem valor e &hellip; <a href=\"https:\/\/www.aberje.com.br\/editora\/livro\/reconhecimento-que-gera-valor-premio-aberje-2013\/\" class=\"more-link\">Continuar lendo <span class=\"screen-reader-text\">Reconhecimento que gera valor: Pr\u00eamio Aberje 2013<\/span><\/a><\/p>\n","protected":false},"featured_media":43833,"template":"","meta":{"_acf_changed":false},"product_brand":[],"product_cat":[60,54,80],"product_tag":[],"class_list":{"0":"post-43832","1":"product","2":"type-product","3":"status-publish","4":"has-post-thumbnail","6":"product_cat-colecao-premio-aberje","7":"product_cat-livros-aberje","8":"product_cat-todos","9":"product_shipping_class-frete-economico","11":"first","12":"outofstock","13":"shipping-taxable","14":"purchasable","15":"product-type-simple"},"acf":[],"_links":{"self":[{"href":"https:\/\/www.aberje.com.br\/editora\/wp-json\/wp\/v2\/product\/43832","targetHints":{"allow":["GET"]}}],"collection":[{"href":"https:\/\/www.aberje.com.br\/editora\/wp-json\/wp\/v2\/product"}],"about":[{"href":"https:\/\/www.aberje.com.br\/editora\/wp-json\/wp\/v2\/types\/product"}],"wp:featuredmedia":[{"embeddable":true,"href":"https:\/\/www.aberje.com.br\/editora\/wp-json\/wp\/v2\/media\/43833"}],"wp:attachment":[{"href":"https:\/\/www.aberje.com.br\/editora\/wp-json\/wp\/v2\/media?parent=43832"}],"wp:term":[{"taxonomy":"product_brand","embeddable":true,"href":"https:\/\/www.aberje.com.br\/editora\/wp-json\/wp\/v2\/product_brand?post=43832"},{"taxonomy":"product_cat","embeddable":true,"href":"https:\/\/www.aberje.com.br\/editora\/wp-json\/wp\/v2\/product_cat?post=43832"},{"taxonomy":"product_tag","embeddable":true,"href":"https:\/\/www.aberje.com.br\/editora\/wp-json\/wp\/v2\/product_tag?post=43832"}],"curies":[{"name":"wp","href":"https:\/\/api.w.org\/{rel}","templated":true}]}}