{"id":42610,"date":"2020-09-04T12:14:12","date_gmt":"2020-09-04T15:14:12","guid":{"rendered":"https:\/\/aberje.com.br\/editora\/?post_type=product&#038;p=42610"},"modified":"2023-09-13T09:02:45","modified_gmt":"2023-09-13T12:02:45","slug":"comunicacao-interna-a-forca-das-empresas-v-1","status":"publish","type":"product","link":"https:\/\/www.aberje.com.br\/editora\/livro\/comunicacao-interna-a-forca-das-empresas-v-1\/","title":{"rendered":"Comunica\u00e7\u00e3o Interna: a for\u00e7a das empresas V.1"},"content":{"rendered":"<div class=\"text-livro text-curador blue surveyor\">\n<p>Neste primeiro n\u00famero da s\u00e9rie, a ABERJE desenvolveu uma compila\u00e7\u00e3o das id\u00e9ias apresentadas no III Mix ABERJE de Comunica\u00e7\u00e3o Interna e Integrada, em fevereiro de 2003, trazendo artigos assinados por Paulo Nassar e Suzel Figueiredo (ABERJE), Andr\u00e9 Senador (DaimlerChrysler), Ang\u00e9lica Rotondaro (Holcim Brasil), Carlos Parente (Banco Real Amro Bank), Danielle Antunes (Embraco), Luiz Ant\u00f4nio Gaulia (CSN), Luiz Chinan (Retoque Jornalismo), Marco Piquini (Fiat do Brasil), Maria Aparecida de Paula (Id\u00e9ia Comunica\u00e7\u00e3o) e pelo consultor Roberto de Castro Neves (autor dos livros Imagem Empresarial, Comunica\u00e7\u00e3o Empresarial Integrada e Crises Empresariais com a Opini\u00e3o P\u00fablica). O leitor poder\u00e1 compartilhar, pelas experi\u00eancias de sucesso de cada um deles, quest\u00f5es relativas ao uso das ferramentas de comunica\u00e7\u00e3o interna; o comando desse processo dentro da organiza\u00e7\u00e3o; como informar, preparar e mobilizar o p\u00fablico interno em ambientes de mudan\u00e7as; e como trabalhar com o p\u00fablico interno diante das crises empresariais.<\/p>\n<\/div>\n<p>&nbsp;<\/p>\n<p><strong>T\u00edtulo:<\/strong> Comunica\u00e7\u00e3o Interna: a for\u00e7a das empresas V.1<\/p>\n<p><span class=\"autor-livro text-curador blue surveyor\"><b>Autor:\u00a0<\/b>Paulo Nassar<\/span><\/p>\n<p><strong>Ano: <\/strong>2003<\/p>\n","protected":false},"excerpt":{"rendered":"<p>Neste primeiro n\u00famero da s\u00e9rie, a ABERJE desenvolveu uma compila\u00e7\u00e3o das id\u00e9ias apresentadas no III Mix ABERJE de Comunica\u00e7\u00e3o Interna e Integrada, em fevereiro de 2003, trazendo artigos assinados por Paulo Nassar e Suzel Figueiredo (ABERJE), Andr\u00e9 Senador (DaimlerChrysler), Ang\u00e9lica Rotondaro (Holcim Brasil), Carlos Parente (Banco Real Amro Bank), Danielle Antunes (Embraco), Luiz Ant\u00f4nio Gaulia &hellip; <a href=\"https:\/\/www.aberje.com.br\/editora\/livro\/comunicacao-interna-a-forca-das-empresas-v-1\/\" class=\"more-link\">Continuar lendo <span class=\"screen-reader-text\">Comunica\u00e7\u00e3o Interna: a for\u00e7a das empresas V.1<\/span><\/a><\/p>\n","protected":false},"featured_media":42611,"template":"","meta":{"_acf_changed":false},"product_brand":[],"product_cat":[59,54,80],"product_tag":[],"class_list":{"0":"post-42610","1":"product","2":"type-product","3":"status-publish","4":"has-post-thumbnail","6":"product_cat-comunicacao-interna","7":"product_cat-livros-aberje","8":"product_cat-todos","9":"product_shipping_class-frete-economico","11":"first","12":"outofstock","13":"shipping-taxable","14":"purchasable","15":"product-type-simple"},"acf":[],"_links":{"self":[{"href":"https:\/\/www.aberje.com.br\/editora\/wp-json\/wp\/v2\/product\/42610","targetHints":{"allow":["GET"]}}],"collection":[{"href":"https:\/\/www.aberje.com.br\/editora\/wp-json\/wp\/v2\/product"}],"about":[{"href":"https:\/\/www.aberje.com.br\/editora\/wp-json\/wp\/v2\/types\/product"}],"wp:featuredmedia":[{"embeddable":true,"href":"https:\/\/www.aberje.com.br\/editora\/wp-json\/wp\/v2\/media\/42611"}],"wp:attachment":[{"href":"https:\/\/www.aberje.com.br\/editora\/wp-json\/wp\/v2\/media?parent=42610"}],"wp:term":[{"taxonomy":"product_brand","embeddable":true,"href":"https:\/\/www.aberje.com.br\/editora\/wp-json\/wp\/v2\/product_brand?post=42610"},{"taxonomy":"product_cat","embeddable":true,"href":"https:\/\/www.aberje.com.br\/editora\/wp-json\/wp\/v2\/product_cat?post=42610"},{"taxonomy":"product_tag","embeddable":true,"href":"https:\/\/www.aberje.com.br\/editora\/wp-json\/wp\/v2\/product_tag?post=42610"}],"curies":[{"name":"wp","href":"https:\/\/api.w.org\/{rel}","templated":true}]}}