{"id":42608,"date":"2020-09-04T12:08:23","date_gmt":"2020-09-04T15:08:23","guid":{"rendered":"https:\/\/aberje.com.br\/editora\/?post_type=product&#038;p=42608"},"modified":"2023-09-13T09:02:47","modified_gmt":"2023-09-13T12:02:47","slug":"memoria-de-empresa-historia-e-comunicacao-de-maos-dadas-a-construir-o-futuro-das-organizacoes","status":"publish","type":"product","link":"https:\/\/www.aberje.com.br\/editora\/livro\/memoria-de-empresa-historia-e-comunicacao-de-maos-dadas-a-construir-o-futuro-das-organizacoes\/","title":{"rendered":"Mem\u00f3ria de Empresa"},"content":{"rendered":"<div class=\"text-livro text-curador blue surveyor\">\n<p>O livro Mem\u00f3ria de Empresa \u2013 Hist\u00f3ria e Comunica\u00e7\u00e3o de m\u00e3os dadas, a construir o futuro das organiza\u00e7\u00f5es re\u00fane 12 artigos in\u00e9ditos, que discutem o uso estrat\u00e9gico da mem\u00f3ria na comunica\u00e7\u00e3o organizacional. Apresentam conceitos, reflex\u00f5es e relatos de experi\u00eancias de como a mem\u00f3ria e hist\u00f3ria andam de m\u00e3os dadas com a produ\u00e7\u00e3o de conhecimento, constru\u00e7\u00e3o de identidade e responsabilidade hist\u00f3rica e social das organiza\u00e7\u00f5es. No cap\u00edtulo de abertura, o jornalista e professor Paulo Nassar, presidente-executivo da Aberje, assina o artigo \u201cSem mem\u00f3ria, o futuro fica suspenso no ar\u201d e a historiadora Karen Worcman, diretora do Museu da Pessoa, fala sobre a Mem\u00f3ria do futuro: um desafio. O segundo cap\u00edtulo dedica-se ao tema Resgate Hist\u00f3rico, trazendo o caso dos 50 anos do BNDES e da Pfizer Brasil. Na sequ\u00eancia, o cap\u00edtulo Mem\u00f3ria e P\u00fablico Interno apresenta os relatos do Projeto Mem\u00f3ria (Funda\u00e7\u00e3o Belgo), Projeto Mem\u00f3ria dos Trabalhadores (Petrobras), Candiota, 40 anos de eletricidade e carv\u00e3o (Eletrobr\u00e1s) e Projeto Espa\u00e7o do Conhecimento (Ultragaz), al\u00e9m do artigo Hist\u00f3ria empresarial, mediadora do futuro, do pesquisador e professor Mauro Wilton de Sousa. O \u00faltimo cap\u00edtulo, por sua vez, trata da rela\u00e7\u00e3o entre mem\u00f3ria e tecnologia. S\u00e3o apresentadas as experi\u00eancias da CBMM \u2013 A tecnologia e as profiss\u00f5es em extin\u00e7\u00e3o \u2013 e da Souza Cruz \u2013 O cigarro e a responsabilidade social. Para finalizar, as historiadoras Beth Totini e Elida Gagete tra\u00e7am o panorama do tema e do conceito no artigo Mem\u00f3ria Empresarial \u2013 uma an\u00e1lise da sua evolu\u00e7\u00e3o.<\/p>\n<\/div>\n<p>&nbsp;<\/p>\n<p><strong>T\u00edtulo: <\/strong>Mem\u00f3ria de Empresa: hist\u00f3ria e comunica\u00e7\u00e3o de m\u00e3os dadas, a construir o futuro das organiza\u00e7\u00f5es<\/p>\n<p><span class=\"autor-livro text-curador blue surveyor\"><b>Autor:\u00a0<\/b>Paulo Nassar<\/span><\/p>\n<p><strong>Ano: <\/strong>2004<\/p>\n","protected":false},"excerpt":{"rendered":"<p>O livro Mem\u00f3ria de Empresa \u2013 Hist\u00f3ria e Comunica\u00e7\u00e3o de m\u00e3os dadas, a construir o futuro das organiza\u00e7\u00f5es re\u00fane 12 artigos in\u00e9ditos, que discutem o uso estrat\u00e9gico da mem\u00f3ria na comunica\u00e7\u00e3o organizacional. Apresentam conceitos, reflex\u00f5es e relatos de experi\u00eancias de como a mem\u00f3ria e hist\u00f3ria andam de m\u00e3os dadas com a produ\u00e7\u00e3o de conhecimento, constru\u00e7\u00e3o &hellip; <a href=\"https:\/\/www.aberje.com.br\/editora\/livro\/memoria-de-empresa-historia-e-comunicacao-de-maos-dadas-a-construir-o-futuro-das-organizacoes\/\" class=\"more-link\">Continuar lendo <span class=\"screen-reader-text\">Mem\u00f3ria de Empresa<\/span><\/a><\/p>\n","protected":false},"featured_media":42609,"template":"","meta":{"_acf_changed":false},"product_brand":[],"product_cat":[54,80],"product_tag":[],"class_list":{"0":"post-42608","1":"product","2":"type-product","3":"status-publish","4":"has-post-thumbnail","6":"product_cat-livros-aberje","7":"product_cat-todos","8":"product_shipping_class-frete-economico","10":"first","11":"outofstock","12":"shipping-taxable","13":"purchasable","14":"product-type-simple"},"acf":[],"_links":{"self":[{"href":"https:\/\/www.aberje.com.br\/editora\/wp-json\/wp\/v2\/product\/42608","targetHints":{"allow":["GET"]}}],"collection":[{"href":"https:\/\/www.aberje.com.br\/editora\/wp-json\/wp\/v2\/product"}],"about":[{"href":"https:\/\/www.aberje.com.br\/editora\/wp-json\/wp\/v2\/types\/product"}],"wp:featuredmedia":[{"embeddable":true,"href":"https:\/\/www.aberje.com.br\/editora\/wp-json\/wp\/v2\/media\/42609"}],"wp:attachment":[{"href":"https:\/\/www.aberje.com.br\/editora\/wp-json\/wp\/v2\/media?parent=42608"}],"wp:term":[{"taxonomy":"product_brand","embeddable":true,"href":"https:\/\/www.aberje.com.br\/editora\/wp-json\/wp\/v2\/product_brand?post=42608"},{"taxonomy":"product_cat","embeddable":true,"href":"https:\/\/www.aberje.com.br\/editora\/wp-json\/wp\/v2\/product_cat?post=42608"},{"taxonomy":"product_tag","embeddable":true,"href":"https:\/\/www.aberje.com.br\/editora\/wp-json\/wp\/v2\/product_tag?post=42608"}],"curies":[{"name":"wp","href":"https:\/\/api.w.org\/{rel}","templated":true}]}}