{"id":42605,"date":"2020-09-04T12:04:33","date_gmt":"2020-09-04T15:04:33","guid":{"rendered":"https:\/\/aberje.com.br\/editora\/?post_type=product&#038;p=42605"},"modified":"2023-09-13T09:02:48","modified_gmt":"2023-09-13T12:02:48","slug":"comunicacao-empresarial-estrategia-de-organizacoes-vencedoras-v-1","status":"publish","type":"product","link":"https:\/\/www.aberje.com.br\/editora\/livro\/comunicacao-empresarial-estrategia-de-organizacoes-vencedoras-v-1\/","title":{"rendered":"Comunica\u00e7\u00e3o Empresarial \u2013 Estrat\u00e9gia de Organiza\u00e7\u00f5es Vencedoras V.1"},"content":{"rendered":"<div class=\"text-livro text-curador blue surveyor\">\n<p>A Cole\u00e7\u00e3o Intelig\u00eancia \u00e9 inspirada na voca\u00e7\u00e3o da ABERJE de ser um centro de excel\u00eancia na produ\u00e7\u00e3o de conhecimento e pr\u00e1ticas de gest\u00e3o estrat\u00e9gica em comunica\u00e7\u00e3o. Em cada cap\u00edtulo, os profissionais relatam suas experi\u00eancias e d\u00e3o sua contribui\u00e7\u00e3o \u00e0 gest\u00e3o organizacional. S\u00e3o retratados no livro cases de comunica\u00e7\u00e3o das seguintes organiza\u00e7\u00f5es: Banco do Brasil, ABB, Avon, Telecom It\u00e1lia, Coimex, ABN AMRO Real, Galan &amp; Associados, Cosipa, Cemig, Fiat Autom\u00f3veis, CL-A Comunica\u00e7\u00f5es, Ambev, ECA-USP, Telef\u00f4nica, Natura e Klabin.<\/p>\n<\/div>\n<p>&nbsp;<\/p>\n<p><strong>T\u00edtulo: <\/strong>Comunica\u00e7\u00e3o Empresarial \u2013 Estrat\u00e9gia de Organiza\u00e7\u00f5es Vencedoras V.1<\/p>\n<p><span class=\"autor-livro text-curador blue surveyor\"><b>Autor:\u00a0<\/b>Paulo Nassar<\/span><\/p>\n<p><strong>Ano: <\/strong>2005<\/p>\n","protected":false},"excerpt":{"rendered":"<p>A Cole\u00e7\u00e3o Intelig\u00eancia \u00e9 inspirada na voca\u00e7\u00e3o da ABERJE de ser um centro de excel\u00eancia na produ\u00e7\u00e3o de conhecimento e pr\u00e1ticas de gest\u00e3o estrat\u00e9gica em comunica\u00e7\u00e3o. Em cada cap\u00edtulo, os profissionais relatam suas experi\u00eancias e d\u00e3o sua contribui\u00e7\u00e3o \u00e0 gest\u00e3o organizacional. S\u00e3o retratados no livro cases de comunica\u00e7\u00e3o das seguintes organiza\u00e7\u00f5es: Banco do Brasil, ABB, &hellip; <a href=\"https:\/\/www.aberje.com.br\/editora\/livro\/comunicacao-empresarial-estrategia-de-organizacoes-vencedoras-v-1\/\" class=\"more-link\">Continuar lendo <span class=\"screen-reader-text\">Comunica\u00e7\u00e3o Empresarial \u2013 Estrat\u00e9gia de Organiza\u00e7\u00f5es Vencedoras V.1<\/span><\/a><\/p>\n","protected":false},"featured_media":130263,"template":"","meta":{"_acf_changed":false},"product_brand":[],"product_cat":[54,80],"product_tag":[],"class_list":{"0":"post-42605","1":"product","2":"type-product","3":"status-publish","4":"has-post-thumbnail","6":"product_cat-livros-aberje","7":"product_cat-todos","8":"product_shipping_class-frete-economico","10":"first","11":"outofstock","12":"shipping-taxable","13":"purchasable","14":"product-type-simple"},"acf":[],"_links":{"self":[{"href":"https:\/\/www.aberje.com.br\/editora\/wp-json\/wp\/v2\/product\/42605","targetHints":{"allow":["GET"]}}],"collection":[{"href":"https:\/\/www.aberje.com.br\/editora\/wp-json\/wp\/v2\/product"}],"about":[{"href":"https:\/\/www.aberje.com.br\/editora\/wp-json\/wp\/v2\/types\/product"}],"wp:featuredmedia":[{"embeddable":true,"href":"https:\/\/www.aberje.com.br\/editora\/wp-json\/wp\/v2\/media\/130263"}],"wp:attachment":[{"href":"https:\/\/www.aberje.com.br\/editora\/wp-json\/wp\/v2\/media?parent=42605"}],"wp:term":[{"taxonomy":"product_brand","embeddable":true,"href":"https:\/\/www.aberje.com.br\/editora\/wp-json\/wp\/v2\/product_brand?post=42605"},{"taxonomy":"product_cat","embeddable":true,"href":"https:\/\/www.aberje.com.br\/editora\/wp-json\/wp\/v2\/product_cat?post=42605"},{"taxonomy":"product_tag","embeddable":true,"href":"https:\/\/www.aberje.com.br\/editora\/wp-json\/wp\/v2\/product_tag?post=42605"}],"curies":[{"name":"wp","href":"https:\/\/api.w.org\/{rel}","templated":true}]}}