{"id":42592,"date":"2020-09-04T11:34:41","date_gmt":"2020-09-04T14:34:41","guid":{"rendered":"https:\/\/aberje.com.br\/editora\/?post_type=product&#038;p=42592"},"modified":"2023-09-13T09:02:51","modified_gmt":"2023-09-13T12:02:51","slug":"cadernos-de-comunicacao-estrategica-v-2","status":"publish","type":"product","link":"https:\/\/www.aberje.com.br\/editora\/livro\/cadernos-de-comunicacao-estrategica-v-2\/","title":{"rendered":"Cadernos de Comunica\u00e7\u00e3o Estrat\u00e9gica V.2"},"content":{"rendered":"<p>A proposta j\u00e1 est\u00e1 anunciada na capa: os Cadernos de Comunica\u00e7\u00e3o Estrat\u00e9gica constituem uma publica\u00e7\u00e3o da Aberje para o fortalecimento das estrat\u00e9gias de Comunica\u00e7\u00e3o Organizacional Brasileira com a discuss\u00e3o de grandes l\u00edderes empresariais. E chega agora em seu n\u00famero dois, buscando oito grandes especialistas nacionais para debater a comunica\u00e7\u00e3o interna.<br \/>\nEm uma \u00e9poca em que milhares de informa\u00e7\u00f5es e imagens est\u00e3o dispon\u00edveis na palma da m\u00e3o da maioria das pessoas a qualquer hora e em qualquer lugar, fazer comunica\u00e7\u00e3o interna tornou-se um verdadeiro desafio para os profissionais especializados nesta \u00e1rea. Precisam estar permanentemente atentos aos novos h\u00e1bitos que surgem na sociedade, muitas vezes de um dia para o outro, porque, inevitavelmente, eles ir\u00e3o reverberar nas empresas em que trabalham. Qualquer descuido no tratamento da informa\u00e7\u00e3o, ou na forma de divulg\u00e1-la para o p\u00fablico interno das empresas, pode desencadear consequ\u00eancias imprevis\u00edveis. Assim come\u00e7a o texto do diretor-presidente da Aberje e professor da ECA-USP, Paulo Nassar, que apresenta o resultado do debate realizado com os profissionais convidados.<br \/>\nErica Smith, Gerente de Comunica\u00e7\u00e3o Interna da Novartis, comenta que. como a for\u00e7a de vendas da empresa est\u00e1 em campo, a comunica\u00e7\u00e3o se utiliza da ferramenta do SMS e agora, de acordo com a gerente de Comunica\u00e7\u00e3o Interna, acontece a introdu\u00e7\u00e3o da web meeting, avaliada como uma plataforma vers\u00e1til e eficaz. J\u00e1 Luciana Coelho \u00e9 Gerente de Comunica\u00e7\u00e3o Corporativa do Grupo P\u00e3o de A\u00e7\u00facar e conta como a empresa trabalha o lema \u201ca gente acredita em voc\u00ea, a gente quer que voc\u00ea seja feliz aqui e que cres\u00e7a profissionalmente\u201d. O desafio \u00e9 definir o significado de felicidade corporativa. Outra participa\u00e7\u00e3o \u00e9 de Beatriz Filgueiras, respons\u00e1vel por Cultura e Integra\u00e7\u00e3o na Odebrecht S.A., onde n\u00e3o s\u00e3o feitas grandes campanhas pelos canais de comunica\u00e7\u00e3o; as lideran\u00e7as \u00e9 que fazem esse trabalho, com assuntos de interesse geral, como sa\u00fade.<br \/>\nGerente de Relacionamento com o P\u00fablico Interno da Petrobras, Luiz Ot\u00e1vio Dornellas chama a aten\u00e7\u00e3o para o trabalho atual de integra\u00e7\u00e3o dos canais de comunica\u00e7\u00e3o na empresa e fala da experi\u00eancia da Web-TV, que transmite um telejornal di\u00e1rio de trinta minutos. Elisa Prado, diretora de Comunica\u00e7\u00e3o para as Am\u00e9ricas Central e do Sul na Tetra Pak, fala no cluster eye-sites \u2013 v\u00eddeo, realizado a cada tr\u00eas meses, que re\u00fane o presidente e os l\u00edderes da empresa, para mostrar os resultados da companhia; \u00e9 enviado para outras unidades na Am\u00e9rica Latina. J\u00e1 Ricardo J\u00falio, gestor de Comunica\u00e7\u00e3o Interna da Volkswagen, destaca o projeto de implanta\u00e7\u00e3o de televisores nas linhas de produ\u00e7\u00e3o da empresa, que funcionar\u00e3o como quadros de aviso, visando justamente o funcion\u00e1rio horista, que n\u00e3o tem acesso a computador.<br \/>\nTamb\u00e9m participou do debate e est\u00e1 na publica\u00e7\u00e3o Othon Villerfort Maia, Gestor de Comunica\u00e7\u00e3o Interna da Fiat Chrysler Am\u00e9rica Latina, que fala, entre outros projetos, sobre a sensibiliza\u00e7\u00e3o dos l\u00edderes, de forma que estes se conscientizem da import\u00e2ncia de incluir, em suas agendas, um tempo maior \u00e0s conversas com suas equipes. A experi\u00eancia da Sabesp \u00e9 contemplada a partir do ponto-de-vista do superintendente de Comunica\u00e7\u00e3o, Adriano C\u00e2ndido Stringhini. A estatal se utiliza cada vez mais das hist\u00f3rias de seus funcion\u00e1rios para levar informa\u00e7\u00f5es da empresa aos seus p\u00fablicos interno e externo. Essas hist\u00f3rias, de pessoas que fazem a empresa, comovem e motivam.<\/p>\n<p>&nbsp;<\/p>\n<p><strong>T\u00edtulo: <\/strong>Cadernos de Comunica\u00e7\u00e3o Estrat\u00e9gica V.2<\/p>\n<p><strong>Ano: <\/strong>2013<\/p>\n","protected":false},"excerpt":{"rendered":"<p>A proposta j\u00e1 est\u00e1 anunciada na capa: os Cadernos de Comunica\u00e7\u00e3o Estrat\u00e9gica constituem uma publica\u00e7\u00e3o da Aberje para o fortalecimento das estrat\u00e9gias de Comunica\u00e7\u00e3o Organizacional Brasileira com a discuss\u00e3o de grandes l\u00edderes empresariais. E chega agora em seu n\u00famero dois, buscando oito grandes especialistas nacionais para debater a comunica\u00e7\u00e3o interna. Em uma \u00e9poca em que &hellip; <a href=\"https:\/\/www.aberje.com.br\/editora\/livro\/cadernos-de-comunicacao-estrategica-v-2\/\" class=\"more-link\">Continuar lendo <span class=\"screen-reader-text\">Cadernos de Comunica\u00e7\u00e3o Estrat\u00e9gica V.2<\/span><\/a><\/p>\n","protected":false},"featured_media":42593,"template":"","meta":{"_acf_changed":false},"product_brand":[],"product_cat":[54,80],"product_tag":[],"class_list":{"0":"post-42592","1":"product","2":"type-product","3":"status-publish","4":"has-post-thumbnail","6":"product_cat-livros-aberje","7":"product_cat-todos","8":"product_shipping_class-frete-economico","10":"first","11":"outofstock","12":"shipping-taxable","13":"purchasable","14":"product-type-simple"},"acf":[],"_links":{"self":[{"href":"https:\/\/www.aberje.com.br\/editora\/wp-json\/wp\/v2\/product\/42592","targetHints":{"allow":["GET"]}}],"collection":[{"href":"https:\/\/www.aberje.com.br\/editora\/wp-json\/wp\/v2\/product"}],"about":[{"href":"https:\/\/www.aberje.com.br\/editora\/wp-json\/wp\/v2\/types\/product"}],"wp:featuredmedia":[{"embeddable":true,"href":"https:\/\/www.aberje.com.br\/editora\/wp-json\/wp\/v2\/media\/42593"}],"wp:attachment":[{"href":"https:\/\/www.aberje.com.br\/editora\/wp-json\/wp\/v2\/media?parent=42592"}],"wp:term":[{"taxonomy":"product_brand","embeddable":true,"href":"https:\/\/www.aberje.com.br\/editora\/wp-json\/wp\/v2\/product_brand?post=42592"},{"taxonomy":"product_cat","embeddable":true,"href":"https:\/\/www.aberje.com.br\/editora\/wp-json\/wp\/v2\/product_cat?post=42592"},{"taxonomy":"product_tag","embeddable":true,"href":"https:\/\/www.aberje.com.br\/editora\/wp-json\/wp\/v2\/product_tag?post=42592"}],"curies":[{"name":"wp","href":"https:\/\/api.w.org\/{rel}","templated":true}]}}