{"id":42590,"date":"2020-09-04T11:27:34","date_gmt":"2020-09-04T14:27:34","guid":{"rendered":"https:\/\/aberje.com.br\/editora\/?post_type=product&#038;p=42590"},"modified":"2023-09-13T09:02:51","modified_gmt":"2023-09-13T12:02:51","slug":"comunicacao-interna-a-forca-das-empresas-v-7","status":"publish","type":"product","link":"https:\/\/www.aberje.com.br\/editora\/livro\/comunicacao-interna-a-forca-das-empresas-v-7\/","title":{"rendered":"Comunica\u00e7\u00e3o Interna: a for\u00e7a das empresas V.7"},"content":{"rendered":"<div class=\"text-livro text-curador blue surveyor\">\n<p>O s\u00e9timo volume da s\u00e9rie Comunica\u00e7\u00e3o Interna: a for\u00e7a das empresas, da Aberje Editorial, conta com nove cap\u00edtulos de grandes comunicadores do Brasil e que re\u00fanem as estrat\u00e9gias desenvolvidas pelas empresas para melhorar a comunica\u00e7\u00e3o com seus funcion\u00e1rios. Ao decorrer de 88 p\u00e1ginas \u00e9 poss\u00edvel refletir sobre a import\u00e2ncia e as exig\u00eancias da comunica\u00e7\u00e3o interna contempor\u00e2nea, que articula uma diversidade cultural extensa e grande influ\u00eancia das redes sociais, que s\u00f3 t\u00eam for\u00e7a agregadora ao mundo corporativo quando bem trabalhadas. Mais do que informar, a comunica\u00e7\u00e3o demanda cada vez mais um di\u00e1logo aberto e de hist\u00f3rias que inspiram.<br \/>\nO livro revela os caminhos trilhados por lideran\u00e7as de empresas como Monsanto do Brasil (Geraldo Magella), Fachesf (Laura Jane Batista de Lima), Petrobras Distribuidora (Marcos Nunes de Oliveira e Adriano Val), Fiat Chrysler Am\u00e9rica Latina (Othon de Villefort Maia), Aberje (Rodrigo Silveira Cogo), Embraer (Rosana Aguiar, Luana Mendes e Teresa Cepinho), Vale (S\u00e9rgio Giacomo e Mirka Schreck), Dell Brasil (Vict\u00f3ria Zara Mercio) e C&amp;A (Roz\u00e1lia Del G\u00e1udio Soares-Baptista), abordando os aspectos atuais sobre a comunica\u00e7\u00e3o destinada a este p\u00fablico t\u00e3o essencial: o p\u00fablico interno. Logo no primeiro cap\u00edtulo, Geraldo Magella (Monsanto Brasil) aponta o destaque que as redes sociais conquistaram no cen\u00e1rio brasileiro nos \u00faltimos anos e como a empresa adaptou a utiliza\u00e7\u00e3o desses meios para o uso interno no setor agr\u00edcola.<\/p>\n<p>Na sequ\u00eancia vemos Laura Jane Batista de Lima (Fachesf) e o seu enxame de abelhas oper\u00e1rias transformando a assessoria de comunica\u00e7\u00e3o da entidade em um grande time, antes composto por quatro colaboradores e agora al\u00e7ando quase 200, formado por diversos funcion\u00e1rios que atuam voluntariamente como agentes multiplicadores.<\/p>\n<p>Quando a Petrobras Distribuidora entra em cena, nas palavras de Marcos Nunes de Oliveira e Adriano Val, a igualdade se torna pauta comum nos corredores da organiza\u00e7\u00e3o por meio do projeto \u201cAs Cores do Saber: a heran\u00e7a que nos torna iguais por meio do conhecimento \u2013 O legado afro-brasileiro redescoberto\u201d.<\/p>\n<p>Othon de Villefort Maia (Fiat Chrysler Am\u00e9rica Latina) destaca a rapidez com que uma mensagem \u00e9 transmitida nos dias de hoje \u2013 por conta dos novos meios de comunica\u00e7\u00e3o -, mas como o di\u00e1logo \u00e9 prec\u00e1rio e deve tomar espa\u00e7o para obter melhores resultados na comunica\u00e7\u00e3o. Tamb\u00e9m temos Rodrigo Silveira Cogo (Aberje) discutindo sobre novas formas de comunica\u00e7\u00e3o e como o storytelling serve como est\u00edmulo a troca de mensagens inspiradoras, que ajudam a fortalecer la\u00e7os e ficam mais tempo na mem\u00f3ria de quem as ouve\/l\u00ea.<\/p>\n<p>Ainda contamos com Rosana Aguiar, Luana Mendes e Teresa Cepinho (Embraer) ditando os valores da empresa do setor de avia\u00e7\u00e3o e como o h\u00e1bito de se comunicar bem e continuamente est\u00e1 intr\u00ednseco na organiza\u00e7\u00e3o, guiado por cinco princ\u00edpios e praticado por todos \u2013 seja em reuni\u00e3o de trabalho ou entre colegas interagindo no trabalho.<\/p>\n<p>Adiante, temos S\u00e9rgio Giacomo e Mirka Schreck (Vale) ressaltando como engajaram seus funcion\u00e1rios a seguir as regras e padr\u00f5es operacionais de seguran\u00e7as por meio de a\u00e7\u00e3o que transmitia o valor da vida, de modo eficaz, sem mencionar quais os procedimentos espec\u00edficos para permanecerem em seguran\u00e7a.<\/p>\n<p>A obra tamb\u00e9m traz a experi\u00eancia de Vict\u00f3ria Zara Mercio (Dell Brasil) mencionando as m\u00eddias sociais como a nova forma de comunica\u00e7\u00e3o empresarial em um mundo imerso na Era das Conex\u00f5es. Defende que \u00e9 poss\u00edvel conectar mais os colaboradores e alinhar a atua\u00e7\u00e3o da empresa como um todo, onde \u00e9 poss\u00edvel procurar ou oferecer solu\u00e7\u00f5es aos mais diversos problemas dos neg\u00f3cios da empresa.<\/p>\n<p>Completando o livro, contamos com Roz\u00e1lia Del G\u00e1udio Soares-Baptista (C&amp;A) e sua abordagem sobre como colocar a comunica\u00e7\u00e3o interna em pr\u00e1tica, de modo a atingir clareza e confian\u00e7a em tempos onde a diversidade \u00e9 cada vez maior e as pessoas, a cada dia, criam v\u00ednculos menores com as empresas.<\/p>\n<\/div>\n<p>&nbsp;<\/p>\n<p><strong>T\u00edtulo: <\/strong>Comunica\u00e7\u00e3o Interna: a for\u00e7a das empresas V.7<\/p>\n<p><span class=\"autor-livro text-curador blue surveyor\"><b>Autor:\u00a0<\/b>Paulo Nassar<\/span><\/p>\n<p><strong>Ano: <\/strong>2013<\/p>\n","protected":false},"excerpt":{"rendered":"<p>O s\u00e9timo volume da s\u00e9rie Comunica\u00e7\u00e3o Interna: a for\u00e7a das empresas, da Aberje Editorial, conta com nove cap\u00edtulos de grandes comunicadores do Brasil e que re\u00fanem as estrat\u00e9gias desenvolvidas pelas empresas para melhorar a comunica\u00e7\u00e3o com seus funcion\u00e1rios. Ao decorrer de 88 p\u00e1ginas \u00e9 poss\u00edvel refletir sobre a import\u00e2ncia e as exig\u00eancias da comunica\u00e7\u00e3o interna &hellip; <a href=\"https:\/\/www.aberje.com.br\/editora\/livro\/comunicacao-interna-a-forca-das-empresas-v-7\/\" class=\"more-link\">Continuar lendo <span class=\"screen-reader-text\">Comunica\u00e7\u00e3o Interna: a for\u00e7a das empresas V.7<\/span><\/a><\/p>\n","protected":false},"featured_media":42591,"template":"","meta":{"_acf_changed":false},"product_brand":[],"product_cat":[54,80],"product_tag":[],"class_list":{"0":"post-42590","1":"product","2":"type-product","3":"status-publish","4":"has-post-thumbnail","6":"product_cat-livros-aberje","7":"product_cat-todos","8":"product_shipping_class-frete-economico","10":"first","11":"outofstock","12":"shipping-taxable","13":"purchasable","14":"product-type-simple"},"acf":[],"_links":{"self":[{"href":"https:\/\/www.aberje.com.br\/editora\/wp-json\/wp\/v2\/product\/42590","targetHints":{"allow":["GET"]}}],"collection":[{"href":"https:\/\/www.aberje.com.br\/editora\/wp-json\/wp\/v2\/product"}],"about":[{"href":"https:\/\/www.aberje.com.br\/editora\/wp-json\/wp\/v2\/types\/product"}],"wp:featuredmedia":[{"embeddable":true,"href":"https:\/\/www.aberje.com.br\/editora\/wp-json\/wp\/v2\/media\/42591"}],"wp:attachment":[{"href":"https:\/\/www.aberje.com.br\/editora\/wp-json\/wp\/v2\/media?parent=42590"}],"wp:term":[{"taxonomy":"product_brand","embeddable":true,"href":"https:\/\/www.aberje.com.br\/editora\/wp-json\/wp\/v2\/product_brand?post=42590"},{"taxonomy":"product_cat","embeddable":true,"href":"https:\/\/www.aberje.com.br\/editora\/wp-json\/wp\/v2\/product_cat?post=42590"},{"taxonomy":"product_tag","embeddable":true,"href":"https:\/\/www.aberje.com.br\/editora\/wp-json\/wp\/v2\/product_tag?post=42590"}],"curies":[{"name":"wp","href":"https:\/\/api.w.org\/{rel}","templated":true}]}}