{"id":42588,"date":"2020-09-04T11:17:12","date_gmt":"2020-09-04T14:17:12","guid":{"rendered":"https:\/\/aberje.com.br\/editora\/?post_type=product&#038;p=42588"},"modified":"2023-09-13T09:02:52","modified_gmt":"2023-09-13T12:02:52","slug":"reconhecimento-que-gera-valor-premio-aberje-2012","status":"publish","type":"product","link":"https:\/\/www.aberje.com.br\/editora\/livro\/reconhecimento-que-gera-valor-premio-aberje-2012\/","title":{"rendered":"Reconhecimento que gera valor: Pr\u00eamio Aberje 2012"},"content":{"rendered":"<p>O livro Reconhecimento que Gera Valor: Pr\u00eamio Aberje 2012, da Aberje Editorial, re\u00fane os cases vencedores e todos os finalistas do Pr\u00eamio Aberje 2012. A mudan\u00e7a para o formato livro torna ainda mais perenes as estrat\u00e9gias que de excel\u00eancia da comunica\u00e7\u00e3o empresarial brasileira, difundindo essas pr\u00e1ticas para a evolu\u00e7\u00e3o do campo. A obra vem para servir de refer\u00eancia \u00e0 \u00e1rea de comunica\u00e7\u00e3o, com cases \u00fanicos, criativos e inspiradores de grandes empresas brasileiras, refor\u00e7ando o valor que a comunica\u00e7\u00e3o empresarial agrega \u00e0s organiza\u00e7\u00f5es.<\/p>\n<p>&nbsp;<\/p>\n<p><strong>T\u00edtulo:\u00a0<\/strong>Reconhecimento que gera valor: Pr\u00eamio Aberje 2012<\/p>\n<p><strong>Ano:<\/strong> 2013<\/p>\n","protected":false},"excerpt":{"rendered":"<p>O livro Reconhecimento que Gera Valor: Pr\u00eamio Aberje 2012, da Aberje Editorial, re\u00fane os cases vencedores e todos os finalistas do Pr\u00eamio Aberje 2012. A mudan\u00e7a para o formato livro torna ainda mais perenes as estrat\u00e9gias que de excel\u00eancia da comunica\u00e7\u00e3o empresarial brasileira, difundindo essas pr\u00e1ticas para a evolu\u00e7\u00e3o do campo. A obra vem para &hellip; <a href=\"https:\/\/www.aberje.com.br\/editora\/livro\/reconhecimento-que-gera-valor-premio-aberje-2012\/\" class=\"more-link\">Continuar lendo <span class=\"screen-reader-text\">Reconhecimento que gera valor: Pr\u00eamio Aberje 2012<\/span><\/a><\/p>\n","protected":false},"featured_media":42589,"template":"","meta":{"_acf_changed":false},"product_brand":[],"product_cat":[60,56,80],"product_tag":[],"class_list":{"0":"post-42588","1":"product","2":"type-product","3":"status-publish","4":"has-post-thumbnail","6":"product_cat-colecao-premio-aberje","7":"product_cat-sem-categoria","8":"product_cat-todos","9":"product_shipping_class-frete-economico","11":"first","12":"outofstock","13":"shipping-taxable","14":"purchasable","15":"product-type-simple"},"acf":[],"_links":{"self":[{"href":"https:\/\/www.aberje.com.br\/editora\/wp-json\/wp\/v2\/product\/42588","targetHints":{"allow":["GET"]}}],"collection":[{"href":"https:\/\/www.aberje.com.br\/editora\/wp-json\/wp\/v2\/product"}],"about":[{"href":"https:\/\/www.aberje.com.br\/editora\/wp-json\/wp\/v2\/types\/product"}],"wp:featuredmedia":[{"embeddable":true,"href":"https:\/\/www.aberje.com.br\/editora\/wp-json\/wp\/v2\/media\/42589"}],"wp:attachment":[{"href":"https:\/\/www.aberje.com.br\/editora\/wp-json\/wp\/v2\/media?parent=42588"}],"wp:term":[{"taxonomy":"product_brand","embeddable":true,"href":"https:\/\/www.aberje.com.br\/editora\/wp-json\/wp\/v2\/product_brand?post=42588"},{"taxonomy":"product_cat","embeddable":true,"href":"https:\/\/www.aberje.com.br\/editora\/wp-json\/wp\/v2\/product_cat?post=42588"},{"taxonomy":"product_tag","embeddable":true,"href":"https:\/\/www.aberje.com.br\/editora\/wp-json\/wp\/v2\/product_tag?post=42588"}],"curies":[{"name":"wp","href":"https:\/\/api.w.org\/{rel}","templated":true}]}}