{"id":42586,"date":"2020-09-04T11:12:51","date_gmt":"2020-09-04T14:12:51","guid":{"rendered":"https:\/\/aberje.com.br\/editora\/?post_type=product&#038;p=42586"},"modified":"2023-09-13T09:02:53","modified_gmt":"2023-09-13T12:02:53","slug":"imagem-reputacao-na-era-da-transparencia-as-boas-praticas-de-comunicacao-a-servico-dos-lideres","status":"publish","type":"product","link":"https:\/\/www.aberje.com.br\/editora\/livro\/imagem-reputacao-na-era-da-transparencia-as-boas-praticas-de-comunicacao-a-servico-dos-lideres\/","title":{"rendered":"Imagem &#038; Reputa\u00e7\u00e3o na era da transpar\u00eancia"},"content":{"rendered":"<div class=\"text-livro text-curador blue surveyor\">\n<p>Traz as li\u00e7\u00f5es da vida profissional de Elisa Prado, Diretora Executiva de Comunica\u00e7\u00f5es da Tetra Pak para as Am\u00e9ricas Central e Sul ao longo dos seus quase 30 anos de atua\u00e7\u00e3o. Quarto t\u00edtulo da Cole\u00e7\u00e3o Grandes Nomes da Aberje Editorial, a obra apresenta uma s\u00edntese, direta e objetiva, das experi\u00eancias vivenciadas pela autora, visando impulsionar cada vez mais a comunica\u00e7\u00e3o da lideran\u00e7a.<br \/>\nNa obra, Elisa comprova a import\u00e2ncia de se dedicar boa parte do tempo para relacionamentos com pessoas estrat\u00e9gicas para o core business das empresas, mantendo contatos peri\u00f3dicos para fortalecer cada vez mais os la\u00e7os com aqueles que apoiar\u00e3o na divulga\u00e7\u00e3o da marca em todos os momentos. Tamb\u00e9m \u00e9 destacado como a postura do l\u00edder \u00e9 importante para a manuten\u00e7\u00e3o da marca e para o melhor relacionamento com seus p\u00fablicos.<br \/>\nSustentabilidade, patroc\u00ednios, eventos, mensura\u00e7\u00e3o e fus\u00f5es de empresas tamb\u00e9m fazem parte do livro, temas trabalhados ao longo das 108 p\u00e1ginas com a clareza, sensibilidade e experi\u00eancia de Elisa, eleita Comunicadora do Ano pelo Pr\u00eamio Aberje 2013.<\/p>\n<p><strong>T\u00edtulo:<\/strong> Imagem &amp; Reputa\u00e7\u00e3o na era da transpar\u00eancia \u2013 as boas pr\u00e1ticas de comunica\u00e7\u00e3o a servi\u00e7o dos l\u00edderes<\/p>\n<\/div>\n<p><span class=\"autor-livro text-curador blue surveyor\"><b>Autor:\u00a0<\/b>Elisa Prado<\/span><\/p>\n<p><strong>Ano:<\/strong> 2014<\/p>\n","protected":false},"excerpt":{"rendered":"<p>Traz as li\u00e7\u00f5es da vida profissional de Elisa Prado, Diretora Executiva de Comunica\u00e7\u00f5es da Tetra Pak para as Am\u00e9ricas Central e Sul ao longo dos seus quase 30 anos de atua\u00e7\u00e3o. Quarto t\u00edtulo da Cole\u00e7\u00e3o Grandes Nomes da Aberje Editorial, a obra apresenta uma s\u00edntese, direta e objetiva, das experi\u00eancias vivenciadas pela autora, visando impulsionar &hellip; <a href=\"https:\/\/www.aberje.com.br\/editora\/livro\/imagem-reputacao-na-era-da-transparencia-as-boas-praticas-de-comunicacao-a-servico-dos-lideres\/\" class=\"more-link\">Continuar lendo <span class=\"screen-reader-text\">Imagem &#038; Reputa\u00e7\u00e3o na era da transpar\u00eancia<\/span><\/a><\/p>\n","protected":false},"featured_media":42587,"template":"","meta":{"_acf_changed":false},"product_brand":[],"product_cat":[54,62,80],"product_tag":[],"class_list":{"0":"post-42586","1":"product","2":"type-product","3":"status-publish","4":"has-post-thumbnail","6":"product_cat-livros-aberje","7":"product_cat-reputacao","8":"product_cat-todos","9":"product_shipping_class-frete-economico","11":"first","12":"outofstock","13":"shipping-taxable","14":"purchasable","15":"product-type-simple"},"acf":[],"_links":{"self":[{"href":"https:\/\/www.aberje.com.br\/editora\/wp-json\/wp\/v2\/product\/42586","targetHints":{"allow":["GET"]}}],"collection":[{"href":"https:\/\/www.aberje.com.br\/editora\/wp-json\/wp\/v2\/product"}],"about":[{"href":"https:\/\/www.aberje.com.br\/editora\/wp-json\/wp\/v2\/types\/product"}],"wp:featuredmedia":[{"embeddable":true,"href":"https:\/\/www.aberje.com.br\/editora\/wp-json\/wp\/v2\/media\/42587"}],"wp:attachment":[{"href":"https:\/\/www.aberje.com.br\/editora\/wp-json\/wp\/v2\/media?parent=42586"}],"wp:term":[{"taxonomy":"product_brand","embeddable":true,"href":"https:\/\/www.aberje.com.br\/editora\/wp-json\/wp\/v2\/product_brand?post=42586"},{"taxonomy":"product_cat","embeddable":true,"href":"https:\/\/www.aberje.com.br\/editora\/wp-json\/wp\/v2\/product_cat?post=42586"},{"taxonomy":"product_tag","embeddable":true,"href":"https:\/\/www.aberje.com.br\/editora\/wp-json\/wp\/v2\/product_tag?post=42586"}],"curies":[{"name":"wp","href":"https:\/\/api.w.org\/{rel}","templated":true}]}}