{"id":42582,"date":"2020-09-04T10:58:49","date_gmt":"2020-09-04T13:58:49","guid":{"rendered":"https:\/\/aberje.com.br\/editora\/?post_type=product&#038;p=42582"},"modified":"2023-09-13T09:02:55","modified_gmt":"2023-09-13T12:02:55","slug":"cadernos-de-comunicacao-estrategica-v-4","status":"publish","type":"product","link":"https:\/\/www.aberje.com.br\/editora\/livro\/cadernos-de-comunicacao-estrategica-v-4\/","title":{"rendered":"Cadernos de Comunica\u00e7\u00e3o Estrat\u00e9gica V.4"},"content":{"rendered":"<p>O quarto volume dos Cadernos de Comunica\u00e7\u00e3o Estrat\u00e9gica registra um debate especializado sobre o amadurecimento estrat\u00e9gico da mensura\u00e7\u00e3o na comunica\u00e7\u00e3o empresarial brasileira. Antigamente considerada como algo intang\u00edvel, cada vez mais a comunica\u00e7\u00e3o empresarial caminha a largos passos para a busca de sua assimila\u00e7\u00e3o e an\u00e1lise que permitam gerar valor para os neg\u00f3cios e inflar em reputa\u00e7\u00e3o e credibilidade \u00e0s organiza\u00e7\u00f5es. Saber quais os indicadores mais adequados para a melhor compara\u00e7\u00e3o e compreens\u00e3o dos dados \u00e9 o que faz da mensura\u00e7\u00e3o um processo indispens\u00e1vel aos dias de hoje. O debate ressalta o quanto a mensura\u00e7\u00e3o ainda \u00e9 um processo de gest\u00e3o fr\u00e1gil dentro da comunica\u00e7\u00e3o e o quanto desse processo j\u00e1 vem sendo institu\u00eddo em algumas institui\u00e7\u00f5es. A edi\u00e7\u00e3o conta com as palavras de Cristina Panella (Cristina Panella Planejamento e Pesquisa), Eliane Dal Coletto (Nielsen), L\u00edvia Queiroz (Ita\u00fa Unibanco), Marcelo Diego (Grupo M\u00e1quina PR), Marcos Alexandre (edelman Signifca), Marilia Stabile (In Press An\u00e1lise &amp; Perspectiva), Paulo Marinho (Ita\u00fa Unibanco) e Suzel Figueiredo (Ideafix).<\/p>\n<p>&nbsp;<\/p>\n<p><strong>T\u00edtulo: <\/strong>Cadernos de Comunica\u00e7\u00e3o Estrat\u00e9gica V.4<\/p>\n<p><strong>Ano<\/strong>: 2014<\/p>\n","protected":false},"excerpt":{"rendered":"<p>O quarto volume dos Cadernos de Comunica\u00e7\u00e3o Estrat\u00e9gica registra um debate especializado sobre o amadurecimento estrat\u00e9gico da mensura\u00e7\u00e3o na comunica\u00e7\u00e3o empresarial brasileira. Antigamente considerada como algo intang\u00edvel, cada vez mais a comunica\u00e7\u00e3o empresarial caminha a largos passos para a busca de sua assimila\u00e7\u00e3o e an\u00e1lise que permitam gerar valor para os neg\u00f3cios e inflar em &hellip; <a href=\"https:\/\/www.aberje.com.br\/editora\/livro\/cadernos-de-comunicacao-estrategica-v-4\/\" class=\"more-link\">Continuar lendo <span class=\"screen-reader-text\">Cadernos de Comunica\u00e7\u00e3o Estrat\u00e9gica V.4<\/span><\/a><\/p>\n","protected":false},"featured_media":42583,"template":"","meta":{"_acf_changed":false},"product_brand":[],"product_cat":[54,80],"product_tag":[],"class_list":{"0":"post-42582","1":"product","2":"type-product","3":"status-publish","4":"has-post-thumbnail","6":"product_cat-livros-aberje","7":"product_cat-todos","8":"product_shipping_class-frete-economico","10":"first","11":"outofstock","12":"shipping-taxable","13":"purchasable","14":"product-type-simple"},"acf":[],"_links":{"self":[{"href":"https:\/\/www.aberje.com.br\/editora\/wp-json\/wp\/v2\/product\/42582","targetHints":{"allow":["GET"]}}],"collection":[{"href":"https:\/\/www.aberje.com.br\/editora\/wp-json\/wp\/v2\/product"}],"about":[{"href":"https:\/\/www.aberje.com.br\/editora\/wp-json\/wp\/v2\/types\/product"}],"wp:featuredmedia":[{"embeddable":true,"href":"https:\/\/www.aberje.com.br\/editora\/wp-json\/wp\/v2\/media\/42583"}],"wp:attachment":[{"href":"https:\/\/www.aberje.com.br\/editora\/wp-json\/wp\/v2\/media?parent=42582"}],"wp:term":[{"taxonomy":"product_brand","embeddable":true,"href":"https:\/\/www.aberje.com.br\/editora\/wp-json\/wp\/v2\/product_brand?post=42582"},{"taxonomy":"product_cat","embeddable":true,"href":"https:\/\/www.aberje.com.br\/editora\/wp-json\/wp\/v2\/product_cat?post=42582"},{"taxonomy":"product_tag","embeddable":true,"href":"https:\/\/www.aberje.com.br\/editora\/wp-json\/wp\/v2\/product_tag?post=42582"}],"curies":[{"name":"wp","href":"https:\/\/api.w.org\/{rel}","templated":true}]}}