{"id":42580,"date":"2020-09-04T10:54:21","date_gmt":"2020-09-04T13:54:21","guid":{"rendered":"https:\/\/aberje.com.br\/editora\/?post_type=product&#038;p=42580"},"modified":"2023-09-13T09:02:56","modified_gmt":"2023-09-13T12:02:56","slug":"reconhecimento-que-gera-valor-premio-aberje-2014","status":"publish","type":"product","link":"https:\/\/www.aberje.com.br\/editora\/livro\/reconhecimento-que-gera-valor-premio-aberje-2014\/","title":{"rendered":"Reconhecimento que gera valor: Pr\u00eamio Aberje 2014"},"content":{"rendered":"<p>O livro \u201cPr\u00eamio Aberje 2014: Reconhecimento que gera valor\u201d \u00e9 o terceiro da s\u00e9rie que consolida o processo de reconhecimento, relacionamento, educa\u00e7\u00e3o e gest\u00e3o do conhecimento a partir das pr\u00e1ticas de excel\u00eancia e dos profissionais de destaque da \u00e1rea de Comunica\u00e7\u00e3o Empresarial Brasileira. Organizando o conte\u00fado da premia\u00e7\u00e3o mais importante para os tomadores de decis\u00e3o em Comunica\u00e7\u00e3o no Pa\u00eds, segundo o Mapa da Comunica\u00e7\u00e3o Brasileira, o livro abre espa\u00e7o para os inquietos e seus projetos inspiradores; promove a abund\u00e2ncia, onde o que um realiza potencializa os profissionais e o campo e promove acesso a esses espa\u00e7os, saberes e \u00e0s pessoas que os promovem. Com pref\u00e1cio do Presidente da Aberje e Professor Livre-Docente da ECA-USP, Paulo Nassar, e orelha do ombudsman do Pr\u00eamio Aberje, Roberto de Castro Neves, o livro traz, ainda, os artigos de Artur Grynbaum, Presidente do Grupo Botic\u00e1rio, apresentando as estrat\u00e9gias de sucesso da \u201cEmpresa do Ano\u201d; a precisa leitura da realidade e das perspectivas do Professor Doutor da Universidade de S\u00e3o Paulo e Diretor Acad\u00eamico das Escolas de Comunica\u00e7\u00e3o da Universidade Anhembi Morumbi, Luiz Alberto de Farias, homenageado na categoria \u201cEducador do Ano\u201d; e entrevistas exclusivas com os dez premiados na categoria Comunicadores do Ano.<\/p>\n<p><strong>T\u00edtulo:\u00a0<\/strong>Reconhecimento que gera valor: Pr\u00eamio Aberje 2014<\/p>\n<p><strong>Ano:<\/strong> 2015<\/p>\n","protected":false},"excerpt":{"rendered":"<p>O livro \u201cPr\u00eamio Aberje 2014: Reconhecimento que gera valor\u201d \u00e9 o terceiro da s\u00e9rie que consolida o processo de reconhecimento, relacionamento, educa\u00e7\u00e3o e gest\u00e3o do conhecimento a partir das pr\u00e1ticas de excel\u00eancia e dos profissionais de destaque da \u00e1rea de Comunica\u00e7\u00e3o Empresarial Brasileira. Organizando o conte\u00fado da premia\u00e7\u00e3o mais importante para os tomadores de decis\u00e3o &hellip; <a href=\"https:\/\/www.aberje.com.br\/editora\/livro\/reconhecimento-que-gera-valor-premio-aberje-2014\/\" class=\"more-link\">Continuar lendo <span class=\"screen-reader-text\">Reconhecimento que gera valor: Pr\u00eamio Aberje 2014<\/span><\/a><\/p>\n","protected":false},"featured_media":42581,"template":"","meta":{"_acf_changed":false},"product_brand":[],"product_cat":[60,54,80],"product_tag":[],"class_list":{"0":"post-42580","1":"product","2":"type-product","3":"status-publish","4":"has-post-thumbnail","6":"product_cat-colecao-premio-aberje","7":"product_cat-livros-aberje","8":"product_cat-todos","9":"product_shipping_class-frete-economico","11":"first","12":"outofstock","13":"shipping-taxable","14":"purchasable","15":"product-type-simple"},"acf":[],"_links":{"self":[{"href":"https:\/\/www.aberje.com.br\/editora\/wp-json\/wp\/v2\/product\/42580","targetHints":{"allow":["GET"]}}],"collection":[{"href":"https:\/\/www.aberje.com.br\/editora\/wp-json\/wp\/v2\/product"}],"about":[{"href":"https:\/\/www.aberje.com.br\/editora\/wp-json\/wp\/v2\/types\/product"}],"wp:featuredmedia":[{"embeddable":true,"href":"https:\/\/www.aberje.com.br\/editora\/wp-json\/wp\/v2\/media\/42581"}],"wp:attachment":[{"href":"https:\/\/www.aberje.com.br\/editora\/wp-json\/wp\/v2\/media?parent=42580"}],"wp:term":[{"taxonomy":"product_brand","embeddable":true,"href":"https:\/\/www.aberje.com.br\/editora\/wp-json\/wp\/v2\/product_brand?post=42580"},{"taxonomy":"product_cat","embeddable":true,"href":"https:\/\/www.aberje.com.br\/editora\/wp-json\/wp\/v2\/product_cat?post=42580"},{"taxonomy":"product_tag","embeddable":true,"href":"https:\/\/www.aberje.com.br\/editora\/wp-json\/wp\/v2\/product_tag?post=42580"}],"curies":[{"name":"wp","href":"https:\/\/api.w.org\/{rel}","templated":true}]}}