{"id":42578,"date":"2020-09-04T10:45:07","date_gmt":"2020-09-04T13:45:07","guid":{"rendered":"https:\/\/aberje.com.br\/editora\/?post_type=product&#038;p=42578"},"modified":"2023-09-13T09:02:57","modified_gmt":"2023-09-13T12:02:57","slug":"reconhecimento-que-gera-valor-premio-aberje-2015","status":"publish","type":"product","link":"https:\/\/www.aberje.com.br\/editora\/livro\/reconhecimento-que-gera-valor-premio-aberje-2015\/","title":{"rendered":"Reconhecimento que gera valor: Pr\u00eamio Aberje 2015"},"content":{"rendered":"<p>O livro \u201cPr\u00eamio Aberje 2015: Reconhecimento que gera valor\u201d \u00e9 o quarto da s\u00e9rie que consolida o processo de reconhecimento de profissionais e de organiza\u00e7\u00f5es no campo da comunica\u00e7\u00e3o empresarial brasileira, a partir das pr\u00e1ticas de excel\u00eancia. A obra abre espa\u00e7o para os principais insights de cases finalistas em 17 categorias da 40\u00aa edi\u00e7\u00e3o do Pr\u00eamio Aberje, em suas cinco regionais, com um panorama da estrat\u00e9gia relacional com diferentes stakeholders.<br \/>\nCom pref\u00e1cio do Diretor-Presidente da Aberje e Professor Livre-Docente da ECA-USP, Paulo Nassar, e orelha do jornalista e radialista Milton Jung, traz ainda apresenta\u00e7\u00e3o por Roberto de Castro Neves, Ombudsman do Pr\u00eamio, e divulga as motiva\u00e7\u00f5es de pr\u00eamios especiais como \u201cEmpresa do Ano em Comunica\u00e7\u00e3o Empresarial\u201d; \u201cEducador do Ano\u201d e \u201cTrajet\u00f3ria do Ano\u201d. A nominata do corpo de jurados e da governan\u00e7a corporativa da entidade, junto com entrevistas exclusivas com os dez premiados na categoria Comunicadores do Ano, finalizam o conte\u00fado.<\/p>\n<p>&nbsp;<\/p>\n<p><strong>T\u00edtulo:\u00a0<\/strong>Reconhecimento que gera valor: Pr\u00eamio Aberje 2015<\/p>\n<p><strong>Ano<\/strong>: 2016<\/p>\n","protected":false},"excerpt":{"rendered":"<p>O livro \u201cPr\u00eamio Aberje 2015: Reconhecimento que gera valor\u201d \u00e9 o quarto da s\u00e9rie que consolida o processo de reconhecimento de profissionais e de organiza\u00e7\u00f5es no campo da comunica\u00e7\u00e3o empresarial brasileira, a partir das pr\u00e1ticas de excel\u00eancia. A obra abre espa\u00e7o para os principais insights de cases finalistas em 17 categorias da 40\u00aa edi\u00e7\u00e3o do &hellip; <a href=\"https:\/\/www.aberje.com.br\/editora\/livro\/reconhecimento-que-gera-valor-premio-aberje-2015\/\" class=\"more-link\">Continuar lendo <span class=\"screen-reader-text\">Reconhecimento que gera valor: Pr\u00eamio Aberje 2015<\/span><\/a><\/p>\n","protected":false},"featured_media":42579,"template":"","meta":{"_acf_changed":false},"product_brand":[],"product_cat":[60,54,80],"product_tag":[],"class_list":{"0":"post-42578","1":"product","2":"type-product","3":"status-publish","4":"has-post-thumbnail","6":"product_cat-colecao-premio-aberje","7":"product_cat-livros-aberje","8":"product_cat-todos","9":"product_shipping_class-frete-economico","11":"first","12":"outofstock","13":"shipping-taxable","14":"purchasable","15":"product-type-simple"},"acf":[],"_links":{"self":[{"href":"https:\/\/www.aberje.com.br\/editora\/wp-json\/wp\/v2\/product\/42578","targetHints":{"allow":["GET"]}}],"collection":[{"href":"https:\/\/www.aberje.com.br\/editora\/wp-json\/wp\/v2\/product"}],"about":[{"href":"https:\/\/www.aberje.com.br\/editora\/wp-json\/wp\/v2\/types\/product"}],"wp:featuredmedia":[{"embeddable":true,"href":"https:\/\/www.aberje.com.br\/editora\/wp-json\/wp\/v2\/media\/42579"}],"wp:attachment":[{"href":"https:\/\/www.aberje.com.br\/editora\/wp-json\/wp\/v2\/media?parent=42578"}],"wp:term":[{"taxonomy":"product_brand","embeddable":true,"href":"https:\/\/www.aberje.com.br\/editora\/wp-json\/wp\/v2\/product_brand?post=42578"},{"taxonomy":"product_cat","embeddable":true,"href":"https:\/\/www.aberje.com.br\/editora\/wp-json\/wp\/v2\/product_cat?post=42578"},{"taxonomy":"product_tag","embeddable":true,"href":"https:\/\/www.aberje.com.br\/editora\/wp-json\/wp\/v2\/product_tag?post=42578"}],"curies":[{"name":"wp","href":"https:\/\/api.w.org\/{rel}","templated":true}]}}