{"id":42576,"date":"2020-09-04T10:42:05","date_gmt":"2020-09-04T13:42:05","guid":{"rendered":"https:\/\/aberje.com.br\/editora\/?post_type=product&#038;p=42576"},"modified":"2023-09-13T09:02:58","modified_gmt":"2023-09-13T12:02:58","slug":"gestao-de-reputacao-riscos-crise-e-imagem-corporativa","status":"publish","type":"product","link":"https:\/\/www.aberje.com.br\/editora\/livro\/gestao-de-reputacao-riscos-crise-e-imagem-corporativa\/","title":{"rendered":"Gest\u00e3o de reputa\u00e7\u00e3o: riscos, crise e imagem corporativa"},"content":{"rendered":"<p>No livro \u201cGest\u00e3o de reputa\u00e7\u00e3o: riscos e imagem corporativa\u201d, a autora e organizadora Elisa Prado reuniu\u00a023 profissionais experientes de comunica\u00e7\u00e3o corporativa, discutindo sobre\u00a0metodologias e li\u00e7\u00f5es que aprenderam ao longo dos anos sobre crises de reputa\u00e7\u00e3o e imagem.\u00a0Os autores abordam diversos assuntos que dialogam com a gest\u00e3o de reputa\u00e7\u00e3o, tais como mensura\u00e7\u00e3o, sustentabilidade, redes sociais, \u00e9tica e\u00a0<em>compliance<\/em>, rela\u00e7\u00f5es governamentais, entre outros.<\/p>\n<p><strong>T\u00edtulo:<\/strong> Gest\u00e3o de reputa\u00e7\u00e3o: riscos, crise e imagem corporativa<\/p>\n<p><span class=\"autor-livro text-curador blue surveyor\"><b>Autora: <\/b>Elisa Prado<\/span><\/p>\n<p><span class=\"autor-livro text-curador blue surveyor\"><b>Ano: <\/b><\/span>2017<\/p>\n","protected":false},"excerpt":{"rendered":"<p>No livro \u201cGest\u00e3o de reputa\u00e7\u00e3o: riscos e imagem corporativa\u201d, a autora e organizadora Elisa Prado reuniu\u00a023 profissionais experientes de comunica\u00e7\u00e3o corporativa, discutindo sobre\u00a0metodologias e li\u00e7\u00f5es que aprenderam ao longo dos anos sobre crises de reputa\u00e7\u00e3o e imagem.\u00a0Os autores abordam diversos assuntos que dialogam com a gest\u00e3o de reputa\u00e7\u00e3o, tais como mensura\u00e7\u00e3o, sustentabilidade, redes sociais, \u00e9tica &hellip; <a href=\"https:\/\/www.aberje.com.br\/editora\/livro\/gestao-de-reputacao-riscos-crise-e-imagem-corporativa\/\" class=\"more-link\">Continuar lendo <span class=\"screen-reader-text\">Gest\u00e3o de reputa\u00e7\u00e3o: riscos, crise e imagem corporativa<\/span><\/a><\/p>\n","protected":false},"featured_media":42577,"template":"","meta":{"_acf_changed":false},"product_brand":[],"product_cat":[57,54,62,80],"product_tag":[],"class_list":{"0":"post-42576","1":"product","2":"type-product","3":"status-publish","4":"has-post-thumbnail","6":"product_cat-ebooks","7":"product_cat-livros-aberje","8":"product_cat-reputacao","9":"product_cat-todos","10":"product_shipping_class-frete-economico","12":"first","13":"outofstock","14":"shipping-taxable","15":"purchasable","16":"product-type-simple"},"acf":[],"_links":{"self":[{"href":"https:\/\/www.aberje.com.br\/editora\/wp-json\/wp\/v2\/product\/42576","targetHints":{"allow":["GET"]}}],"collection":[{"href":"https:\/\/www.aberje.com.br\/editora\/wp-json\/wp\/v2\/product"}],"about":[{"href":"https:\/\/www.aberje.com.br\/editora\/wp-json\/wp\/v2\/types\/product"}],"wp:featuredmedia":[{"embeddable":true,"href":"https:\/\/www.aberje.com.br\/editora\/wp-json\/wp\/v2\/media\/42577"}],"wp:attachment":[{"href":"https:\/\/www.aberje.com.br\/editora\/wp-json\/wp\/v2\/media?parent=42576"}],"wp:term":[{"taxonomy":"product_brand","embeddable":true,"href":"https:\/\/www.aberje.com.br\/editora\/wp-json\/wp\/v2\/product_brand?post=42576"},{"taxonomy":"product_cat","embeddable":true,"href":"https:\/\/www.aberje.com.br\/editora\/wp-json\/wp\/v2\/product_cat?post=42576"},{"taxonomy":"product_tag","embeddable":true,"href":"https:\/\/www.aberje.com.br\/editora\/wp-json\/wp\/v2\/product_tag?post=42576"}],"curies":[{"name":"wp","href":"https:\/\/api.w.org\/{rel}","templated":true}]}}