{"id":42574,"date":"2020-09-04T10:36:29","date_gmt":"2020-09-04T13:36:29","guid":{"rendered":"https:\/\/aberje.com.br\/editora\/?post_type=product&#038;p=42574"},"modified":"2023-09-13T09:02:59","modified_gmt":"2023-09-13T12:02:59","slug":"reconhecimento-que-gera-valor-premio-aberje-2016","status":"publish","type":"product","link":"https:\/\/www.aberje.com.br\/editora\/livro\/reconhecimento-que-gera-valor-premio-aberje-2016\/","title":{"rendered":"Reconhecimento que gera valor: Pr\u00eamio Aberje 2016"},"content":{"rendered":"<p>O livro \u201cReconhecimento que gera valor: Pr\u00eamio Aberje 2016\u201d \u00e9 o quinto da cole\u00e7\u00e3o, que consolida o trabalho de reconhecer os profissionais e as organiza\u00e7\u00f5es no campo da comunica\u00e7\u00e3o empresarial brasileira, a partir das pr\u00e1ticas de excel\u00eancia. A obra \u00e9 uma colet\u00e2nea das hist\u00f3rias dos 56 cases vencedores regionais e nacionais do 42\u00ba Pr\u00eamio Aberje, em suas 17 categorias. Al\u00e9m disso, o livro traz entrevistas exclusivas com os dez grandes profissionais reconhecidos na categoria Comunicadores do Ano.<\/p>\n<p>&nbsp;<\/p>\n<p><strong>T\u00edtulo:<\/strong> Reconhecimento que gera valor: Pr\u00eamio Aberje 2016<\/p>\n<p><strong>Ano: <\/strong>2017<\/p>\n","protected":false},"excerpt":{"rendered":"<p>O livro \u201cReconhecimento que gera valor: Pr\u00eamio Aberje 2016\u201d \u00e9 o quinto da cole\u00e7\u00e3o, que consolida o trabalho de reconhecer os profissionais e as organiza\u00e7\u00f5es no campo da comunica\u00e7\u00e3o empresarial brasileira, a partir das pr\u00e1ticas de excel\u00eancia. A obra \u00e9 uma colet\u00e2nea das hist\u00f3rias dos 56 cases vencedores regionais e nacionais do 42\u00ba Pr\u00eamio Aberje, &hellip; <a href=\"https:\/\/www.aberje.com.br\/editora\/livro\/reconhecimento-que-gera-valor-premio-aberje-2016\/\" class=\"more-link\">Continuar lendo <span class=\"screen-reader-text\">Reconhecimento que gera valor: Pr\u00eamio Aberje 2016<\/span><\/a><\/p>\n","protected":false},"featured_media":42575,"template":"","meta":{"_acf_changed":false},"product_brand":[],"product_cat":[60,54,80],"product_tag":[],"class_list":{"0":"post-42574","1":"product","2":"type-product","3":"status-publish","4":"has-post-thumbnail","6":"product_cat-colecao-premio-aberje","7":"product_cat-livros-aberje","8":"product_cat-todos","9":"product_shipping_class-frete-economico","11":"first","12":"outofstock","13":"shipping-taxable","14":"purchasable","15":"product-type-simple"},"acf":[],"_links":{"self":[{"href":"https:\/\/www.aberje.com.br\/editora\/wp-json\/wp\/v2\/product\/42574","targetHints":{"allow":["GET"]}}],"collection":[{"href":"https:\/\/www.aberje.com.br\/editora\/wp-json\/wp\/v2\/product"}],"about":[{"href":"https:\/\/www.aberje.com.br\/editora\/wp-json\/wp\/v2\/types\/product"}],"wp:featuredmedia":[{"embeddable":true,"href":"https:\/\/www.aberje.com.br\/editora\/wp-json\/wp\/v2\/media\/42575"}],"wp:attachment":[{"href":"https:\/\/www.aberje.com.br\/editora\/wp-json\/wp\/v2\/media?parent=42574"}],"wp:term":[{"taxonomy":"product_brand","embeddable":true,"href":"https:\/\/www.aberje.com.br\/editora\/wp-json\/wp\/v2\/product_brand?post=42574"},{"taxonomy":"product_cat","embeddable":true,"href":"https:\/\/www.aberje.com.br\/editora\/wp-json\/wp\/v2\/product_cat?post=42574"},{"taxonomy":"product_tag","embeddable":true,"href":"https:\/\/www.aberje.com.br\/editora\/wp-json\/wp\/v2\/product_tag?post=42574"}],"curies":[{"name":"wp","href":"https:\/\/api.w.org\/{rel}","templated":true}]}}