{"id":42572,"date":"2020-09-04T10:33:22","date_gmt":"2020-09-04T13:33:22","guid":{"rendered":"https:\/\/aberje.com.br\/editora\/?post_type=product&#038;p=42572"},"modified":"2023-09-13T09:03:01","modified_gmt":"2023-09-13T12:03:01","slug":"a-noticia-relevante","status":"publish","type":"product","link":"https:\/\/www.aberje.com.br\/editora\/livro\/a-noticia-relevante\/","title":{"rendered":"A Not\u00edcia Relevante"},"content":{"rendered":"<p>Em \u201cA Not\u00edcia Relevante\u201d, Ibiapaba Netto fala do embate que existe entre os dois lados da produ\u00e7\u00e3o da not\u00edcia: as reda\u00e7\u00f5es jornal\u00edsticas e os \u201cprovedores\u201d de informa\u00e7\u00e3o \u2013 sejam eles assessores de imprensa ou porta-vozes das corpora\u00e7\u00f5es. O autor mostra de forma descomplicada e bem-humorada onde est\u00e3o os n\u00f3s nesse relacionamento e como desfaz\u00ea-los, contando \u00a0casos reais para ilustrar suas ideias. Como \u00e9 a conviv\u00eancia entre fonte e jornalista, quais s\u00e3o os \u201cpecados capitais\u201d na rela\u00e7\u00e3o com a imprensa, qual o papel das assessorias, s\u00e3o alguns temas dessa obra.<\/p>\n<p><strong>T\u00edtulo:<\/strong> A Not\u00edcia Relevante: um guia para as empresas entenderem o processo de decis\u00e3o nas reda\u00e7\u00f5es<\/p>\n<p><span class=\"autor-livro text-curador blue surveyor\"><b>Autor:\u00a0<\/b>Ibiapaba Netto<\/span><\/p>\n<p><strong>Ano: <\/strong>2017<\/p>\n","protected":false},"excerpt":{"rendered":"<p>Em \u201cA Not\u00edcia Relevante\u201d, Ibiapaba Netto fala do embate que existe entre os dois lados da produ\u00e7\u00e3o da not\u00edcia: as reda\u00e7\u00f5es jornal\u00edsticas e os \u201cprovedores\u201d de informa\u00e7\u00e3o \u2013 sejam eles assessores de imprensa ou porta-vozes das corpora\u00e7\u00f5es. O autor mostra de forma descomplicada e bem-humorada onde est\u00e3o os n\u00f3s nesse relacionamento e como desfaz\u00ea-los, contando &hellip; <a href=\"https:\/\/www.aberje.com.br\/editora\/livro\/a-noticia-relevante\/\" class=\"more-link\">Continuar lendo <span class=\"screen-reader-text\">A Not\u00edcia Relevante<\/span><\/a><\/p>\n","protected":false},"featured_media":42573,"template":"","meta":{"_acf_changed":false},"product_brand":[],"product_cat":[54,80],"product_tag":[],"class_list":{"0":"post-42572","1":"product","2":"type-product","3":"status-publish","4":"has-post-thumbnail","6":"product_cat-livros-aberje","7":"product_cat-todos","8":"product_shipping_class-frete-economico","10":"first","11":"outofstock","12":"shipping-taxable","13":"purchasable","14":"product-type-simple"},"acf":[],"_links":{"self":[{"href":"https:\/\/www.aberje.com.br\/editora\/wp-json\/wp\/v2\/product\/42572","targetHints":{"allow":["GET"]}}],"collection":[{"href":"https:\/\/www.aberje.com.br\/editora\/wp-json\/wp\/v2\/product"}],"about":[{"href":"https:\/\/www.aberje.com.br\/editora\/wp-json\/wp\/v2\/types\/product"}],"wp:featuredmedia":[{"embeddable":true,"href":"https:\/\/www.aberje.com.br\/editora\/wp-json\/wp\/v2\/media\/42573"}],"wp:attachment":[{"href":"https:\/\/www.aberje.com.br\/editora\/wp-json\/wp\/v2\/media?parent=42572"}],"wp:term":[{"taxonomy":"product_brand","embeddable":true,"href":"https:\/\/www.aberje.com.br\/editora\/wp-json\/wp\/v2\/product_brand?post=42572"},{"taxonomy":"product_cat","embeddable":true,"href":"https:\/\/www.aberje.com.br\/editora\/wp-json\/wp\/v2\/product_cat?post=42572"},{"taxonomy":"product_tag","embeddable":true,"href":"https:\/\/www.aberje.com.br\/editora\/wp-json\/wp\/v2\/product_tag?post=42572"}],"curies":[{"name":"wp","href":"https:\/\/api.w.org\/{rel}","templated":true}]}}