{"id":42567,"date":"2020-09-04T10:17:09","date_gmt":"2020-09-04T13:17:09","guid":{"rendered":"https:\/\/aberje.com.br\/editora\/?post_type=product&#038;p=42567"},"modified":"2023-09-13T09:03:03","modified_gmt":"2023-09-13T12:03:03","slug":"premio-aberje-2018-reconhecimento-que-gera-valor","status":"publish","type":"product","link":"https:\/\/www.aberje.com.br\/editora\/livro\/premio-aberje-2018-reconhecimento-que-gera-valor\/","title":{"rendered":"Reconhecimento que Gera Valor: Pr\u00eamio Aberje 2018"},"content":{"rendered":"<p>O livro \u201cReconhecimento que gera valor: Pr\u00eamio Aberje 2018\u201d compila uma verdadeira jornada dos profissionais de comunica\u00e7\u00e3o Corporativa no Brasil, que t\u00eam a responsabilidade de promover o di\u00e1logo e o relacionamento entre as marcas e seus p\u00fablicos. A obra re\u00fane os 63 cases vencedores do Pr\u00eamio Aberje 2018, que tem como objetivo refor\u00e7ar a import\u00e2ncia da comunica\u00e7\u00e3o para potencializar os neg\u00f3cios e intensificar a for\u00e7a institucional das organiza\u00e7\u00f5es, seus valores, seus prop\u00f3sitos e suas marcas.<\/p>\n<p>&nbsp;<\/p>\n<p><strong>T\u00edtulo: <\/strong>Pr\u00eamio Aberje 2018: Reconhecimento que Gera Valor<\/p>\n<p><strong>Ano:<\/strong> 2019<\/p>\n","protected":false},"excerpt":{"rendered":"<p>O livro \u201cReconhecimento que gera valor: Pr\u00eamio Aberje 2018\u201d compila uma verdadeira jornada dos profissionais de comunica\u00e7\u00e3o Corporativa no Brasil, que t\u00eam a responsabilidade de promover o di\u00e1logo e o relacionamento entre as marcas e seus p\u00fablicos. A obra re\u00fane os 63 cases vencedores do Pr\u00eamio Aberje 2018, que tem como objetivo refor\u00e7ar a import\u00e2ncia &hellip; <a href=\"https:\/\/www.aberje.com.br\/editora\/livro\/premio-aberje-2018-reconhecimento-que-gera-valor\/\" class=\"more-link\">Continuar lendo <span class=\"screen-reader-text\">Reconhecimento que Gera Valor: Pr\u00eamio Aberje 2018<\/span><\/a><\/p>\n","protected":false},"featured_media":42568,"template":"","meta":{"_acf_changed":false},"product_brand":[],"product_cat":[60,54,80],"product_tag":[],"class_list":{"0":"post-42567","1":"product","2":"type-product","3":"status-publish","4":"has-post-thumbnail","6":"product_cat-colecao-premio-aberje","7":"product_cat-livros-aberje","8":"product_cat-todos","9":"product_shipping_class-frete-economico","11":"first","12":"outofstock","13":"shipping-taxable","14":"purchasable","15":"product-type-simple"},"acf":[],"_links":{"self":[{"href":"https:\/\/www.aberje.com.br\/editora\/wp-json\/wp\/v2\/product\/42567","targetHints":{"allow":["GET"]}}],"collection":[{"href":"https:\/\/www.aberje.com.br\/editora\/wp-json\/wp\/v2\/product"}],"about":[{"href":"https:\/\/www.aberje.com.br\/editora\/wp-json\/wp\/v2\/types\/product"}],"wp:featuredmedia":[{"embeddable":true,"href":"https:\/\/www.aberje.com.br\/editora\/wp-json\/wp\/v2\/media\/42568"}],"wp:attachment":[{"href":"https:\/\/www.aberje.com.br\/editora\/wp-json\/wp\/v2\/media?parent=42567"}],"wp:term":[{"taxonomy":"product_brand","embeddable":true,"href":"https:\/\/www.aberje.com.br\/editora\/wp-json\/wp\/v2\/product_brand?post=42567"},{"taxonomy":"product_cat","embeddable":true,"href":"https:\/\/www.aberje.com.br\/editora\/wp-json\/wp\/v2\/product_cat?post=42567"},{"taxonomy":"product_tag","embeddable":true,"href":"https:\/\/www.aberje.com.br\/editora\/wp-json\/wp\/v2\/product_tag?post=42567"}],"curies":[{"name":"wp","href":"https:\/\/api.w.org\/{rel}","templated":true}]}}