{"id":41709,"date":"2020-08-17T16:48:47","date_gmt":"2020-08-17T19:48:47","guid":{"rendered":"https:\/\/aberje.com.br\/editora\/?post_type=product&#038;p=41709"},"modified":"2025-09-10T19:38:43","modified_gmt":"2025-09-10T22:38:43","slug":"relacoes-publicas-na-construcao-da-responsabilidade-historica-e-no-resgate-da-memoria-institucional-das-organizacoes","status":"publish","type":"product","link":"https:\/\/www.aberje.com.br\/editora\/livro\/relacoes-publicas-na-construcao-da-responsabilidade-historica-e-no-resgate-da-memoria-institucional-das-organizacoes\/","title":{"rendered":"Rela\u00e7\u00f5es p\u00fablicas na constru\u00e7\u00e3o da responsabilidade hist\u00f3rica e no resgate da mem\u00f3ria institucional das organiza\u00e7\u00f5es"},"content":{"rendered":"<p>Esse \u00e9 um livro extremamente \u00fatil n\u00e3o s\u00f3 para o pesquisador acad\u00eamico, mas tamb\u00e9m para o profissional de comunica\u00e7\u00e3o. Possui o grande m\u00e9rito de reunir ao mesmo tempo, fundamentos conceituais sobre um tema ainda pouco estudado no Brasil e, de registrar experi\u00eancias de empresas que j\u00e1 perceberam a relev\u00e2ncia de investirem em projetos de recupera\u00e7\u00e3o e preserva\u00e7\u00e3o da sua hist\u00f3ria. Mostra, num texto preciso e agrad\u00e1vel, a import\u00e2ncia do processo de autoconhecimento das organiza\u00e7\u00f5es, que n\u00e3o s\u00f3 promove o entendimento de suas origens e sinaliza caminhos para seu futuro, mas, principalmente, pontua sua responsabilidade e registra seu legado para a pr\u00f3pria hist\u00f3ria do pa\u00eds.<\/p>\n<p>&nbsp;<\/p>\n<p><strong>T\u00edtulo: <\/strong>Rela\u00e7\u00f5es p\u00fablicas na constru\u00e7\u00e3o da responsabilidade hist\u00f3rica e no resgate da mem\u00f3ria institucional das organiza\u00e7\u00f5es<\/p>\n<p><strong>Autor:<\/strong> Paulo Nassar<br \/>\n<strong>Editora:<\/strong> Difus\u00e3o Editora<\/p>\n<p><strong>Ano:<\/strong> 2012<\/p>\n","protected":false},"excerpt":{"rendered":"<p>Esse \u00e9 um livro extremamente \u00fatil n\u00e3o s\u00f3 para o pesquisador acad\u00eamico, mas tamb\u00e9m para o profissional de comunica\u00e7\u00e3o. Possui o grande m\u00e9rito de reunir ao mesmo tempo, fundamentos conceituais sobre um tema ainda pouco estudado no Brasil e, de registrar experi\u00eancias de empresas que j\u00e1 perceberam a relev\u00e2ncia de investirem em projetos de recupera\u00e7\u00e3o &hellip; <a href=\"https:\/\/www.aberje.com.br\/editora\/livro\/relacoes-publicas-na-construcao-da-responsabilidade-historica-e-no-resgate-da-memoria-institucional-das-organizacoes\/\" class=\"more-link\">Continuar lendo <span class=\"screen-reader-text\">Rela\u00e7\u00f5es p\u00fablicas na constru\u00e7\u00e3o da responsabilidade hist\u00f3rica e no resgate da mem\u00f3ria institucional das organiza\u00e7\u00f5es<\/span><\/a><\/p>\n","protected":false},"featured_media":41710,"template":"","meta":{"_acf_changed":false},"product_brand":[],"product_cat":[54,80],"product_tag":[],"class_list":{"0":"post-41709","1":"product","2":"type-product","3":"status-publish","4":"has-post-thumbnail","6":"product_cat-livros-aberje","7":"product_cat-todos","8":"product_shipping_class-frete-economico","10":"first","11":"instock","12":"shipping-taxable","13":"purchasable","14":"product-type-simple"},"acf":[],"_links":{"self":[{"href":"https:\/\/www.aberje.com.br\/editora\/wp-json\/wp\/v2\/product\/41709","targetHints":{"allow":["GET"]}}],"collection":[{"href":"https:\/\/www.aberje.com.br\/editora\/wp-json\/wp\/v2\/product"}],"about":[{"href":"https:\/\/www.aberje.com.br\/editora\/wp-json\/wp\/v2\/types\/product"}],"wp:featuredmedia":[{"embeddable":true,"href":"https:\/\/www.aberje.com.br\/editora\/wp-json\/wp\/v2\/media\/41710"}],"wp:attachment":[{"href":"https:\/\/www.aberje.com.br\/editora\/wp-json\/wp\/v2\/media?parent=41709"}],"wp:term":[{"taxonomy":"product_brand","embeddable":true,"href":"https:\/\/www.aberje.com.br\/editora\/wp-json\/wp\/v2\/product_brand?post=41709"},{"taxonomy":"product_cat","embeddable":true,"href":"https:\/\/www.aberje.com.br\/editora\/wp-json\/wp\/v2\/product_cat?post=41709"},{"taxonomy":"product_tag","embeddable":true,"href":"https:\/\/www.aberje.com.br\/editora\/wp-json\/wp\/v2\/product_tag?post=41709"}],"curies":[{"name":"wp","href":"https:\/\/api.w.org\/{rel}","templated":true}]}}