{"id":41707,"date":"2020-08-17T16:46:44","date_gmt":"2020-08-17T19:46:44","guid":{"rendered":"https:\/\/aberje.com.br\/editora\/?post_type=product&#038;p=41707"},"modified":"2024-12-01T00:24:05","modified_gmt":"2024-12-01T03:24:05","slug":"comunicacao-interna-a-forca-das-empresas-v-4","status":"publish","type":"product","link":"https:\/\/www.aberje.com.br\/editora\/livro\/comunicacao-interna-a-forca-das-empresas-v-4\/","title":{"rendered":"Comunica\u00e7\u00e3o Interna: a for\u00e7a das empresas V.4"},"content":{"rendered":"<p>O quarto volume do livro &#8220;Comunica\u00e7\u00e3o Interna &#8211; A for\u00e7a das empresas&#8221; \u00e9 integrado por 12 artigos de executivos de mercado, muitos com s\u00f3lida forma\u00e7\u00e3o acad\u00eamica, o livro procura mostrar a diversidade de desafios do setor e dos profissionais, sobremaneira no trato com cidad\u00e3os mais propositivos e engajados na condu\u00e7\u00e3o de suas carreiras e de suas vidas em sociedade, para os quais o est\u00edmulo ao di\u00e1logo e \u00e0 colabora\u00e7\u00e3o \u00e9 fundamental. As reflex\u00f5es s\u00e3o assinadas por Jos\u00e9 Tolovi J\u00fanior, Karen Cavalcanti, L\u00e9lio Lauretti, Leny Kyrillos, Olga Curado, Pollyana Ferrari, Selma Santa Cruz, Elisa Prado, Gilberto Galan, Paulo Henrique Soares, Renato Janine Ribeiro e Eloi Zanetti.<\/p>\n<p>&nbsp;<\/p>\n<p><strong>T\u00edtulo: <\/strong>Comunica\u00e7\u00e3o Interna: a for\u00e7a das empresas V.4<\/p>\n<p><strong>Autor:<\/strong> Paulo Nassar<\/p>\n<p><strong>Ano: <\/strong>2008<\/p>\n","protected":false},"excerpt":{"rendered":"<p>O quarto volume do livro &#8220;Comunica\u00e7\u00e3o Interna &#8211; A for\u00e7a das empresas&#8221; \u00e9 integrado por 12 artigos de executivos de mercado, muitos com s\u00f3lida forma\u00e7\u00e3o acad\u00eamica, o livro procura mostrar a diversidade de desafios do setor e dos profissionais, sobremaneira no trato com cidad\u00e3os mais propositivos e engajados na condu\u00e7\u00e3o de suas carreiras e de &hellip; <a href=\"https:\/\/www.aberje.com.br\/editora\/livro\/comunicacao-interna-a-forca-das-empresas-v-4\/\" class=\"more-link\">Continuar lendo <span class=\"screen-reader-text\">Comunica\u00e7\u00e3o Interna: a for\u00e7a das empresas V.4<\/span><\/a><\/p>\n","protected":false},"featured_media":41708,"template":"","meta":{"_acf_changed":false},"product_brand":[],"product_cat":[54,80],"product_tag":[63],"class_list":{"0":"post-41707","1":"product","2":"type-product","3":"status-publish","4":"has-post-thumbnail","6":"product_cat-livros-aberje","7":"product_cat-todos","8":"product_tag-paulo-nassar","9":"product_shipping_class-frete-economico","11":"first","12":"instock","13":"shipping-taxable","14":"purchasable","15":"product-type-simple"},"acf":[],"_links":{"self":[{"href":"https:\/\/www.aberje.com.br\/editora\/wp-json\/wp\/v2\/product\/41707","targetHints":{"allow":["GET"]}}],"collection":[{"href":"https:\/\/www.aberje.com.br\/editora\/wp-json\/wp\/v2\/product"}],"about":[{"href":"https:\/\/www.aberje.com.br\/editora\/wp-json\/wp\/v2\/types\/product"}],"wp:featuredmedia":[{"embeddable":true,"href":"https:\/\/www.aberje.com.br\/editora\/wp-json\/wp\/v2\/media\/41708"}],"wp:attachment":[{"href":"https:\/\/www.aberje.com.br\/editora\/wp-json\/wp\/v2\/media?parent=41707"}],"wp:term":[{"taxonomy":"product_brand","embeddable":true,"href":"https:\/\/www.aberje.com.br\/editora\/wp-json\/wp\/v2\/product_brand?post=41707"},{"taxonomy":"product_cat","embeddable":true,"href":"https:\/\/www.aberje.com.br\/editora\/wp-json\/wp\/v2\/product_cat?post=41707"},{"taxonomy":"product_tag","embeddable":true,"href":"https:\/\/www.aberje.com.br\/editora\/wp-json\/wp\/v2\/product_tag?post=41707"}],"curies":[{"name":"wp","href":"https:\/\/api.w.org\/{rel}","templated":true}]}}