{"id":41700,"date":"2020-08-17T16:38:45","date_gmt":"2020-08-17T19:38:45","guid":{"rendered":"https:\/\/aberje.com.br\/editora\/?post_type=product&#038;p=41700"},"modified":"2026-04-10T09:18:01","modified_gmt":"2026-04-10T12:18:01","slug":"relacoes-governamentais-lobby","status":"publish","type":"product","link":"https:\/\/www.aberje.com.br\/editora\/livro\/relacoes-governamentais-lobby\/","title":{"rendered":"Rela\u00e7\u00f5es Governamentais &amp; Lobby: Aprendendo a fazer"},"content":{"rendered":"<p>As Rela\u00e7\u00f5es Governamentais no Brasil, principalmente o lobby, tornaram-se sin\u00f4nimo de corrup\u00e7\u00e3o, tr\u00e1fico de influ\u00eancia e marginalidade. No entanto, quando feitas de maneira transparente e \u00e9tica, devem ser encaradas como atividade leg\u00edtima. Com essa bandeira, a Aberje &#8211; Associa\u00e7\u00e3o Brasileira de Comunica\u00e7\u00e3o Empresarial prossegue na luta pela regulamenta\u00e7\u00e3o das Rela\u00e7\u00f5es Governamentais e dissemina a ideia com o lan\u00e7amento do livro &#8221;Rela\u00e7\u00f5es Governamentais &amp; Lobby &#8211; Aprendendo a fazer&#8221;, do professor e consultor Gilberto Galan.<\/p>\n<p>O livro tem abertura assinada pelo diretor-geral da Aberje e professor doutor na ECA\/USP, Paulo Nassar. Entre outros pontos, ele menciona que para a Aberje o tema \u00e9 relevante e priorit\u00e1rio e est\u00e1 relacionado \u00e0 responsabilidade hist\u00f3rica e pol\u00edtica como entidade. Trata-se de uma bandeira hasteada desde os anos 1980 e assunto constante em eventos e livros editados pela associa\u00e7\u00e3o, debates na m\u00eddia, publica\u00e7\u00f5es e nas edi\u00e7\u00f5es de revistas. Tamb\u00e9m \u00e9 inspira\u00e7\u00e3o para textos veiculados pela grande imprensa como em artigos na Folha de S. Paulo e outros meios de comunica\u00e7\u00e3o. J\u00e1 nos anos 1990, a Aberje promoveu encontros sobre o tema, com presen\u00e7a de empres\u00e1rios e personalidades como o ex-ministro da Comunica\u00e7\u00e3o Social da Presid\u00eancia da Rep\u00fablica, Sa\u00efd Farhat. A capa da edi\u00e7\u00e3o no. 17 da revista Comunica\u00e7\u00e3o Empresarial da entidade em 1995 trazia a quest\u00e3o do lobby: &#8221;Quem tem medo do lobby?&#8221;. &#8221;Foi quando a Aberje trouxe essa discuss\u00e3o para o \u00e2mbito empresarial, por entender ser esse o papel da entidade comprometida com quest\u00f5es de interesse nacional, atuando na esfera p\u00fablica, em defesa dos interesses de seus associados, combatendo o corporativismo e respeitando os valores de uma sociedade livre e democr\u00e1tica&#8221;, completa ele.<\/p>\n<p><strong>T\u00edtulo:<\/strong> Rela\u00e7\u00f5es Governamentais &amp; Lobby: Aprendendo a fazer<\/p>\n<p><strong>Autor:<\/strong> Gilberto Galan<\/p>\n<p><strong>Ano: <\/strong>2016<\/p>\n","protected":false},"excerpt":{"rendered":"<p>As Rela\u00e7\u00f5es Governamentais no Brasil, principalmente o lobby, tornaram-se sin\u00f4nimo de corrup\u00e7\u00e3o, tr\u00e1fico de influ\u00eancia e marginalidade. No entanto, quando feitas de maneira transparente e \u00e9tica, devem ser encaradas como atividade leg\u00edtima. Com essa bandeira, a Aberje &#8211; Associa\u00e7\u00e3o Brasileira de Comunica\u00e7\u00e3o Empresarial prossegue na luta pela regulamenta\u00e7\u00e3o das Rela\u00e7\u00f5es Governamentais e dissemina a ideia &hellip; <a href=\"https:\/\/www.aberje.com.br\/editora\/livro\/relacoes-governamentais-lobby\/\" class=\"more-link\">Continuar lendo <span class=\"screen-reader-text\">Rela\u00e7\u00f5es Governamentais &amp; Lobby: Aprendendo a fazer<\/span><\/a><\/p>\n","protected":false},"featured_media":130260,"template":"","meta":{"_acf_changed":false},"product_brand":[],"product_cat":[54,61,80],"product_tag":[76],"class_list":{"0":"post-41700","1":"product","2":"type-product","3":"status-publish","4":"has-post-thumbnail","6":"product_cat-livros-aberje","7":"product_cat-lobby","8":"product_cat-todos","9":"product_tag-gilberto-galan","10":"product_shipping_class-frete-economico","12":"first","13":"instock","14":"shipping-taxable","15":"purchasable","16":"product-type-simple"},"acf":[],"_links":{"self":[{"href":"https:\/\/www.aberje.com.br\/editora\/wp-json\/wp\/v2\/product\/41700","targetHints":{"allow":["GET"]}}],"collection":[{"href":"https:\/\/www.aberje.com.br\/editora\/wp-json\/wp\/v2\/product"}],"about":[{"href":"https:\/\/www.aberje.com.br\/editora\/wp-json\/wp\/v2\/types\/product"}],"wp:featuredmedia":[{"embeddable":true,"href":"https:\/\/www.aberje.com.br\/editora\/wp-json\/wp\/v2\/media\/130260"}],"wp:attachment":[{"href":"https:\/\/www.aberje.com.br\/editora\/wp-json\/wp\/v2\/media?parent=41700"}],"wp:term":[{"taxonomy":"product_brand","embeddable":true,"href":"https:\/\/www.aberje.com.br\/editora\/wp-json\/wp\/v2\/product_brand?post=41700"},{"taxonomy":"product_cat","embeddable":true,"href":"https:\/\/www.aberje.com.br\/editora\/wp-json\/wp\/v2\/product_cat?post=41700"},{"taxonomy":"product_tag","embeddable":true,"href":"https:\/\/www.aberje.com.br\/editora\/wp-json\/wp\/v2\/product_tag?post=41700"}],"curies":[{"name":"wp","href":"https:\/\/api.w.org\/{rel}","templated":true}]}}