{"id":41696,"date":"2020-08-17T16:19:57","date_gmt":"2020-08-17T19:19:57","guid":{"rendered":"https:\/\/aberje.com.br\/editora\/?post_type=product&#038;p=41696"},"modified":"2025-06-25T11:25:02","modified_gmt":"2025-06-25T14:25:02","slug":"storytelling-as-narrativas-da-memoria-na-estrategia-da-comunicacao","status":"publish","type":"product","link":"https:\/\/www.aberje.com.br\/editora\/livro\/storytelling-as-narrativas-da-memoria-na-estrategia-da-comunicacao\/","title":{"rendered":"Storytelling: as narrativas da mem\u00f3ria na estrat\u00e9gia da Comunica\u00e7\u00e3o"},"content":{"rendered":"<p>A obra faz um alerta para compreender as novas demandas sociais em termos de viabiliza\u00e7\u00e3o de espa\u00e7os para m\u00faltiplas vozes, sem centralidade na organiza\u00e7\u00e3o e em seus interesses, e assim dar origem a novas narrativas e a novos sistemas condutores de interrela\u00e7\u00e3o. Trata da riqueza de relatos de vida como recurso discursivo na comunica\u00e7\u00e3o das organiza\u00e7\u00f5es com direta atra\u00e7\u00e3o de aten\u00e7\u00e3o.<\/p>\n<p>S\u00e3o 174 p\u00e1ginas organizadas em tr\u00eas cap\u00edtulos &#8211; \u201cA confian\u00e7a na comunica\u00e7\u00e3o sob impacto do multiprotagonismo\u201d, \u201cHist\u00f3ria e mem\u00f3ria organizacionais como lastro comunicativo\u201d e \u201cA elabora\u00e7\u00e3o discursiva da mem\u00f3ria organizacional: o storytelling como paradigma narrativo\u201d &#8211; organizando o racioc\u00ednio em torno da inser\u00e7\u00e3o do storytelling na estrat\u00e9gia comunicativa, buscando detectar formatos que podem funcionar melhor para contar hist\u00f3rias no ambiente de trabalho. Como tema de crescente interesse e debate, a ideia \u00e9 consolidar o conceito de storytelling na perspectiva brasileira e diferenciar vis\u00f5es correntes, desenvolvendo a capacidade anal\u00edtica do contexto de implanta\u00e7\u00e3o de processos de storytelling e aprendendo e despertando os leitores a captar hist\u00f3rias circulantes no ambiente organizacional<\/p>\n<p>O autor prop\u00f5e o paradigma narrativo e o storytelling nas organiza\u00e7\u00f5es e operacionaliza sua ideia com o uso da tecnologia social da mem\u00f3ria como m\u00e9todo de capta\u00e7\u00e3o e registro do storytelling. \u00c9 defendido o uso da conta\u00e7\u00e3o de hist\u00f3rias no ambiente de trabalho como fator atrativo e democr\u00e1tico na escuta das diversas correntes de pensamento. O material inclui a proposta de uma matriz de elementos estruturantes de storytelling para facilitar a produ\u00e7\u00e3o de materiais comunicativos mais assertivos.<\/p>\n<p><strong>T\u00edtulo:<\/strong> Storytelling: as narrativas da mem\u00f3ria na estrat\u00e9gia da Comunica\u00e7\u00e3o<\/p>\n<p><strong>Autor:<\/strong> Rodrigo Cogo<\/p>\n<p><strong>Ano: <\/strong>2016<\/p>\n<p><strong>P\u00e1ginas:<\/strong> 174<\/p>\n","protected":false},"excerpt":{"rendered":"<p>A obra faz um alerta para compreender as novas demandas sociais em termos de viabiliza\u00e7\u00e3o de espa\u00e7os para m\u00faltiplas vozes, sem centralidade na organiza\u00e7\u00e3o e em seus interesses, e assim dar origem a novas narrativas e a novos sistemas condutores de interrela\u00e7\u00e3o. Trata da riqueza de relatos de vida como recurso discursivo na comunica\u00e7\u00e3o das &hellip; <a href=\"https:\/\/www.aberje.com.br\/editora\/livro\/storytelling-as-narrativas-da-memoria-na-estrategia-da-comunicacao\/\" class=\"more-link\">Continuar lendo <span class=\"screen-reader-text\">Storytelling: as narrativas da mem\u00f3ria na estrat\u00e9gia da Comunica\u00e7\u00e3o<\/span><\/a><\/p>\n","protected":false},"featured_media":130259,"template":"","meta":{"_acf_changed":false},"product_brand":[],"product_cat":[57,54,80],"product_tag":[],"class_list":{"0":"post-41696","1":"product","2":"type-product","3":"status-publish","4":"has-post-thumbnail","6":"product_cat-ebooks","7":"product_cat-livros-aberje","8":"product_cat-todos","9":"product_shipping_class-frete-economico","11":"first","12":"outofstock","13":"shipping-taxable","14":"purchasable","15":"product-type-simple"},"acf":[],"_links":{"self":[{"href":"https:\/\/www.aberje.com.br\/editora\/wp-json\/wp\/v2\/product\/41696","targetHints":{"allow":["GET"]}}],"collection":[{"href":"https:\/\/www.aberje.com.br\/editora\/wp-json\/wp\/v2\/product"}],"about":[{"href":"https:\/\/www.aberje.com.br\/editora\/wp-json\/wp\/v2\/types\/product"}],"wp:featuredmedia":[{"embeddable":true,"href":"https:\/\/www.aberje.com.br\/editora\/wp-json\/wp\/v2\/media\/130259"}],"wp:attachment":[{"href":"https:\/\/www.aberje.com.br\/editora\/wp-json\/wp\/v2\/media?parent=41696"}],"wp:term":[{"taxonomy":"product_brand","embeddable":true,"href":"https:\/\/www.aberje.com.br\/editora\/wp-json\/wp\/v2\/product_brand?post=41696"},{"taxonomy":"product_cat","embeddable":true,"href":"https:\/\/www.aberje.com.br\/editora\/wp-json\/wp\/v2\/product_cat?post=41696"},{"taxonomy":"product_tag","embeddable":true,"href":"https:\/\/www.aberje.com.br\/editora\/wp-json\/wp\/v2\/product_tag?post=41696"}],"curies":[{"name":"wp","href":"https:\/\/api.w.org\/{rel}","templated":true}]}}