{"id":41692,"date":"2020-08-17T16:14:39","date_gmt":"2020-08-17T19:14:39","guid":{"rendered":"https:\/\/aberje.com.br\/editora\/?post_type=product&#038;p=41692"},"modified":"2024-12-01T00:24:05","modified_gmt":"2024-12-01T03:24:05","slug":"50-anos-aberje-ensaios-e-memorias","status":"publish","type":"product","link":"https:\/\/www.aberje.com.br\/editora\/livro\/50-anos-aberje-ensaios-e-memorias\/","title":{"rendered":"50 Anos Aberje"},"content":{"rendered":"<p>Em 8 de outubro de 1967 nascia a Aberje. Este livro comemorativo \u00e9 composto por duas partes. A primeira parte conta a trajet\u00f3ria da entidade, que passou de Associa\u00e7\u00e3o Brasileira de Editores de Revistas e Jornais Empresariais para Associa\u00e7\u00e3o Brasileira de Comunica\u00e7\u00e3o Empresarial. A parte dois traz artigos de grandes profissionais da \u00e1rea para refletir sobre os desafios e perspectivas da Comunica\u00e7\u00e3o.<\/p>\n<p><strong>T\u00edtulo:<\/strong> 50 Anos Aberje: Ensaios e Mem\u00f3rias<\/p>\n<p><strong>Organizadores<\/strong>: Paulo Nassar, Hamilton dos Santos e Andre Nakasone<\/p>\n<p><strong>Ano: <\/strong>2018<\/p>\n","protected":false},"excerpt":{"rendered":"<p>Em 8 de outubro de 1967 nascia a Aberje. Este livro comemorativo \u00e9 composto por duas partes. A primeira parte conta a trajet\u00f3ria da entidade, que passou de Associa\u00e7\u00e3o Brasileira de Editores de Revistas e Jornais Empresariais para Associa\u00e7\u00e3o Brasileira de Comunica\u00e7\u00e3o Empresarial. A parte dois traz artigos de grandes profissionais da \u00e1rea para refletir &hellip; <a href=\"https:\/\/www.aberje.com.br\/editora\/livro\/50-anos-aberje-ensaios-e-memorias\/\" class=\"more-link\">Continuar lendo <span class=\"screen-reader-text\">50 Anos Aberje<\/span><\/a><\/p>\n","protected":false},"featured_media":41693,"template":"","meta":{"_acf_changed":false},"product_brand":[],"product_cat":[54,80],"product_tag":[],"class_list":{"0":"post-41692","1":"product","2":"type-product","3":"status-publish","4":"has-post-thumbnail","6":"product_cat-livros-aberje","7":"product_cat-todos","8":"product_shipping_class-frete-economico","10":"first","11":"instock","12":"shipping-taxable","13":"purchasable","14":"product-type-simple"},"acf":[],"_links":{"self":[{"href":"https:\/\/www.aberje.com.br\/editora\/wp-json\/wp\/v2\/product\/41692","targetHints":{"allow":["GET"]}}],"collection":[{"href":"https:\/\/www.aberje.com.br\/editora\/wp-json\/wp\/v2\/product"}],"about":[{"href":"https:\/\/www.aberje.com.br\/editora\/wp-json\/wp\/v2\/types\/product"}],"wp:featuredmedia":[{"embeddable":true,"href":"https:\/\/www.aberje.com.br\/editora\/wp-json\/wp\/v2\/media\/41693"}],"wp:attachment":[{"href":"https:\/\/www.aberje.com.br\/editora\/wp-json\/wp\/v2\/media?parent=41692"}],"wp:term":[{"taxonomy":"product_brand","embeddable":true,"href":"https:\/\/www.aberje.com.br\/editora\/wp-json\/wp\/v2\/product_brand?post=41692"},{"taxonomy":"product_cat","embeddable":true,"href":"https:\/\/www.aberje.com.br\/editora\/wp-json\/wp\/v2\/product_cat?post=41692"},{"taxonomy":"product_tag","embeddable":true,"href":"https:\/\/www.aberje.com.br\/editora\/wp-json\/wp\/v2\/product_tag?post=41692"}],"curies":[{"name":"wp","href":"https:\/\/api.w.org\/{rel}","templated":true}]}}