{"id":41690,"date":"2020-08-17T16:13:08","date_gmt":"2020-08-17T19:13:08","guid":{"rendered":"https:\/\/aberje.com.br\/editora\/?post_type=product&#038;p=41690"},"modified":"2026-02-13T14:14:25","modified_gmt":"2026-02-13T17:14:25","slug":"comunicacao-publica-por-uma-pratica-mais-republicana","status":"publish","type":"product","link":"https:\/\/www.aberje.com.br\/editora\/livro\/comunicacao-publica-por-uma-pratica-mais-republicana\/","title":{"rendered":"Comunica\u00e7\u00e3o P\u00fablica: por uma pr\u00e1tica mais republicana"},"content":{"rendered":"<p>Num cen\u00e1rio complexo do s\u00e9culo XXI, \u00e9 preciso falar de uma nova cultura da comunica\u00e7\u00e3o p\u00fablica. E \u00e9 para responder \u2013 ou, no m\u00ednimo, discutir \u2013 algumas dessas quest\u00f5es que este livro vem \u00e0 luz, propondo uma comunica\u00e7\u00e3o p\u00fablica republicana, considerando primeiro, segundo e terceiro setores. Na primeira parte do livro, s\u00e3o apresentados os conceitos e a realidade cotidiana relacionados a empresas privadas e \u00f3rg\u00e3os de governo, incluindo suas pr\u00e1ticas para elaborar estrat\u00e9gias comunicacionais ou vencer crises, tendo como autores Andrew Greenlees, Cl\u00e1udia Lemos, Bruno Costa, Aline Castro, Jorge Duarte, Marcia Yukiko Duarte, Cec\u00edlia Abbati, Armando Medeiros, Jos\u00e9 Nalini, Paulo Nassar, Ana Torezan, Anna Ruth Dantas de Sales Ferreira Lima, Daniela Cidade e Luis Alberto Aquino Agra. A segunda parte traz uma sele\u00e7\u00e3o de projetos que se destacaram no \u00e2mbito do Pr\u00eamio Nacional de Comunica\u00e7\u00e3o e Justi\u00e7a (PNCJ), promovido pelo F\u00f3rum Nacional de Comunica\u00e7\u00e3o e Justi\u00e7a (FNCJ) &#8211; que, mesmo focados no Sistema Judici\u00e1rio, oferecem inspira\u00e7\u00e3o e\u00a0insights\u00a0para diversas aplica\u00e7\u00f5es na comunica\u00e7\u00e3o p\u00fablica. Este livro s\u00f3 foi poss\u00edvel gra\u00e7as \u00e0 parceria com o FNCJ e ao apoio da Associa\u00e7\u00e3o Brasileira de Comunica\u00e7\u00e3o P\u00fablica (ABCP\u00fablica).<\/p>\n<p><strong>T\u00edtulo:<\/strong> Comunica\u00e7\u00e3o P\u00fablica: por uma pr\u00e1tica mais republicana<\/p>\n<p><strong>Organiza\u00e7\u00e3o:<\/strong> Paulo Nassar e Hamilton dos Santos<\/p>\n<p><strong>Ano: <\/strong>2019<\/p>\n","protected":false},"excerpt":{"rendered":"<p>Num cen\u00e1rio complexo do s\u00e9culo XXI, \u00e9 preciso falar de uma nova cultura da comunica\u00e7\u00e3o p\u00fablica. E \u00e9 para responder \u2013 ou, no m\u00ednimo, discutir \u2013 algumas dessas quest\u00f5es que este livro vem \u00e0 luz, propondo uma comunica\u00e7\u00e3o p\u00fablica republicana, considerando primeiro, segundo e terceiro setores. Na primeira parte do livro, s\u00e3o apresentados os conceitos &hellip; <a href=\"https:\/\/www.aberje.com.br\/editora\/livro\/comunicacao-publica-por-uma-pratica-mais-republicana\/\" class=\"more-link\">Continuar lendo <span class=\"screen-reader-text\">Comunica\u00e7\u00e3o P\u00fablica: por uma pr\u00e1tica mais republicana<\/span><\/a><\/p>\n","protected":false},"featured_media":41691,"template":"","meta":{"_acf_changed":false},"product_brand":[],"product_cat":[54,80],"product_tag":[63],"class_list":{"0":"post-41690","1":"product","2":"type-product","3":"status-publish","4":"has-post-thumbnail","6":"product_cat-livros-aberje","7":"product_cat-todos","8":"product_tag-paulo-nassar","9":"product_shipping_class-frete-economico","11":"first","12":"instock","13":"shipping-taxable","14":"purchasable","15":"product-type-simple"},"acf":[],"_links":{"self":[{"href":"https:\/\/www.aberje.com.br\/editora\/wp-json\/wp\/v2\/product\/41690","targetHints":{"allow":["GET"]}}],"collection":[{"href":"https:\/\/www.aberje.com.br\/editora\/wp-json\/wp\/v2\/product"}],"about":[{"href":"https:\/\/www.aberje.com.br\/editora\/wp-json\/wp\/v2\/types\/product"}],"wp:featuredmedia":[{"embeddable":true,"href":"https:\/\/www.aberje.com.br\/editora\/wp-json\/wp\/v2\/media\/41691"}],"wp:attachment":[{"href":"https:\/\/www.aberje.com.br\/editora\/wp-json\/wp\/v2\/media?parent=41690"}],"wp:term":[{"taxonomy":"product_brand","embeddable":true,"href":"https:\/\/www.aberje.com.br\/editora\/wp-json\/wp\/v2\/product_brand?post=41690"},{"taxonomy":"product_cat","embeddable":true,"href":"https:\/\/www.aberje.com.br\/editora\/wp-json\/wp\/v2\/product_cat?post=41690"},{"taxonomy":"product_tag","embeddable":true,"href":"https:\/\/www.aberje.com.br\/editora\/wp-json\/wp\/v2\/product_tag?post=41690"}],"curies":[{"name":"wp","href":"https:\/\/api.w.org\/{rel}","templated":true}]}}