{"id":41680,"date":"2020-08-17T14:44:48","date_gmt":"2020-08-17T17:44:48","guid":{"rendered":"https:\/\/aberje.com.br\/editora\/?post_type=product&#038;p=41680"},"modified":"2025-06-04T13:32:16","modified_gmt":"2025-06-04T16:32:16","slug":"comunicacao-eficiente","status":"publish","type":"product","link":"https:\/\/www.aberje.com.br\/editora\/livro\/comunicacao-eficiente\/","title":{"rendered":"Comunica\u00e7\u00e3o Eficiente"},"content":{"rendered":"<p>No livro &#8220;Comunica\u00e7\u00e3o Eficiente: Como escrever mensagens com clareza, concis\u00e3o e funcionalidade&#8221;, a professora Dra. Vivian Rio Stella apresenta de forma did\u00e1tica e pr\u00e1tica as principais t\u00e9cnicas para produ\u00e7\u00e3o de e-mails claros, assertivos, concisos, organizados e de acordo com a \u201cnetiqueta\u201d. As t\u00e9cnicas propostas pela autora foram desenvolvidas com base na Lingu\u00edstica Textual (sua \u00e1rea de forma\u00e7\u00e3o) e em sua experi\u00eancia de mais de dez anos na realiza\u00e7\u00e3o de cursos em diversas empresas. A obra apresenta um equil\u00edbrio entre teoria e pr\u00e1tica, al\u00e9m de exemplos de antes e depois, que ir\u00e3o ajudar o leitor a repensar seus pr\u00f3prios textos e produzir e-mails mais eficientes.<\/p>\n<p><strong>T\u00edtulo:<\/strong> Comunica\u00e7\u00e3o Eficiente: Como escrever mensagens com clareza, concis\u00e3o e funcionalidade<\/p>\n<p><strong>Autor:<\/strong> Vivian Rio Stella<\/p>\n<p><strong>Ano: <\/strong>2020<\/p>\n","protected":false},"excerpt":{"rendered":"<p>No livro &#8220;Comunica\u00e7\u00e3o Eficiente: Como escrever mensagens com clareza, concis\u00e3o e funcionalidade&#8221;, a professora Dra. Vivian Rio Stella apresenta de forma did\u00e1tica e pr\u00e1tica as principais t\u00e9cnicas para produ\u00e7\u00e3o de e-mails claros, assertivos, concisos, organizados e de acordo com a \u201cnetiqueta\u201d. As t\u00e9cnicas propostas pela autora foram desenvolvidas com base na Lingu\u00edstica Textual (sua \u00e1rea &hellip; <a href=\"https:\/\/www.aberje.com.br\/editora\/livro\/comunicacao-eficiente\/\" class=\"more-link\">Continuar lendo <span class=\"screen-reader-text\">Comunica\u00e7\u00e3o Eficiente<\/span><\/a><\/p>\n","protected":false},"featured_media":41681,"template":"","meta":{"_acf_changed":false},"product_brand":[],"product_cat":[54,80],"product_tag":[79],"class_list":{"0":"post-41680","1":"product","2":"type-product","3":"status-publish","4":"has-post-thumbnail","6":"product_cat-livros-aberje","7":"product_cat-todos","8":"product_tag-vivian-rio-stella","9":"product_shipping_class-frete-economico","11":"first","12":"outofstock","13":"featured","14":"shipping-taxable","15":"purchasable","16":"product-type-simple"},"acf":[],"_links":{"self":[{"href":"https:\/\/www.aberje.com.br\/editora\/wp-json\/wp\/v2\/product\/41680","targetHints":{"allow":["GET"]}}],"collection":[{"href":"https:\/\/www.aberje.com.br\/editora\/wp-json\/wp\/v2\/product"}],"about":[{"href":"https:\/\/www.aberje.com.br\/editora\/wp-json\/wp\/v2\/types\/product"}],"wp:featuredmedia":[{"embeddable":true,"href":"https:\/\/www.aberje.com.br\/editora\/wp-json\/wp\/v2\/media\/41681"}],"wp:attachment":[{"href":"https:\/\/www.aberje.com.br\/editora\/wp-json\/wp\/v2\/media?parent=41680"}],"wp:term":[{"taxonomy":"product_brand","embeddable":true,"href":"https:\/\/www.aberje.com.br\/editora\/wp-json\/wp\/v2\/product_brand?post=41680"},{"taxonomy":"product_cat","embeddable":true,"href":"https:\/\/www.aberje.com.br\/editora\/wp-json\/wp\/v2\/product_cat?post=41680"},{"taxonomy":"product_tag","embeddable":true,"href":"https:\/\/www.aberje.com.br\/editora\/wp-json\/wp\/v2\/product_tag?post=41680"}],"curies":[{"name":"wp","href":"https:\/\/api.w.org\/{rel}","templated":true}]}}