{"id":130952,"date":"2026-03-05T11:20:40","date_gmt":"2026-03-05T14:20:40","guid":{"rendered":"https:\/\/www.aberje.com.br\/editora\/?post_type=product&#038;p=130952"},"modified":"2026-03-18T09:41:20","modified_gmt":"2026-03-18T12:41:20","slug":"livro-do-ano-yearbook-premio-aberje-2025","status":"publish","type":"product","link":"https:\/\/www.aberje.com.br\/editora\/livro\/livro-do-ano-yearbook-premio-aberje-2025\/","title":{"rendered":"Livro do Ano &#8211; Yearbook Pr\u00eamio Aberje 2025"},"content":{"rendered":"<p>O <strong data-start=\"2\" data-end=\"48\">Livro do Ano \u2014 Yearbook Pr\u00eamio Aberje 2025<\/strong> \u00e9 a primeira edi\u00e7\u00e3o de um novo formato editorial criado para registrar e dar visibilidade \u00e0 maior celebra\u00e7\u00e3o da comunica\u00e7\u00e3o corporativa brasileira. A publica\u00e7\u00e3o re\u00fane os principais destaques da 51\u00aa edi\u00e7\u00e3o do Pr\u00eamio Aberje, apresentando os 87 cases vencedores, os comunicadores homenageados e os momentos marcantes da cerim\u00f4nia de premia\u00e7\u00e3o, realizada em S\u00e3o Paulo. Mais do que um registro da edi\u00e7\u00e3o anual, o Yearbook oferece um retrato da maturidade, da inova\u00e7\u00e3o e do impacto estrat\u00e9gico da comunica\u00e7\u00e3o nas organiza\u00e7\u00f5es e na sociedade. Ao consolidar dados, narrativas e resultados de projetos premiados, a obra se estabelece como fonte de mem\u00f3ria, estudo e inspira\u00e7\u00e3o para profissionais e pesquisadores do campo da comunica\u00e7\u00e3o corporativa no Brasil.<\/p>\n<p>&nbsp;<\/p>\n<p><strong>T\u00edtulo:<\/strong> Livro do Ano &#8211; Yearbook Pr\u00eamio Aberje 2025<br \/>\n<strong>N\u00famero de p\u00e1ginas: <\/strong>492<br \/>\n<strong>Ano:<\/strong> 2026<\/p>\n","protected":false},"excerpt":{"rendered":"<div class=\"flex flex-col text-sm pb-25\">\n<article class=\"text-token-text-primary w-full focus:outline-none [--shadow-height:45px] has-data-writing-block:pointer-events-none has-data-writing-block:-mt-(--shadow-height) has-data-writing-block:pt-(--shadow-height) [&amp;:has([data-writing-block])&gt;*]:pointer-events-auto scroll-mt-[calc(var(--header-height)+min(200px,max(70px,20svh)))]\" dir=\"auto\" tabindex=\"-1\" data-turn-id=\"request-WEB:5fb7cebf-8a91-4c40-a369-15863babf31c-1\" data-testid=\"conversation-turn-4\" data-scroll-anchor=\"true\" data-turn=\"assistant\">\n<div class=\"text-base my-auto mx-auto pb-10 [--thread-content-margin:--spacing(4)] @w-sm\/main:[--thread-content-margin:--spacing(6)] @w-lg\/main:[--thread-content-margin:--spacing(16)] px-(--thread-content-margin)\">\n<div class=\"[--thread-content-max-width:40rem] @w-lg\/main:[--thread-content-max-width:48rem] mx-auto max-w-(--thread-content-max-width) flex-1 group\/turn-messages focus-visible:outline-hidden relative flex w-full min-w-0 flex-col agent-turn\" tabindex=\"-1\">\n<div class=\"flex max-w-full flex-col grow\">\n<div class=\"min-h-8 text-message relative flex w-full flex-col items-end gap-2 text-start break-words whitespace-normal [.text-message+&amp;]:mt-1\" dir=\"auto\" data-message-author-role=\"assistant\" data-message-id=\"76fc8f2b-9193-4ae5-9664-7f93919549cc\" data-message-model-slug=\"gpt-5-3\">\n<div class=\"flex w-full flex-col gap-1 empty:hidden first:pt-[1px]\">\n<div class=\"markdown prose dark:prose-invert w-full wrap-break-word light markdown-new-styling\">\n<p data-start=\"0\" data-end=\"156\" data-is-last-node=\"\" data-is-only-node=\"\"><strong data-start=\"0\" data-end=\"31\" data-is-only-node=\"\">Yearbook Pr\u00eamio Aberje 2025<\/strong> re\u00fane cases vencedores, homenagens e destaques da 51\u00aa edi\u00e7\u00e3o, registrando a excel\u00eancia da comunica\u00e7\u00e3o corporativa no Brasil.<\/p>\n<\/div>\n<\/div>\n<\/div>\n<\/div>\n<\/div>\n<\/div>\n<\/article>\n<\/div>\n","protected":false},"featured_media":130957,"template":"","meta":{"_acf_changed":false},"product_brand":[],"product_cat":[58,54,80],"product_tag":[],"class_list":{"0":"post-130952","1":"product","2":"type-product","3":"status-publish","4":"has-post-thumbnail","6":"product_cat-lancamentos","7":"product_cat-livros-aberje","8":"product_cat-todos","9":"product_shipping_class-frete-economico","11":"first","12":"instock","13":"shipping-taxable","14":"purchasable","15":"product-type-simple"},"acf":[],"_links":{"self":[{"href":"https:\/\/www.aberje.com.br\/editora\/wp-json\/wp\/v2\/product\/130952","targetHints":{"allow":["GET"]}}],"collection":[{"href":"https:\/\/www.aberje.com.br\/editora\/wp-json\/wp\/v2\/product"}],"about":[{"href":"https:\/\/www.aberje.com.br\/editora\/wp-json\/wp\/v2\/types\/product"}],"wp:featuredmedia":[{"embeddable":true,"href":"https:\/\/www.aberje.com.br\/editora\/wp-json\/wp\/v2\/media\/130957"}],"wp:attachment":[{"href":"https:\/\/www.aberje.com.br\/editora\/wp-json\/wp\/v2\/media?parent=130952"}],"wp:term":[{"taxonomy":"product_brand","embeddable":true,"href":"https:\/\/www.aberje.com.br\/editora\/wp-json\/wp\/v2\/product_brand?post=130952"},{"taxonomy":"product_cat","embeddable":true,"href":"https:\/\/www.aberje.com.br\/editora\/wp-json\/wp\/v2\/product_cat?post=130952"},{"taxonomy":"product_tag","embeddable":true,"href":"https:\/\/www.aberje.com.br\/editora\/wp-json\/wp\/v2\/product_tag?post=130952"}],"curies":[{"name":"wp","href":"https:\/\/api.w.org\/{rel}","templated":true}]}}