{"id":130900,"date":"2025-11-25T10:03:24","date_gmt":"2025-11-25T13:03:24","guid":{"rendered":"https:\/\/www.aberje.com.br\/editora\/?post_type=product&#038;p=130900"},"modified":"2026-03-25T18:05:56","modified_gmt":"2026-03-25T21:05:56","slug":"comunicacao-interna-4-0","status":"publish","type":"product","link":"https:\/\/www.aberje.com.br\/editora\/livro\/comunicacao-interna-4-0\/","title":{"rendered":"Comunica\u00e7\u00e3o Interna 4.0"},"content":{"rendered":"<p>Comunica\u00e7\u00e3o Interna 4.0: Por que a era das m\u00e1quinas exige comunicadores mais humanos apresenta uma nova forma de compreender a comunica\u00e7\u00e3o nas organiza\u00e7\u00f5es em meio \u00e0 4\u00aa Revolu\u00e7\u00e3o Industrial. Adevani Rotter parte de sua experi\u00eancia e de di\u00e1logos com pensadores e futuristas para mostrar como a tecnologia, a intelig\u00eancia artificial e a hiperconex\u00e3o est\u00e3o transformando radicalmente o mundo do trabalho. Nesse cen\u00e1rio, mais do que transmitir mensagens, a comunica\u00e7\u00e3o precisa gerar sentido, construir experi\u00eancias e fortalecer culturas organizacionais. O livro prop\u00f5e tr\u00eas pilares fundamentais \u2013 Curadoria, Experi\u00eancia e Governan\u00e7a \u2013 que reposicionam o papel do comunicador como guardi\u00e3o de narrativas, arquiteto de v\u00ednculos e mediador de confian\u00e7a. Com exemplos, conceitos e refer\u00eancias atuais, a obra defende que, quanto mais tecnologia nos cerca, mais urgentes se tornam a empatia, a \u00e9tica, a escuta e a humanidade. Uma leitura essencial para profissionais que desejam protagonizar o futuro da comunica\u00e7\u00e3o corporativa. O futuro j\u00e1 chegou \u2013 e ele \u00e9 digital, veloz e imprevis\u00edvel. Mas, em meio a algoritmos e intelig\u00eancia artificial, o que diferencia as organiza\u00e7\u00f5es \u00e9 a capacidade de comunicar com humanidade. Em Comunica\u00e7\u00e3o Interna 4.0, Adevani Rotter revela como transformar informa\u00e7\u00e3o em sentido, mensagens em experi\u00eancias e colaboradores em protagonistas. Com tr\u00eas pilares \u2013 Curadoria, Experi\u00eancia e Governan\u00e7a \u2013, o livro \u00e9 um guia essencial para quem deseja liderar a comunica\u00e7\u00e3o na era das m\u00e1quinas sem perder o que nos torna \u00fanicos:\u00a0o\u00a0humano<\/p>\n<p><strong>T\u00edtulo:<\/strong> Comunica\u00e7\u00e3o Interna 4.0: por que a era das m\u00e1quinas exige comunicadores mais humanos?<br \/>\n<strong>Autora: <\/strong>Adevani Rotter<br \/>\n<strong>N\u00famero de p\u00e1ginas: <\/strong>176<br \/>\n<strong>Ano:<\/strong> 2025<\/p>\n","protected":false},"excerpt":{"rendered":"<p>Obra apresenta uma nova forma de compreender a comunica\u00e7\u00e3o nas organiza\u00e7\u00f5es em meio \u00e0 4\u00aa Revolu\u00e7\u00e3o Industrial<\/p>\n","protected":false},"featured_media":130904,"template":"","meta":{"_acf_changed":false},"product_brand":[],"product_cat":[59,58,54,80],"product_tag":[],"class_list":{"0":"post-130900","1":"product","2":"type-product","3":"status-publish","4":"has-post-thumbnail","6":"product_cat-comunicacao-interna","7":"product_cat-lancamentos","8":"product_cat-livros-aberje","9":"product_cat-todos","11":"first","12":"instock","13":"shipping-taxable","14":"purchasable","15":"product-type-simple"},"acf":[],"_links":{"self":[{"href":"https:\/\/www.aberje.com.br\/editora\/wp-json\/wp\/v2\/product\/130900","targetHints":{"allow":["GET"]}}],"collection":[{"href":"https:\/\/www.aberje.com.br\/editora\/wp-json\/wp\/v2\/product"}],"about":[{"href":"https:\/\/www.aberje.com.br\/editora\/wp-json\/wp\/v2\/types\/product"}],"wp:featuredmedia":[{"embeddable":true,"href":"https:\/\/www.aberje.com.br\/editora\/wp-json\/wp\/v2\/media\/130904"}],"wp:attachment":[{"href":"https:\/\/www.aberje.com.br\/editora\/wp-json\/wp\/v2\/media?parent=130900"}],"wp:term":[{"taxonomy":"product_brand","embeddable":true,"href":"https:\/\/www.aberje.com.br\/editora\/wp-json\/wp\/v2\/product_brand?post=130900"},{"taxonomy":"product_cat","embeddable":true,"href":"https:\/\/www.aberje.com.br\/editora\/wp-json\/wp\/v2\/product_cat?post=130900"},{"taxonomy":"product_tag","embeddable":true,"href":"https:\/\/www.aberje.com.br\/editora\/wp-json\/wp\/v2\/product_tag?post=130900"}],"curies":[{"name":"wp","href":"https:\/\/api.w.org\/{rel}","templated":true}]}}