{"id":130826,"date":"2025-07-23T10:53:37","date_gmt":"2025-07-23T13:53:37","guid":{"rendered":"https:\/\/www.aberje.com.br\/editora\/?post_type=product&#038;p=130826"},"modified":"2025-08-12T11:26:04","modified_gmt":"2025-08-12T14:26:04","slug":"reconhecimento-que-gera-valor-premio-aberje-2024","status":"publish","type":"product","link":"https:\/\/www.aberje.com.br\/editora\/livro\/reconhecimento-que-gera-valor-premio-aberje-2024\/","title":{"rendered":"Reconhecimento que Gera Valor: Pr\u00eamio Aberje 2024"},"content":{"rendered":"<p>O livro \u201cReconhecimento que gera valor: Pr\u00eamio Aberje 2024\u201d \u00e9 o d\u00e9cimo terceiro da cole\u00e7\u00e3o, que consolida o trabalho de reconhecer os profissionais e as organiza\u00e7\u00f5es no campo da comunica\u00e7\u00e3o empresarial brasileira, a partir das pr\u00e1ticas de excel\u00eancia. Voc\u00ea vai conhecer cases modernos, como os que utilizam a tecnologia das redes sociais, e outros que, com solu\u00e7\u00f5es inspiradas e muito mais simples, conseguem reunir as pessoas em torno de uma causa.<\/p>\n<p>&nbsp;<\/p>\n<p><strong>T\u00edtulo:<\/strong>\u00a0 Reconhecimento que Gera Valor: Pr\u00eamio Aberje 2024<\/p>\n<p><strong>Ano:\u00a0<\/strong>2025<\/p>\n","protected":false},"excerpt":{"rendered":"<p>O livro \u201cReconhecimento que gera valor: Pr\u00eamio Aberje 2024\u201d \u00e9 o d\u00e9cimo terceiro da cole\u00e7\u00e3o, que consolida o trabalho de reconhecer os profissionais e as organiza\u00e7\u00f5es no campo da comunica\u00e7\u00e3o empresarial brasileira, a partir das pr\u00e1ticas de excel\u00eancia. Voc\u00ea vai conhecer cases modernos, como os que utilizam a tecnologia das redes sociais, e outros que, &hellip; <a href=\"https:\/\/www.aberje.com.br\/editora\/livro\/reconhecimento-que-gera-valor-premio-aberje-2024\/\" class=\"more-link\">Continuar lendo <span class=\"screen-reader-text\">Reconhecimento que Gera Valor: Pr\u00eamio Aberje 2024<\/span><\/a><\/p>\n","protected":false},"featured_media":130827,"template":"","meta":{"_acf_changed":false},"product_brand":[],"product_cat":[60,57,80],"product_tag":[],"class_list":{"0":"post-130826","1":"product","2":"type-product","3":"status-publish","4":"has-post-thumbnail","6":"product_cat-colecao-premio-aberje","7":"product_cat-ebooks","8":"product_cat-todos","10":"first","11":"outofstock","12":"shipping-taxable","13":"purchasable","14":"product-type-simple"},"acf":[],"_links":{"self":[{"href":"https:\/\/www.aberje.com.br\/editora\/wp-json\/wp\/v2\/product\/130826","targetHints":{"allow":["GET"]}}],"collection":[{"href":"https:\/\/www.aberje.com.br\/editora\/wp-json\/wp\/v2\/product"}],"about":[{"href":"https:\/\/www.aberje.com.br\/editora\/wp-json\/wp\/v2\/types\/product"}],"wp:featuredmedia":[{"embeddable":true,"href":"https:\/\/www.aberje.com.br\/editora\/wp-json\/wp\/v2\/media\/130827"}],"wp:attachment":[{"href":"https:\/\/www.aberje.com.br\/editora\/wp-json\/wp\/v2\/media?parent=130826"}],"wp:term":[{"taxonomy":"product_brand","embeddable":true,"href":"https:\/\/www.aberje.com.br\/editora\/wp-json\/wp\/v2\/product_brand?post=130826"},{"taxonomy":"product_cat","embeddable":true,"href":"https:\/\/www.aberje.com.br\/editora\/wp-json\/wp\/v2\/product_cat?post=130826"},{"taxonomy":"product_tag","embeddable":true,"href":"https:\/\/www.aberje.com.br\/editora\/wp-json\/wp\/v2\/product_tag?post=130826"}],"curies":[{"name":"wp","href":"https:\/\/api.w.org\/{rel}","templated":true}]}}