{"id":130815,"date":"2025-07-23T10:57:19","date_gmt":"2025-07-23T13:57:19","guid":{"rendered":"https:\/\/www.aberje.com.br\/editora\/?post_type=product&#038;p=130815"},"modified":"2025-09-24T17:24:40","modified_gmt":"2025-09-24T20:24:40","slug":"comunicacao-e-agronegocio-proposito-e-impactos","status":"publish","type":"product","link":"https:\/\/www.aberje.com.br\/editora\/livro\/comunicacao-e-agronegocio-proposito-e-impactos\/","title":{"rendered":"Comunica\u00e7\u00e3o e Agroneg\u00f3cio: Prop\u00f3sito e Impactos"},"content":{"rendered":"<h4 class=\"my-3\">O agroneg\u00f3cio e sua evolu\u00e7\u00e3o<\/h4>\n<p class=\"mb-5\">O agroneg\u00f3cio, os desafios globais e sua evolu\u00e7\u00e3o no mundo revelam cen\u00e1rios diversos e instigantes. A abordagem de temas seminais enaltece o valor do agroneg\u00f3cio, explicando e aprofundando narrativas. O\u00a0<b>Volume 1<\/b>\u00a0posiciona o leitor na dimens\u00e3o estruturante do agroneg\u00f3cio, destacando a import\u00e2ncia da integra\u00e7\u00e3o das cadeias para sua evolu\u00e7\u00e3o e discutindo, a partir do pensamento de importantes lideran\u00e7as nacionais, os principais desafios do agroneg\u00f3cio brasileiro.<\/p>\n<h4 class=\"my-3\">O b\u00ea-a-b\u00e1 da comunica\u00e7\u00e3o no agroneg\u00f3cio<\/h4>\n<p class=\"mb-5\">O estado da arte da gest\u00e3o e dos processos comunicacionais no agroneg\u00f3cio destaca uma comunica\u00e7\u00e3o com impacto, que vai muito al\u00e9m de campanhas e m\u00eddias. No\u00a0<b>Volume 2<\/b>, o agroneg\u00f3cio brasileiro, ao incentivar relacionamentos e integrar cadeias produtivas, cria conex\u00f5es e aproxima diversos p\u00fablicos, que sustentam avan\u00e7os por meio da gera\u00e7\u00e3o de valor.<\/p>\n<h4 class=\"my-3\">O agroneg\u00f3cio que comunica<\/h4>\n<p>O\u00a0<b>Volume 3<\/b>\u00a0apresenta pr\u00e1ticas e experi\u00eancias em \u00e1reas estrat\u00e9gicas na comunica\u00e7\u00e3o do agroneg\u00f3cio. Ele revela direcionamentos, narrativas e pr\u00e1ticas de uma comunica\u00e7\u00e3o conectada a um novo tempo, que avan\u00e7a e transforma, onde quer que empresas, entidades e associa\u00e7\u00f5es contam suas hist\u00f3rias e destacam seus principais desafios. Em cada tema, artigos te\u00f3ricos inspiradores demonstram e justificam, com conhecimento, uma revolu\u00e7\u00e3o na comunica\u00e7\u00e3o estrat\u00e9gica do agroneg\u00f3cio.<\/p>\n","protected":false},"excerpt":{"rendered":"<p>O agroneg\u00f3cio e sua evolu\u00e7\u00e3o O agroneg\u00f3cio, os desafios globais e sua evolu\u00e7\u00e3o no mundo revelam cen\u00e1rios diversos e instigantes. A abordagem de temas seminais enaltece o valor do agroneg\u00f3cio, explicando e aprofundando narrativas. O\u00a0Volume 1\u00a0posiciona o leitor na dimens\u00e3o estruturante do agroneg\u00f3cio, destacando a import\u00e2ncia da integra\u00e7\u00e3o das cadeias para sua evolu\u00e7\u00e3o e discutindo, &hellip; <a href=\"https:\/\/www.aberje.com.br\/editora\/livro\/comunicacao-e-agronegocio-proposito-e-impactos\/\" class=\"more-link\">Continuar lendo <span class=\"screen-reader-text\">Comunica\u00e7\u00e3o e Agroneg\u00f3cio: Prop\u00f3sito e Impactos<\/span><\/a><\/p>\n","protected":false},"featured_media":130828,"template":"","meta":{"_acf_changed":false},"product_brand":[],"product_cat":[57,81,80],"product_tag":[],"class_list":{"0":"post-130815","1":"product","2":"type-product","3":"status-publish","4":"has-post-thumbnail","6":"product_cat-ebooks","7":"product_cat-todos-os-livros","8":"product_cat-todos","10":"first","11":"instock","12":"shipping-taxable","13":"product-type-external"},"acf":[],"_links":{"self":[{"href":"https:\/\/www.aberje.com.br\/editora\/wp-json\/wp\/v2\/product\/130815","targetHints":{"allow":["GET"]}}],"collection":[{"href":"https:\/\/www.aberje.com.br\/editora\/wp-json\/wp\/v2\/product"}],"about":[{"href":"https:\/\/www.aberje.com.br\/editora\/wp-json\/wp\/v2\/types\/product"}],"wp:featuredmedia":[{"embeddable":true,"href":"https:\/\/www.aberje.com.br\/editora\/wp-json\/wp\/v2\/media\/130828"}],"wp:attachment":[{"href":"https:\/\/www.aberje.com.br\/editora\/wp-json\/wp\/v2\/media?parent=130815"}],"wp:term":[{"taxonomy":"product_brand","embeddable":true,"href":"https:\/\/www.aberje.com.br\/editora\/wp-json\/wp\/v2\/product_brand?post=130815"},{"taxonomy":"product_cat","embeddable":true,"href":"https:\/\/www.aberje.com.br\/editora\/wp-json\/wp\/v2\/product_cat?post=130815"},{"taxonomy":"product_tag","embeddable":true,"href":"https:\/\/www.aberje.com.br\/editora\/wp-json\/wp\/v2\/product_tag?post=130815"}],"curies":[{"name":"wp","href":"https:\/\/api.w.org\/{rel}","templated":true}]}}