{"id":130698,"date":"2025-03-21T11:46:14","date_gmt":"2025-03-21T14:46:14","guid":{"rendered":"https:\/\/www.aberje.com.br\/editora\/?post_type=product&#038;p=130698"},"modified":"2026-04-14T10:35:53","modified_gmt":"2026-04-14T13:35:53","slug":"comunicacao-e-governanca","status":"publish","type":"product","link":"https:\/\/www.aberje.com.br\/editora\/livro\/comunicacao-e-governanca\/","title":{"rendered":"Comunica\u00e7\u00e3o e Governan\u00e7a: Parecer e Ser na Era da Transpar\u00eancia"},"content":{"rendered":"<p>Comunica\u00e7\u00e3o e Governan\u00e7a: Parecer e Ser na Era da Transpar\u00eancia explora a interdepend\u00eancia entre comunica\u00e7\u00e3o e governan\u00e7a como pilares da confian\u00e7a, da legitimidade e do valor sustent\u00e1vel. Em cinco cap\u00edtulos, Vania Bueno, com mais de 40 anos de experi\u00eancia, articula reflex\u00f5es sobre \u00e9tica, transpar\u00eancia e pr\u00e1ticas corporativas, oferecendo insights te\u00f3ricos e pr\u00e1ticos enriquecidos por entrevistas com 18 especialistas. A obra destaca como a governan\u00e7a exige comunica\u00e7\u00e3o para cumprir sua miss\u00e3o e vice-versa, abordando temas como demandas de lideran\u00e7as, expectativas de comunicadores e o papel da \u00e9tica. \u00c9 um chamado \u00e0 a\u00e7\u00e3o para repensar modelos mentais e alinhar pr\u00e1ticas organizacionais \u00e0s demandas de um mundo complexo, promovendo uma gest\u00e3o mais \u00e9tica e sustent\u00e1vel.<\/p>\n<p>&nbsp;<\/p>\n<p><strong>T\u00edtulo:<\/strong> Comunica\u00e7\u00e3o e Governan\u00e7a: Parecer e Ser na Era da Transpar\u00eancia<br \/>\n<strong>Autora: <\/strong>Vania Bueno<br \/>\n<strong>N\u00famero de p\u00e1ginas: <\/strong>360<br \/>\n<strong>Ano:<\/strong> 2025<\/p>\n","protected":false},"excerpt":{"rendered":"<p>Obra explora a interdepend\u00eancia entre comunica\u00e7\u00e3o e governan\u00e7a como pilares da confian\u00e7a, da legitimidade e do valor sustent\u00e1vel.<\/p>\n","protected":false},"featured_media":130699,"template":"","meta":{"_acf_changed":false},"product_brand":[],"product_cat":[57,58,54,80],"product_tag":[],"class_list":{"0":"post-130698","1":"product","2":"type-product","3":"status-publish","4":"has-post-thumbnail","6":"product_cat-ebooks","7":"product_cat-lancamentos","8":"product_cat-livros-aberje","9":"product_cat-todos","10":"product_shipping_class-frete-economico","12":"first","13":"instock","14":"shipping-taxable","15":"purchasable","16":"product-type-simple"},"acf":[],"_links":{"self":[{"href":"https:\/\/www.aberje.com.br\/editora\/wp-json\/wp\/v2\/product\/130698","targetHints":{"allow":["GET"]}}],"collection":[{"href":"https:\/\/www.aberje.com.br\/editora\/wp-json\/wp\/v2\/product"}],"about":[{"href":"https:\/\/www.aberje.com.br\/editora\/wp-json\/wp\/v2\/types\/product"}],"wp:featuredmedia":[{"embeddable":true,"href":"https:\/\/www.aberje.com.br\/editora\/wp-json\/wp\/v2\/media\/130699"}],"wp:attachment":[{"href":"https:\/\/www.aberje.com.br\/editora\/wp-json\/wp\/v2\/media?parent=130698"}],"wp:term":[{"taxonomy":"product_brand","embeddable":true,"href":"https:\/\/www.aberje.com.br\/editora\/wp-json\/wp\/v2\/product_brand?post=130698"},{"taxonomy":"product_cat","embeddable":true,"href":"https:\/\/www.aberje.com.br\/editora\/wp-json\/wp\/v2\/product_cat?post=130698"},{"taxonomy":"product_tag","embeddable":true,"href":"https:\/\/www.aberje.com.br\/editora\/wp-json\/wp\/v2\/product_tag?post=130698"}],"curies":[{"name":"wp","href":"https:\/\/api.w.org\/{rel}","templated":true}]}}