{"id":130614,"date":"2024-11-12T13:24:17","date_gmt":"2024-11-12T16:24:17","guid":{"rendered":"https:\/\/www.aberje.com.br\/editora\/?post_type=product&#038;p=130614"},"modified":"2024-11-13T10:57:45","modified_gmt":"2024-11-13T13:57:45","slug":"brand-publishing-na-pratica","status":"publish","type":"product","link":"https:\/\/www.aberje.com.br\/editora\/livro\/brand-publishing-na-pratica\/","title":{"rendered":"Brand Publishing na Pr\u00e1tica"},"content":{"rendered":"<p>O livro \u201cBrand Publishing na Pr\u00e1tica\u201d re\u00fane a expertise de 18 profissionais das \u00e1reas de comunica\u00e7\u00e3o e gest\u00e3o de grandes marcas. A ideia da obra \u00e9 mostrar como a cria\u00e7\u00e3o de conte\u00fados propriet\u00e1rios constr\u00f3i confian\u00e7a, gera engajamento real e produz resultados sustent\u00e1veis. Composto por 216 p\u00e1ginas, o livro &#8220;Brand Publishing na Pr\u00e1tica&#8221; \u00e9 estruturado em quatro partes, que cobrem desde os fundamentos estrat\u00e9gicos do brand publishing at\u00e9 a implementa\u00e7\u00e3o e opera\u00e7\u00e3o de plataformas de conte\u00fado. Os temas abordados incluem a governan\u00e7a de marca e a integra\u00e7\u00e3o das lideran\u00e7as ao processo de comunica\u00e7\u00e3o, al\u00e9m da distribui\u00e7\u00e3o e o uso de dados propriet\u00e1rios para a constru\u00e7\u00e3o de audi\u00eancia. A \u00faltima parte apresenta cases de sucesso de marcas que j\u00e1 aplicam o brand publishing com resultados relevantes. Uma obra imperd\u00edvel para profissionais e estudantes que buscam se destacar em um mercado cada vez mais competitivo.<\/p>\n<p><strong>T\u00edtulo: <\/strong>Brand Publishing na Pr\u00e1tica<strong><br \/>\nAutor: <\/strong>Paulo Henrique Ferreira<strong><br \/>\nP\u00e1ginas: <\/strong>216<strong><br \/>\nEditora: <\/strong>Robecca &amp; CO<\/p>\n","protected":false},"excerpt":{"rendered":"<p>O livro \u201cBrand Publishing na Pr\u00e1tica\u201d re\u00fane a expertise de 18 profissionais das \u00e1reas de comunica\u00e7\u00e3o e gest\u00e3o de grandes marcas. A ideia da obra \u00e9 mostrar como a cria\u00e7\u00e3o de conte\u00fados propriet\u00e1rios constr\u00f3i confian\u00e7a, gera engajamento real e produz resultados sustent\u00e1veis. Composto por 216 p\u00e1ginas, o livro &#8220;Brand Publishing na Pr\u00e1tica&#8221; \u00e9 estruturado em &hellip; <a href=\"https:\/\/www.aberje.com.br\/editora\/livro\/brand-publishing-na-pratica\/\" class=\"more-link\">Continuar lendo <span class=\"screen-reader-text\">Brand Publishing na Pr\u00e1tica<\/span><\/a><\/p>\n","protected":false},"featured_media":130618,"template":"","meta":{"_acf_changed":false},"product_brand":[],"product_cat":[54,81,80],"product_tag":[],"class_list":{"0":"post-130614","1":"product","2":"type-product","3":"status-publish","4":"has-post-thumbnail","6":"product_cat-livros-aberje","7":"product_cat-todos-os-livros","8":"product_cat-todos","10":"first","11":"instock","12":"shipping-taxable","13":"product-type-external"},"acf":[],"_links":{"self":[{"href":"https:\/\/www.aberje.com.br\/editora\/wp-json\/wp\/v2\/product\/130614","targetHints":{"allow":["GET"]}}],"collection":[{"href":"https:\/\/www.aberje.com.br\/editora\/wp-json\/wp\/v2\/product"}],"about":[{"href":"https:\/\/www.aberje.com.br\/editora\/wp-json\/wp\/v2\/types\/product"}],"wp:featuredmedia":[{"embeddable":true,"href":"https:\/\/www.aberje.com.br\/editora\/wp-json\/wp\/v2\/media\/130618"}],"wp:attachment":[{"href":"https:\/\/www.aberje.com.br\/editora\/wp-json\/wp\/v2\/media?parent=130614"}],"wp:term":[{"taxonomy":"product_brand","embeddable":true,"href":"https:\/\/www.aberje.com.br\/editora\/wp-json\/wp\/v2\/product_brand?post=130614"},{"taxonomy":"product_cat","embeddable":true,"href":"https:\/\/www.aberje.com.br\/editora\/wp-json\/wp\/v2\/product_cat?post=130614"},{"taxonomy":"product_tag","embeddable":true,"href":"https:\/\/www.aberje.com.br\/editora\/wp-json\/wp\/v2\/product_tag?post=130614"}],"curies":[{"name":"wp","href":"https:\/\/api.w.org\/{rel}","templated":true}]}}