{"id":130520,"date":"2024-05-21T15:04:25","date_gmt":"2024-05-21T18:04:25","guid":{"rendered":"https:\/\/www.aberje.com.br\/editora\/?post_type=product&#038;p=130520"},"modified":"2024-12-01T00:24:04","modified_gmt":"2024-12-01T03:24:04","slug":"o-triunfo-das-paixoes","status":"publish","type":"product","link":"https:\/\/www.aberje.com.br\/editora\/livro\/o-triunfo-das-paixoes\/","title":{"rendered":"O Triunfo das Paix\u00f5es"},"content":{"rendered":"<p style=\"font-weight: 400;\">Um dos maiores fil\u00f3sofos da modernidade contestou o imp\u00e9rio da Raz\u00e3o nos campos do conhecimento e da moral, atribuindo \u00e0s paix\u00f5es, aos sentimentos, aos impulsos, o governo da vida social e da pr\u00f3pria ideia de justi\u00e7a. Trezentos anos depois, suas ideias continuam vivas e dialogam com uma realidade social com a qual ele mesmo sequer poderia sonhar: a nossa.<\/p>\n<p style=\"font-weight: 400;\">\u00c9 o que Hamilton dos Santos nos mostra em seu livro \u201cO triunfo das paix\u00f5es: David Hume e as artimanhas da natureza humana\u201d. Mais do que nunca, nossa moralidade, pol\u00edtica, propaganda, empreendedorismo, al\u00e9m de grandes ind\u00fastrias como o esporte, a moda e os espet\u00e1culos, t\u00eam como eixo central um discurso calcado em paix\u00f5es \u2014 s\u00e3o a compaix\u00e3o, o \u00f3dio, a empatia, o \u00eaxtase, a vergonha, o orgulho, que est\u00e3o na base de nossos valores. Um fil\u00f3sofo que soube depreender das paix\u00f5es as ideias de justi\u00e7a e de harmonia social, portanto, continua imprescind\u00edvel. O livro \u00e9 ao mesmo tempo uma introdu\u00e7\u00e3o em linguagem acess\u00edvel a um dos pensadores mais influentes de toda a hist\u00f3ria e uma an\u00e1lise aprofundada de sua teoria das paix\u00f5es, resultado de uma pesquisa original defendida como tese de doutoramento em Filosofia na Universidade de S\u00e3o Paulo.<\/p>\n<p><strong>T\u00edtulo: <\/strong>O Triunfo das Paix\u00f5es: David Hume e as artimanhas da natureza humana<strong><br \/>\nAutor: <\/strong>Hamilton dos Santos<strong><br \/>\nP\u00e1ginas: <\/strong>228<strong><br \/>\nEditora:\u00a0<\/strong>Iluminuras<\/p>\n","protected":false},"excerpt":{"rendered":"<p>Um dos maiores fil\u00f3sofos da modernidade contestou o imp\u00e9rio da Raz\u00e3o nos campos do conhecimento e da moral, atribuindo \u00e0s paix\u00f5es, aos sentimentos, aos impulsos, o governo da vida social e da pr\u00f3pria ideia de justi\u00e7a. Trezentos anos depois, suas ideias continuam vivas e dialogam com uma realidade social com a qual ele mesmo sequer &hellip; <a href=\"https:\/\/www.aberje.com.br\/editora\/livro\/o-triunfo-das-paixoes\/\" class=\"more-link\">Continuar lendo <span class=\"screen-reader-text\">O Triunfo das Paix\u00f5es<\/span><\/a><\/p>\n","protected":false},"featured_media":130521,"template":"","meta":{"_acf_changed":false},"product_brand":[],"product_cat":[80,62],"product_tag":[],"class_list":{"0":"post-130520","1":"product","2":"type-product","3":"status-publish","4":"has-post-thumbnail","6":"product_cat-todos","7":"product_cat-reputacao","8":"product_shipping_class-frete-economico","10":"first","11":"instock","12":"shipping-taxable","13":"purchasable","14":"product-type-simple"},"acf":[],"_links":{"self":[{"href":"https:\/\/www.aberje.com.br\/editora\/wp-json\/wp\/v2\/product\/130520","targetHints":{"allow":["GET"]}}],"collection":[{"href":"https:\/\/www.aberje.com.br\/editora\/wp-json\/wp\/v2\/product"}],"about":[{"href":"https:\/\/www.aberje.com.br\/editora\/wp-json\/wp\/v2\/types\/product"}],"wp:featuredmedia":[{"embeddable":true,"href":"https:\/\/www.aberje.com.br\/editora\/wp-json\/wp\/v2\/media\/130521"}],"wp:attachment":[{"href":"https:\/\/www.aberje.com.br\/editora\/wp-json\/wp\/v2\/media?parent=130520"}],"wp:term":[{"taxonomy":"product_brand","embeddable":true,"href":"https:\/\/www.aberje.com.br\/editora\/wp-json\/wp\/v2\/product_brand?post=130520"},{"taxonomy":"product_cat","embeddable":true,"href":"https:\/\/www.aberje.com.br\/editora\/wp-json\/wp\/v2\/product_cat?post=130520"},{"taxonomy":"product_tag","embeddable":true,"href":"https:\/\/www.aberje.com.br\/editora\/wp-json\/wp\/v2\/product_tag?post=130520"}],"curies":[{"name":"wp","href":"https:\/\/api.w.org\/{rel}","templated":true}]}}