{"id":130426,"date":"2023-12-01T13:36:12","date_gmt":"2023-12-01T16:36:12","guid":{"rendered":"https:\/\/www.aberje.com.br\/editora\/?post_type=product&#038;p=130426"},"modified":"2025-07-23T10:54:53","modified_gmt":"2025-07-23T13:54:53","slug":"riscos-de-comunicacao","status":"publish","type":"product","link":"https:\/\/www.aberje.com.br\/editora\/livro\/riscos-de-comunicacao\/","title":{"rendered":"Riscos de Comunica\u00e7\u00e3o"},"content":{"rendered":"<div class=\"formRow\">\n<div class=\"par fieldWidth2 parReadOnly par_formTextarea\">\n<div class=\"field fieldReadOnly\"><span class=\"text textArea\">O pesquisador e rela\u00e7\u00f5es-p\u00fablicas Sergio Andreucci agregou sua longa e bem-sucedida carreira em setores vitais para a sociedade e com constantes sensibilidades comunicacionais a um trabalho cient\u00edfico de f\u00f4lego, reunindo t\u00e9cnica e pesquisa em um s\u00f3 espa\u00e7o. Deu origem, por fim, a um livro que \u00e9 mais que um manual; trata-se de um documento que re\u00fane informa\u00e7\u00f5es privilegiadas sobre como lidar e antecipar-se a riscos, tornando a comunica\u00e7\u00e3o um elemento estrat\u00e9gico, capaz de contribuir com resultados mais eficazes para o cumprimento de objetivos e de metas corporativos.<\/span><\/div>\n<\/div>\n<\/div>\n<div class=\"formRow\"><\/div>\n<div class=\"formRow\">\n<div class=\"par fieldWidth2 parReadOnly par_formTextarea\">\n<p><strong>T\u00edtulo:<\/strong> Riscos de Comunica\u00e7\u00e3o:<\/p>\n<div class=\"par parReadOnly par_formText\">\n<div class=\"field fieldReadOnly\"><span class=\"text\">A Relev\u00e2ncia da Gest\u00e3o de Identidades nas Rela\u00e7\u00f5es P\u00fablicas<\/span><\/div>\n<\/div>\n<p><strong>Autor:\u00a0<\/strong>S\u00e9rgio Andreucci<br \/>\n<strong>N\u00famero de p\u00e1ginas: <\/strong>336<br \/>\n<strong>Ano:<\/strong> 2023<\/p>\n<\/div>\n<\/div>\n","protected":false},"excerpt":{"rendered":"<p>O pesquisador e rela\u00e7\u00f5es-p\u00fablicas Sergio Andreucci agregou sua longa e bem-sucedida carreira em setores vitais para a sociedade e com constantes sensibilidades comunicacionais a um trabalho cient\u00edfico de f\u00f4lego, reunindo t\u00e9cnica e pesquisa em um s\u00f3 espa\u00e7o. Deu origem, por fim, a um livro que \u00e9 mais que um manual; trata-se de um documento que &hellip; <a href=\"https:\/\/www.aberje.com.br\/editora\/livro\/riscos-de-comunicacao\/\" class=\"more-link\">Continuar lendo <span class=\"screen-reader-text\">Riscos de Comunica\u00e7\u00e3o<\/span><\/a><\/p>\n","protected":false},"featured_media":130427,"template":"","meta":{"_acf_changed":false},"product_brand":[],"product_cat":[57,54,80,81],"product_tag":[],"class_list":{"0":"post-130426","1":"product","2":"type-product","3":"status-publish","4":"has-post-thumbnail","6":"product_cat-ebooks","7":"product_cat-livros-aberje","8":"product_cat-todos","9":"product_cat-todos-os-livros","11":"first","12":"outofstock","13":"virtual","14":"purchasable","15":"product-type-simple"},"acf":[],"_links":{"self":[{"href":"https:\/\/www.aberje.com.br\/editora\/wp-json\/wp\/v2\/product\/130426","targetHints":{"allow":["GET"]}}],"collection":[{"href":"https:\/\/www.aberje.com.br\/editora\/wp-json\/wp\/v2\/product"}],"about":[{"href":"https:\/\/www.aberje.com.br\/editora\/wp-json\/wp\/v2\/types\/product"}],"wp:featuredmedia":[{"embeddable":true,"href":"https:\/\/www.aberje.com.br\/editora\/wp-json\/wp\/v2\/media\/130427"}],"wp:attachment":[{"href":"https:\/\/www.aberje.com.br\/editora\/wp-json\/wp\/v2\/media?parent=130426"}],"wp:term":[{"taxonomy":"product_brand","embeddable":true,"href":"https:\/\/www.aberje.com.br\/editora\/wp-json\/wp\/v2\/product_brand?post=130426"},{"taxonomy":"product_cat","embeddable":true,"href":"https:\/\/www.aberje.com.br\/editora\/wp-json\/wp\/v2\/product_cat?post=130426"},{"taxonomy":"product_tag","embeddable":true,"href":"https:\/\/www.aberje.com.br\/editora\/wp-json\/wp\/v2\/product_tag?post=130426"}],"curies":[{"name":"wp","href":"https:\/\/api.w.org\/{rel}","templated":true}]}}