{"id":130341,"date":"2023-09-26T10:29:54","date_gmt":"2023-09-26T13:29:54","guid":{"rendered":"https:\/\/www.aberje.com.br\/editora\/?post_type=product&#038;p=130341"},"modified":"2026-03-25T06:31:38","modified_gmt":"2026-03-25T09:31:38","slug":"muito-alem-do-media-training-o-porta-voz-na-era-da-hiperconexao","status":"publish","type":"product","link":"https:\/\/www.aberje.com.br\/editora\/livro\/muito-alem-do-media-training-o-porta-voz-na-era-da-hiperconexao\/","title":{"rendered":"Muito al\u00e9m do media training \u2013 O porta-voz na era da hiperconex\u00e3o"},"content":{"rendered":"<p>Quando a sociedade come\u00e7ou a cobrar posicionamento das empresas, al\u00e9m da simples produ\u00e7\u00e3o e venda de mercadorias, muitos profissionais de comunica\u00e7\u00e3o passaram a se dedicar ao treinamento de interlocutores. Assim, diretores e presidentes de grandes companhias passavam por media trainings para serem legitimados como \u201cporta-vozes oficiais\u201d. Essa necessidade continua presente, mas, numa era diferente da informa\u00e7\u00e3o, quase todo funcion\u00e1rio da empresa, independentemente da hierarquia, pode ter seu momento de \u201cporta-voz\u201d. Neste novo contexto, o media training n\u00e3o pode mais ser algo ferramental, mas um processo que faz parte da transforma\u00e7\u00e3o das institui\u00e7\u00f5es e do seu posicionamento na sociedade.\u00a0 Essa \u00e9 apenas uma das reflex\u00f5es que traz a obra que Patr\u00edcia Marins e Miriam Moura iniciaram em 2015, com entrevistas, dados e muita experi\u00eancia de quem j\u00e1 atua h\u00e1 d\u00e9cadas na capacita\u00e7\u00e3o de mais de 12 mil porta-vozes e l\u00edderes de todas as \u00e1reas. Neste livro elas compartilham suas experi\u00eancias, aprendizados, t\u00e9cnicas, a\u00e7\u00f5es e estrat\u00e9gias essenciais para quem trabalha com comunica\u00e7\u00e3o corporativa.<\/p>\n<p>Ao adquirir esse livro, receber\u00e1 a edi\u00e7\u00e3o atualizada, lan\u00e7ada em agosto de 2024. O conte\u00fado da 2\u00aa edi\u00e7\u00e3o \u00e9 similar ao da 1\u00aa, com informa\u00e7\u00f5es atualizadas sobre esse tema extremamente relevante para o universo da comunica\u00e7\u00e3o.<\/p>\n<p>&nbsp;<\/p>\n<p><strong>T\u00edtulo:<\/strong> Muito al\u00e9m do media training &#8211; O porta-voz na era da hiperconex\u00e3o<br \/>\n<strong>Autor: <\/strong>Patr\u00edcia Marins e Miriam Moura<br \/>\n<strong>N\u00famero de p\u00e1ginas: <\/strong>340<br \/>\n<strong>Ano:<\/strong> 2023 (primeira edi\u00e7\u00e3o)<br \/>\n2024 (segunda edi\u00e7\u00e3o)<\/p>\n","protected":false},"excerpt":{"rendered":"<p>O media training n\u00e3o pode mais ser algo ferramental, mas um processo que faz parte da transforma\u00e7\u00e3o das institui\u00e7\u00f5es e do seu posicionamento na sociedade.\u00a0 Essa \u00e9 apenas uma das reflex\u00f5es que traz a obra que Patr\u00edcia Marins e Miriam Moura iniciaram em 2015, com entrevistas, dados e muita experi\u00eancia de quem j\u00e1 atua h\u00e1 d\u00e9cadas na capacita\u00e7\u00e3o de mais de 12 mil porta-vozes e l\u00edderes de todas as \u00e1reas.<\/p>\n","protected":false},"featured_media":130349,"template":"","meta":{"_acf_changed":false},"product_brand":[],"product_cat":[54,57,58,62,80],"product_tag":[],"class_list":{"0":"post-130341","1":"product","2":"type-product","3":"status-publish","4":"has-post-thumbnail","6":"product_cat-livros-aberje","7":"product_cat-ebooks","8":"product_cat-lancamentos","9":"product_cat-reputacao","10":"product_cat-todos","11":"product_shipping_class-frete-economico","13":"first","14":"instock","15":"shipping-taxable","16":"purchasable","17":"product-type-simple"},"acf":[],"_links":{"self":[{"href":"https:\/\/www.aberje.com.br\/editora\/wp-json\/wp\/v2\/product\/130341","targetHints":{"allow":["GET"]}}],"collection":[{"href":"https:\/\/www.aberje.com.br\/editora\/wp-json\/wp\/v2\/product"}],"about":[{"href":"https:\/\/www.aberje.com.br\/editora\/wp-json\/wp\/v2\/types\/product"}],"wp:featuredmedia":[{"embeddable":true,"href":"https:\/\/www.aberje.com.br\/editora\/wp-json\/wp\/v2\/media\/130349"}],"wp:attachment":[{"href":"https:\/\/www.aberje.com.br\/editora\/wp-json\/wp\/v2\/media?parent=130341"}],"wp:term":[{"taxonomy":"product_brand","embeddable":true,"href":"https:\/\/www.aberje.com.br\/editora\/wp-json\/wp\/v2\/product_brand?post=130341"},{"taxonomy":"product_cat","embeddable":true,"href":"https:\/\/www.aberje.com.br\/editora\/wp-json\/wp\/v2\/product_cat?post=130341"},{"taxonomy":"product_tag","embeddable":true,"href":"https:\/\/www.aberje.com.br\/editora\/wp-json\/wp\/v2\/product_tag?post=130341"}],"curies":[{"name":"wp","href":"https:\/\/api.w.org\/{rel}","templated":true}]}}