{"id":130142,"date":"2023-07-25T16:10:09","date_gmt":"2023-07-25T19:10:09","guid":{"rendered":"https:\/\/www.aberje.com.br\/editora\/?post_type=product&#038;p=130142"},"modified":"2026-03-31T11:21:09","modified_gmt":"2026-03-31T14:21:09","slug":"como-implementar-uma-estrategia-esg-do-proposito-a-acao","status":"publish","type":"product","link":"https:\/\/www.aberje.com.br\/editora\/livro\/como-implementar-uma-estrategia-esg-do-proposito-a-acao\/","title":{"rendered":"Como Implementar uma Estrat\u00e9gia ESG: do prop\u00f3sito \u00e0 a\u00e7\u00e3o"},"content":{"rendered":"<p>Ao percorrer os cap\u00edtulos deste livro, o leitor saber\u00e1 dimensionar a evolu\u00e7\u00e3o da agenda da sustentabilidade atualmente ressignificado pela sigla ESG. A \u00eanfase da sigla na capa tem por objetivo capturar a aten\u00e7\u00e3o de um grande e crescente n\u00famero de interessados sobre o assunto e convid\u00e1-los a debater o tema em profundidade, a partir de metodologias e casos exemplares.<\/p>\n<p><strong>T\u00edtulo:<\/strong> Como Implementar uma Estrat\u00e9gia ESG: do prop\u00f3sito \u00e0 a\u00e7\u00e3o<br \/>\n<strong>Autor:\u00a0<\/strong>Rodolfo Witzig Guttilla<br \/>\n<strong>N\u00famero de p\u00e1ginas: <\/strong>109<br \/>\n<strong>Ano:<\/strong> 2023<\/p>\n","protected":false},"excerpt":{"rendered":"<p>Ao percorrer os cap\u00edtulos deste livro, o leitor saber\u00e1 dimensionar a evolu\u00e7\u00e3o da agenda da sustentabilidade atualmente ressignificado pela sigla ESG. A \u00eanfase da sigla na capa tem por objetivo capturar a aten\u00e7\u00e3o de um grande e crescente n\u00famero de interessados sobre o assunto e convid\u00e1-los a debater o tema em profundidade, a partir de &hellip; <a href=\"https:\/\/www.aberje.com.br\/editora\/livro\/como-implementar-uma-estrategia-esg-do-proposito-a-acao\/\" class=\"more-link\">Continuar lendo <span class=\"screen-reader-text\">Como Implementar uma Estrat\u00e9gia ESG: do prop\u00f3sito \u00e0 a\u00e7\u00e3o<\/span><\/a><\/p>\n","protected":false},"featured_media":130143,"template":"","meta":{"_acf_changed":false},"product_brand":[],"product_cat":[54,80],"product_tag":[64],"class_list":{"0":"post-130142","1":"product","2":"type-product","3":"status-publish","4":"has-post-thumbnail","6":"product_cat-livros-aberje","7":"product_cat-todos","8":"product_tag-rodolfo-witzig-guttilla","9":"product_shipping_class-frete-economico","11":"first","12":"instock","13":"shipping-taxable","14":"purchasable","15":"product-type-simple"},"acf":[],"_links":{"self":[{"href":"https:\/\/www.aberje.com.br\/editora\/wp-json\/wp\/v2\/product\/130142","targetHints":{"allow":["GET"]}}],"collection":[{"href":"https:\/\/www.aberje.com.br\/editora\/wp-json\/wp\/v2\/product"}],"about":[{"href":"https:\/\/www.aberje.com.br\/editora\/wp-json\/wp\/v2\/types\/product"}],"wp:featuredmedia":[{"embeddable":true,"href":"https:\/\/www.aberje.com.br\/editora\/wp-json\/wp\/v2\/media\/130143"}],"wp:attachment":[{"href":"https:\/\/www.aberje.com.br\/editora\/wp-json\/wp\/v2\/media?parent=130142"}],"wp:term":[{"taxonomy":"product_brand","embeddable":true,"href":"https:\/\/www.aberje.com.br\/editora\/wp-json\/wp\/v2\/product_brand?post=130142"},{"taxonomy":"product_cat","embeddable":true,"href":"https:\/\/www.aberje.com.br\/editora\/wp-json\/wp\/v2\/product_cat?post=130142"},{"taxonomy":"product_tag","embeddable":true,"href":"https:\/\/www.aberje.com.br\/editora\/wp-json\/wp\/v2\/product_tag?post=130142"}],"curies":[{"name":"wp","href":"https:\/\/api.w.org\/{rel}","templated":true}]}}