{"id":129840,"date":"2023-05-02T12:58:52","date_gmt":"2023-05-02T15:58:52","guid":{"rendered":"https:\/\/aberje.com.br\/editora\/?post_type=product&#038;p=129840"},"modified":"2025-12-03T17:50:22","modified_gmt":"2025-12-03T20:50:22","slug":"guia-de-comunicacao-para-o-agronegocio","status":"publish","type":"product","link":"https:\/\/www.aberje.com.br\/editora\/livro\/guia-de-comunicacao-para-o-agronegocio\/","title":{"rendered":"Guia de Comunica\u00e7\u00e3o para o Agroneg\u00f3cio"},"content":{"rendered":"<p>Ap\u00f3s a realiza\u00e7\u00e3o de mais de 10 edi\u00e7\u00f5es do Lab de Comunica\u00e7\u00e3o para o Agroneg\u00f3cio e de duas edi\u00e7\u00f5es da pesquisa A Comunica\u00e7\u00e3o do Agroneg\u00f3cio no Brasil, a Aberje (Associa\u00e7\u00e3o Brasileira de Comunica\u00e7\u00e3o Empresarial), sentiu que era o momento de organizar todo o conhecimento gerado pela entidade ao longo dos \u00faltimos anos em um livro. Para a realiza\u00e7\u00e3o desta obra, o autor Nicholas Vital, jornalista e escritor com anos de experi\u00eancia no agroneg\u00f3cio, contou com o expertise da \u00e1rea de pesquisas da Aberje, que realizou um estudo com diversas organiza\u00e7\u00f5es, al\u00e9m dos contatos desta grande rede de associados para fazer entrevistas com executivos de grandes empresas do setor. O resultado \u00e9 uma obra que traz dados e reflex\u00f5es importantes para todo o comunicador que quer compreender mais sobre como o agro brasileiro pode se comunicar melhor com todos os seus p\u00fablicos.<\/p>\n<p><strong>T\u00edtulo: <\/strong>Guia de Comunica\u00e7\u00e3o para o Agroneg\u00f3cio &#8211; Estrat\u00e9gias para melhorar a reputa\u00e7\u00e3o do setor por meio de uma comunica\u00e7\u00e3o efetiva<br \/>\n<strong>Autor:\u00a0<\/strong>Nicholas Vital<br \/>\n<strong>N\u00famero de p\u00e1ginas: <\/strong>244<br \/>\n<strong>Editora:\u00a0<\/strong>Aberje Editorial<\/p>\n","protected":false},"excerpt":{"rendered":"<p>Ap\u00f3s a realiza\u00e7\u00e3o de mais de 10 edi\u00e7\u00f5es do Lab de Comunica\u00e7\u00e3o para o Agroneg\u00f3cio e de duas edi\u00e7\u00f5es da pesquisa A Comunica\u00e7\u00e3o do Agroneg\u00f3cio no Brasil, a Aberje (Associa\u00e7\u00e3o Brasileira de Comunica\u00e7\u00e3o Empresarial), sentiu que era o momento de organizar todo o conhecimento gerado pela entidade ao longo dos \u00faltimos anos em um livro. &hellip; <a href=\"https:\/\/www.aberje.com.br\/editora\/livro\/guia-de-comunicacao-para-o-agronegocio\/\" class=\"more-link\">Continuar lendo <span class=\"screen-reader-text\">Guia de Comunica\u00e7\u00e3o para o Agroneg\u00f3cio<\/span><\/a><\/p>\n","protected":false},"featured_media":129841,"template":"","meta":{"_acf_changed":false},"product_brand":[],"product_cat":[57,58,54,80],"product_tag":[65],"class_list":{"0":"post-129840","1":"product","2":"type-product","3":"status-publish","4":"has-post-thumbnail","6":"product_cat-ebooks","7":"product_cat-lancamentos","8":"product_cat-livros-aberje","9":"product_cat-todos","10":"product_tag-nicholas-vital","11":"product_shipping_class-frete-economico","13":"first","14":"instock","15":"shipping-taxable","16":"purchasable","17":"product-type-simple"},"acf":[],"_links":{"self":[{"href":"https:\/\/www.aberje.com.br\/editora\/wp-json\/wp\/v2\/product\/129840","targetHints":{"allow":["GET"]}}],"collection":[{"href":"https:\/\/www.aberje.com.br\/editora\/wp-json\/wp\/v2\/product"}],"about":[{"href":"https:\/\/www.aberje.com.br\/editora\/wp-json\/wp\/v2\/types\/product"}],"wp:featuredmedia":[{"embeddable":true,"href":"https:\/\/www.aberje.com.br\/editora\/wp-json\/wp\/v2\/media\/129841"}],"wp:attachment":[{"href":"https:\/\/www.aberje.com.br\/editora\/wp-json\/wp\/v2\/media?parent=129840"}],"wp:term":[{"taxonomy":"product_brand","embeddable":true,"href":"https:\/\/www.aberje.com.br\/editora\/wp-json\/wp\/v2\/product_brand?post=129840"},{"taxonomy":"product_cat","embeddable":true,"href":"https:\/\/www.aberje.com.br\/editora\/wp-json\/wp\/v2\/product_cat?post=129840"},{"taxonomy":"product_tag","embeddable":true,"href":"https:\/\/www.aberje.com.br\/editora\/wp-json\/wp\/v2\/product_tag?post=129840"}],"curies":[{"name":"wp","href":"https:\/\/api.w.org\/{rel}","templated":true}]}}