{"id":125949,"date":"2023-03-28T11:29:56","date_gmt":"2023-03-28T14:29:56","guid":{"rendered":"https:\/\/aberje.com.br\/editora\/?post_type=product&#038;p=125949"},"modified":"2025-10-14T08:12:51","modified_gmt":"2025-10-14T11:12:51","slug":"regras-novas-jogadores-antigos","status":"publish","type":"product","link":"https:\/\/www.aberje.com.br\/editora\/livro\/regras-novas-jogadores-antigos\/","title":{"rendered":"Regras Novas, Jogadores Antigos"},"content":{"rendered":"<p>Em &#8220;Regras Novas, Jogadores Antigos &#8211; Um ensaio sobre o presente e o futuro da atividade de Rela\u00e7\u00f5es Institucionais e Governamentais (RIG)&#8221;, Leonardo Barreto e Carlos Parente mostram como as atuais rela\u00e7\u00f5es sociais, culturais e econ\u00f4micas est\u00e3o mudando o \u201cjogo\u201d da democracia no Brasil e no mundo. O livro instiga a pensar principalmente na ideia de jogos na rela\u00e7\u00e3o de poder. Jogos n\u00e3o s\u00e3o guerras; eles s\u00e3o arbitrados por institui\u00e7\u00f5es que apresentam, estabelecem \u2013 ou imp\u00f5em \u2013 regras. Vale lembrar que em uma sociedade democr\u00e1tica o resultado da partida n\u00e3o \u00e9 estabelecido de antem\u00e3o. Os jogos apresentam ideias de simetria e assimetria. Em termos de simetria, \u00e9 preciso que as regras sejam verdadeiramente novas \u2013 e essas novas regras exigem novos protagonistas.<\/p>\n<p>&nbsp;<\/p>\n<p><strong>T\u00edtulo:<\/strong> Regras Novas, Jogadores Antigos &#8211; Um ensaio sobre o presente e o futuro da atividade de Rela\u00e7\u00f5es Institucionais e Governamentais (RIG)<br \/>\n<strong>Autores: <\/strong>Carlos Parente e Leonardo Barreto<br \/>\n<strong>N\u00famero de p\u00e1ginas:\u00a0<\/strong>92<br \/>\n<strong>Editora:\u00a0<\/strong>Aberje Editorial<\/p>\n","protected":false},"excerpt":{"rendered":"<p>Em &#8220;Regras Novas, Jogadores Antigos &#8211; Um ensaio sobre o presente e o futuro da atividade de Rela\u00e7\u00f5es Institucionais e Governamentais (RIG)&#8221;, Leonardo Barreto e Carlos Parente mostram como as atuais rela\u00e7\u00f5es sociais, culturais e econ\u00f4micas est\u00e3o mudando o \u201cjogo\u201d da democracia no Brasil e no mundo.<\/p>\n","protected":false},"featured_media":125950,"template":"","meta":{"_acf_changed":false},"product_brand":[],"product_cat":[58,54,80],"product_tag":[66,67],"class_list":{"0":"post-125949","1":"product","2":"type-product","3":"status-publish","4":"has-post-thumbnail","6":"product_cat-lancamentos","7":"product_cat-livros-aberje","8":"product_cat-todos","9":"product_tag-carlos-parente","10":"product_tag-leonardo-barreto","11":"product_shipping_class-frete-economico","13":"first","14":"instock","15":"shipping-taxable","16":"purchasable","17":"product-type-simple"},"acf":[],"_links":{"self":[{"href":"https:\/\/www.aberje.com.br\/editora\/wp-json\/wp\/v2\/product\/125949","targetHints":{"allow":["GET"]}}],"collection":[{"href":"https:\/\/www.aberje.com.br\/editora\/wp-json\/wp\/v2\/product"}],"about":[{"href":"https:\/\/www.aberje.com.br\/editora\/wp-json\/wp\/v2\/types\/product"}],"wp:featuredmedia":[{"embeddable":true,"href":"https:\/\/www.aberje.com.br\/editora\/wp-json\/wp\/v2\/media\/125950"}],"wp:attachment":[{"href":"https:\/\/www.aberje.com.br\/editora\/wp-json\/wp\/v2\/media?parent=125949"}],"wp:term":[{"taxonomy":"product_brand","embeddable":true,"href":"https:\/\/www.aberje.com.br\/editora\/wp-json\/wp\/v2\/product_brand?post=125949"},{"taxonomy":"product_cat","embeddable":true,"href":"https:\/\/www.aberje.com.br\/editora\/wp-json\/wp\/v2\/product_cat?post=125949"},{"taxonomy":"product_tag","embeddable":true,"href":"https:\/\/www.aberje.com.br\/editora\/wp-json\/wp\/v2\/product_tag?post=125949"}],"curies":[{"name":"wp","href":"https:\/\/api.w.org\/{rel}","templated":true}]}}