{"id":118547,"date":"2023-02-01T10:37:39","date_gmt":"2023-02-01T13:37:39","guid":{"rendered":"https:\/\/aberje.com.br\/editora\/?post_type=product&#038;p=118547"},"modified":"2025-12-15T12:18:23","modified_gmt":"2025-12-15T15:18:23","slug":"diversos-somos-todos","status":"publish","type":"product","link":"https:\/\/www.aberje.com.br\/editora\/livro\/diversos-somos-todos\/","title":{"rendered":"Diversos Somos Todos: Valoriza\u00e7\u00e3o, promo\u00e7\u00e3o e gest\u00e3o da diversidade nas organiza\u00e7\u00f5es"},"content":{"rendered":"<p>Em tempos que muito se discute o ESG e seus desdobramentos, o livro <em>Diversos Somos Todos <\/em>traz uma abordagem \u00fanica sobre um tema cada vez mais em pauta: a diversidade dentro das corpora\u00e7\u00f5es. A partir de reflex\u00f5es, exemplos e sugest\u00f5es, Reinaldo Bulgarelli compartilha de sua valiosa experi\u00eancia no ramo e aponta caminhos para que gestores evitem a\u00e7\u00f5es ineficazes e at\u00e9 mesmo comprometedoras. \u201cValoriza\u00e7\u00e3o, promo\u00e7\u00e3o e gest\u00e3o da diversidade geram o maior aprendizado de que mais necessitamos neste momento; aquele em que vemos colocada em risco a vida no planeta\u201d, explica Bulgarelli. \u201cMais do que um guia, \u00e9 uma declara\u00e7\u00e3o de amor \u00e0 diversidade e, dentro dela, \u00e0s diferen\u00e7as e semelhan\u00e7as como caracter\u00edsticas da vida. Mas a diferen\u00e7a pela diferen\u00e7a diz pouco. \u00c9 importante reconhec\u00ea-la, compreend\u00ea-la, consider\u00e1-la\u201d, completa. Uma obra essencial para todos aqueles que querem entender como sua empresa pode se comprometer com as novas demandas da sociedade.<\/p>\n","protected":false},"excerpt":{"rendered":"<p>Em tempos que muito se discute o ESG e seus desdobramentos, o livro <em>Diversos Somos Todos <\/em>traz uma abordagem \u00fanica sobre um tema cada vez mais em pauta: a diversidade dentro das corpora\u00e7\u00f5es.<\/p>\n","protected":false},"featured_media":118548,"template":"","meta":{"_acf_changed":false},"product_brand":[],"product_cat":[57,58,54,80],"product_tag":[68],"class_list":{"0":"post-118547","1":"product","2":"type-product","3":"status-publish","4":"has-post-thumbnail","6":"product_cat-ebooks","7":"product_cat-lancamentos","8":"product_cat-livros-aberje","9":"product_cat-todos","10":"product_tag-reinaldo-bulgarelli","11":"product_shipping_class-frete-economico","13":"first","14":"outofstock","15":"shipping-taxable","16":"purchasable","17":"product-type-simple"},"acf":[],"_links":{"self":[{"href":"https:\/\/www.aberje.com.br\/editora\/wp-json\/wp\/v2\/product\/118547","targetHints":{"allow":["GET"]}}],"collection":[{"href":"https:\/\/www.aberje.com.br\/editora\/wp-json\/wp\/v2\/product"}],"about":[{"href":"https:\/\/www.aberje.com.br\/editora\/wp-json\/wp\/v2\/types\/product"}],"wp:featuredmedia":[{"embeddable":true,"href":"https:\/\/www.aberje.com.br\/editora\/wp-json\/wp\/v2\/media\/118548"}],"wp:attachment":[{"href":"https:\/\/www.aberje.com.br\/editora\/wp-json\/wp\/v2\/media?parent=118547"}],"wp:term":[{"taxonomy":"product_brand","embeddable":true,"href":"https:\/\/www.aberje.com.br\/editora\/wp-json\/wp\/v2\/product_brand?post=118547"},{"taxonomy":"product_cat","embeddable":true,"href":"https:\/\/www.aberje.com.br\/editora\/wp-json\/wp\/v2\/product_cat?post=118547"},{"taxonomy":"product_tag","embeddable":true,"href":"https:\/\/www.aberje.com.br\/editora\/wp-json\/wp\/v2\/product_tag?post=118547"}],"curies":[{"name":"wp","href":"https:\/\/api.w.org\/{rel}","templated":true}]}}