{"id":105149,"date":"2022-09-02T11:08:35","date_gmt":"2022-09-02T14:08:35","guid":{"rendered":"https:\/\/aberje.com.br\/editora\/?post_type=product&#038;p=105149"},"modified":"2025-06-02T12:30:00","modified_gmt":"2025-06-02T15:30:00","slug":"reputacao-e-valor-compartilhado","status":"publish","type":"product","link":"https:\/\/www.aberje.com.br\/editora\/livro\/reputacao-e-valor-compartilhado\/","title":{"rendered":"Reputa\u00e7\u00e3o e Valor Compartilhado"},"content":{"rendered":"<p>A partir de an\u00e1lises e entrevistas, o livro Reputa\u00e7\u00e3o e Valor Compartilhado: Conversas com CEOs Empresas L\u00edderes em ESG traz exemplos de como Luiza Helena Trajano, Presidente do Conselho de Administra\u00e7\u00e3o do Magalu, e seus colegas CEOS de 12 empresas l\u00edderes em ESG no Brasil abordam a import\u00e2ncia da gera\u00e7\u00e3o de valor compartilhado e a reputa\u00e7\u00e3o como ativo intang\u00edvel estrat\u00e9gico.<\/p>\n<p>&nbsp;<\/p>\n<p><strong>T\u00edtulo:<\/strong> Reputa\u00e7\u00e3o e Valor Compartilhado &#8211; Conversas com CEOs das empresas l\u00edderes em ESG<br \/>\n<strong>Autoras:\u00a0<\/strong>Elisa Prado e Tatiana Maia Lins<br \/>\n<strong>N\u00famero de p\u00e1ginas:\u00a0<\/strong>244<br \/>\n<strong>Editora:\u00a0<\/strong>Aberje Editorial<\/p>\n","protected":false},"excerpt":{"rendered":"<p>A partir de an\u00e1lises e entrevistas, o livro Reputa\u00e7\u00e3o e Valor Compartilhado: Conversas com CEOs Empresas L\u00edderes em ESG traz exemplos de como Luiza Helena Trajano, Presidente do Conselho de Administra\u00e7\u00e3o do Magalu, e seus colegas CEOS de 12 empresas l\u00edderes em ESG no Brasil abordam a import\u00e2ncia da gera\u00e7\u00e3o de valor compartilhado e a &hellip; <a href=\"https:\/\/www.aberje.com.br\/editora\/livro\/reputacao-e-valor-compartilhado\/\" class=\"more-link\">Continuar lendo <span class=\"screen-reader-text\">Reputa\u00e7\u00e3o e Valor Compartilhado<\/span><\/a><\/p>\n","protected":false},"featured_media":105150,"template":"","meta":{"_acf_changed":false},"product_brand":[],"product_cat":[80,57,54,62],"product_tag":[69,70],"class_list":{"0":"post-105149","1":"product","2":"type-product","3":"status-publish","4":"has-post-thumbnail","6":"product_cat-todos","7":"product_cat-ebooks","8":"product_cat-livros-aberje","9":"product_cat-reputacao","10":"product_tag-elisa-prado","11":"product_tag-tatiana-maia-lins","12":"product_shipping_class-frete-economico","14":"first","15":"outofstock","16":"shipping-taxable","17":"purchasable","18":"product-type-simple"},"acf":[],"_links":{"self":[{"href":"https:\/\/www.aberje.com.br\/editora\/wp-json\/wp\/v2\/product\/105149","targetHints":{"allow":["GET"]}}],"collection":[{"href":"https:\/\/www.aberje.com.br\/editora\/wp-json\/wp\/v2\/product"}],"about":[{"href":"https:\/\/www.aberje.com.br\/editora\/wp-json\/wp\/v2\/types\/product"}],"wp:featuredmedia":[{"embeddable":true,"href":"https:\/\/www.aberje.com.br\/editora\/wp-json\/wp\/v2\/media\/105150"}],"wp:attachment":[{"href":"https:\/\/www.aberje.com.br\/editora\/wp-json\/wp\/v2\/media?parent=105149"}],"wp:term":[{"taxonomy":"product_brand","embeddable":true,"href":"https:\/\/www.aberje.com.br\/editora\/wp-json\/wp\/v2\/product_brand?post=105149"},{"taxonomy":"product_cat","embeddable":true,"href":"https:\/\/www.aberje.com.br\/editora\/wp-json\/wp\/v2\/product_cat?post=105149"},{"taxonomy":"product_tag","embeddable":true,"href":"https:\/\/www.aberje.com.br\/editora\/wp-json\/wp\/v2\/product_tag?post=105149"}],"curies":[{"name":"wp","href":"https:\/\/api.w.org\/{rel}","templated":true}]}}