{"id":75,"date":"2021-03-25T00:31:17","date_gmt":"2021-03-25T00:31:17","guid":{"rendered":"https:\/\/www.aberje.com.br\/ce\/?page_id=75"},"modified":"2024-02-07T16:34:42","modified_gmt":"2024-02-07T16:34:42","slug":"anuncie","status":"publish","type":"page","link":"https:\/\/www.aberje.com.br\/ce\/anuncie\/","title":{"rendered":"ANUNCIE"},"content":{"rendered":"<p>Maior refer\u00eancia em comunica\u00e7\u00e3o empresarial, a Aberje oferece diferentes formas para voc\u00ea entrar em contato com um p\u00fablico bastante selecionado: profissionais de comunica\u00e7\u00e3o e marketing atuantes em organiza\u00e7\u00f5es da sociedade civil, Governos e empresas de diversos setores de neg\u00f3cio, e especificamente assessorias de imprensa, organizadores de eventos, gr\u00e1ficas e editoras, especialistas em hist\u00f3ria e mem\u00f3ria, bureaus de design, consultorias de recursos humanos, ve\u00edculos de comunica\u00e7\u00e3o impressa, audiovisual e digital, estrategistas em assuntos corporativos e rela\u00e7\u00f5es governamentais, ag\u00eancias de publicidade e outros fornecedores de interfaces de intera\u00e7\u00e3o.<\/p>\n<p>A Plataforma Digital Aberje, a Revista Comunica\u00e7\u00e3o Empresarial e a Newsletter Internacional BRpr s\u00e3o alguns exemplos de uma excelente oportunidade para aproximar sua marca de um grupo exigente, qualificado e propositivo.<\/p>\n<p>Visualize os m\u00eddias-kits dispon\u00edveis abaixo. E n\u00e3o deixe de entrar em contato com Jovanka Mariana no 11 5627-9090 ramal 822 ou jovanka@aberje.com.br para saber mais sobre outras possibilidades de patroc\u00ednio de eventos e projetos especiais.<\/p>\n<h4>PLATAFORMA DIGITAL ABERJE<\/h4>\n<p><a href=\"\/wp-content\/uploads\/2020\/08\/M\u00eddia-Kit-Plataforma2020.pdf\" target=\"_blank\" rel=\"noopener noreferrer\"><img loading=\"lazy\" decoding=\"async\" class=\"alignleft wp-image-41571 size-full\" src=\"http:\/\/www.aberje.com.br\/wp-content\/uploads\/2020\/08\/0001.jpg\" alt=\"\" width=\"600\" height=\"424\" \/><\/a><\/p>\n<h4>REVISTA COMUNICA\u00c7\u00c3O EMPRESARIAL<\/h4>\n<p><a href=\"\/MidiaKit\/107_2021.pdf\" target=\"_blank\" rel=\"noopener\"><img loading=\"lazy\" decoding=\"async\" class=\"wp-image-53335 size-full alignleft\" src=\"https:\/\/www.aberje.com.br\/wp-content\/uploads\/2021\/02\/midiaKit.png\" alt=\"\" width=\"600\" height=\"374\" \/><\/a><\/p>\n<h4>NEWSLETTER BRPR<\/h4>\n<p><a href=\"\/wp-content\/uploads\/2020\/08\/Mi\u0301dia-Kit-Plataforma.pdf\" target=\"_blank\" rel=\"noopener noreferrer\"><img loading=\"lazy\" decoding=\"async\" class=\"alignleft wp-image-41572 size-full\" src=\"http:\/\/www.aberje.com.br\/wp-content\/uploads\/2020\/08\/Apresentac\u0327a\u0303o-BRpr-bx.jpg\" alt=\"\" width=\"600\" height=\"424\" \/><\/a><\/p>\n","protected":false},"excerpt":{"rendered":"<p>Maior refer\u00eancia em comunica\u00e7\u00e3o empresarial, a Aberje oferece diferentes formas para voc\u00ea entrar em contato com um p\u00fablico bastante selecionado: profissionais de comunica\u00e7\u00e3o e marketing atuantes em organiza\u00e7\u00f5es da sociedade civil, Governos e empresas de diversos setores de neg\u00f3cio, e especificamente assessorias de imprensa, organizadores de eventos, gr\u00e1ficas e editoras, especialistas em hist\u00f3ria e mem\u00f3ria, &hellip; <a href=\"https:\/\/www.aberje.com.br\/ce\/anuncie\/\" class=\"more-link\">Continuar lendo <span class=\"screen-reader-text\">ANUNCIE<\/span><\/a><\/p>\n","protected":false},"author":1,"featured_media":0,"parent":0,"menu_order":16,"comment_status":"closed","ping_status":"closed","template":"","meta":{"_acf_changed":false,"footnotes":""},"class_list":["post-75","page","type-page","status-publish","hentry"],"acf":[],"yoast_head":"<!-- This site is optimized with the Yoast SEO plugin v25.3.1 - https:\/\/yoast.com\/wordpress\/plugins\/seo\/ -->\n<title>ANUNCIE - CE<\/title>\n<meta name=\"robots\" content=\"index, follow, max-snippet:-1, max-image-preview:large, max-video-preview:-1\" \/>\n<link rel=\"canonical\" href=\"https:\/\/www.aberje.com.br\/ce\/anuncie\/\" \/>\n<meta property=\"og:locale\" content=\"pt_BR\" \/>\n<meta property=\"og:type\" content=\"article\" \/>\n<meta property=\"og:title\" content=\"ANUNCIE - CE\" \/>\n<meta property=\"og:description\" content=\"Maior refer\u00eancia em comunica\u00e7\u00e3o empresarial, a Aberje oferece diferentes formas para voc\u00ea entrar em contato com um p\u00fablico bastante selecionado: profissionais de comunica\u00e7\u00e3o e marketing atuantes em organiza\u00e7\u00f5es da sociedade civil, Governos e empresas de diversos setores de neg\u00f3cio, e especificamente assessorias de imprensa, organizadores de eventos, gr\u00e1ficas e editoras, especialistas em hist\u00f3ria e mem\u00f3ria, &hellip; Continuar lendo ANUNCIE\" \/>\n<meta property=\"og:url\" content=\"https:\/\/www.aberje.com.br\/ce\/anuncie\/\" \/>\n<meta property=\"og:site_name\" content=\"CE\" \/>\n<meta property=\"article:modified_time\" content=\"2024-02-07T16:34:42+00:00\" \/>\n<meta property=\"og:image\" content=\"http:\/\/www.aberje.com.br\/wp-content\/uploads\/2020\/08\/0001.jpg\" \/>\n<meta name=\"twitter:card\" content=\"summary_large_image\" \/>\n<meta name=\"twitter:label1\" content=\"Est. tempo de leitura\" \/>\n\t<meta name=\"twitter:data1\" content=\"2 minutos\" \/>\n<script type=\"application\/ld+json\" class=\"yoast-schema-graph\">{\"@context\":\"https:\/\/schema.org\",\"@graph\":[{\"@type\":\"WebPage\",\"@id\":\"https:\/\/www.aberje.com.br\/ce\/anuncie\/\",\"url\":\"https:\/\/www.aberje.com.br\/ce\/anuncie\/\",\"name\":\"ANUNCIE - CE\",\"isPartOf\":{\"@id\":\"https:\/\/www.aberje.com.br\/ce\/#website\"},\"primaryImageOfPage\":{\"@id\":\"https:\/\/www.aberje.com.br\/ce\/anuncie\/#primaryimage\"},\"image\":{\"@id\":\"https:\/\/www.aberje.com.br\/ce\/anuncie\/#primaryimage\"},\"thumbnailUrl\":\"http:\/\/www.aberje.com.br\/wp-content\/uploads\/2020\/08\/0001.jpg\",\"datePublished\":\"2021-03-25T00:31:17+00:00\",\"dateModified\":\"2024-02-07T16:34:42+00:00\",\"breadcrumb\":{\"@id\":\"https:\/\/www.aberje.com.br\/ce\/anuncie\/#breadcrumb\"},\"inLanguage\":\"pt-BR\",\"potentialAction\":[{\"@type\":\"ReadAction\",\"target\":[\"https:\/\/www.aberje.com.br\/ce\/anuncie\/\"]}]},{\"@type\":\"ImageObject\",\"inLanguage\":\"pt-BR\",\"@id\":\"https:\/\/www.aberje.com.br\/ce\/anuncie\/#primaryimage\",\"url\":\"http:\/\/www.aberje.com.br\/wp-content\/uploads\/2020\/08\/0001.jpg\",\"contentUrl\":\"http:\/\/www.aberje.com.br\/wp-content\/uploads\/2020\/08\/0001.jpg\"},{\"@type\":\"BreadcrumbList\",\"@id\":\"https:\/\/www.aberje.com.br\/ce\/anuncie\/#breadcrumb\",\"itemListElement\":[{\"@type\":\"ListItem\",\"position\":1,\"name\":\"In\u00edcio\",\"item\":\"https:\/\/www.aberje.com.br\/ce\/\"},{\"@type\":\"ListItem\",\"position\":2,\"name\":\"ANUNCIE\"}]},{\"@type\":\"WebSite\",\"@id\":\"https:\/\/www.aberje.com.br\/ce\/#website\",\"url\":\"https:\/\/www.aberje.com.br\/ce\/\",\"name\":\"CE\",\"description\":\"Revista Comunica\u00e7\u00e3o Empresarial\",\"potentialAction\":[{\"@type\":\"SearchAction\",\"target\":{\"@type\":\"EntryPoint\",\"urlTemplate\":\"https:\/\/www.aberje.com.br\/ce\/?s={search_term_string}\"},\"query-input\":{\"@type\":\"PropertyValueSpecification\",\"valueRequired\":true,\"valueName\":\"search_term_string\"}}],\"inLanguage\":\"pt-BR\"}]}<\/script>\n<!-- \/ Yoast SEO plugin. -->","yoast_head_json":{"title":"ANUNCIE - CE","robots":{"index":"index","follow":"follow","max-snippet":"max-snippet:-1","max-image-preview":"max-image-preview:large","max-video-preview":"max-video-preview:-1"},"canonical":"https:\/\/www.aberje.com.br\/ce\/anuncie\/","og_locale":"pt_BR","og_type":"article","og_title":"ANUNCIE - CE","og_description":"Maior refer\u00eancia em comunica\u00e7\u00e3o empresarial, a Aberje oferece diferentes formas para voc\u00ea entrar em contato com um p\u00fablico bastante selecionado: profissionais de comunica\u00e7\u00e3o e marketing atuantes em organiza\u00e7\u00f5es da sociedade civil, Governos e empresas de diversos setores de neg\u00f3cio, e especificamente assessorias de imprensa, organizadores de eventos, gr\u00e1ficas e editoras, especialistas em hist\u00f3ria e mem\u00f3ria, &hellip; Continuar lendo ANUNCIE","og_url":"https:\/\/www.aberje.com.br\/ce\/anuncie\/","og_site_name":"CE","article_modified_time":"2024-02-07T16:34:42+00:00","og_image":[{"url":"http:\/\/www.aberje.com.br\/wp-content\/uploads\/2020\/08\/0001.jpg","type":"","width":"","height":""}],"twitter_card":"summary_large_image","twitter_misc":{"Est. tempo de leitura":"2 minutos"},"schema":{"@context":"https:\/\/schema.org","@graph":[{"@type":"WebPage","@id":"https:\/\/www.aberje.com.br\/ce\/anuncie\/","url":"https:\/\/www.aberje.com.br\/ce\/anuncie\/","name":"ANUNCIE - CE","isPartOf":{"@id":"https:\/\/www.aberje.com.br\/ce\/#website"},"primaryImageOfPage":{"@id":"https:\/\/www.aberje.com.br\/ce\/anuncie\/#primaryimage"},"image":{"@id":"https:\/\/www.aberje.com.br\/ce\/anuncie\/#primaryimage"},"thumbnailUrl":"http:\/\/www.aberje.com.br\/wp-content\/uploads\/2020\/08\/0001.jpg","datePublished":"2021-03-25T00:31:17+00:00","dateModified":"2024-02-07T16:34:42+00:00","breadcrumb":{"@id":"https:\/\/www.aberje.com.br\/ce\/anuncie\/#breadcrumb"},"inLanguage":"pt-BR","potentialAction":[{"@type":"ReadAction","target":["https:\/\/www.aberje.com.br\/ce\/anuncie\/"]}]},{"@type":"ImageObject","inLanguage":"pt-BR","@id":"https:\/\/www.aberje.com.br\/ce\/anuncie\/#primaryimage","url":"http:\/\/www.aberje.com.br\/wp-content\/uploads\/2020\/08\/0001.jpg","contentUrl":"http:\/\/www.aberje.com.br\/wp-content\/uploads\/2020\/08\/0001.jpg"},{"@type":"BreadcrumbList","@id":"https:\/\/www.aberje.com.br\/ce\/anuncie\/#breadcrumb","itemListElement":[{"@type":"ListItem","position":1,"name":"In\u00edcio","item":"https:\/\/www.aberje.com.br\/ce\/"},{"@type":"ListItem","position":2,"name":"ANUNCIE"}]},{"@type":"WebSite","@id":"https:\/\/www.aberje.com.br\/ce\/#website","url":"https:\/\/www.aberje.com.br\/ce\/","name":"CE","description":"Revista Comunica\u00e7\u00e3o Empresarial","potentialAction":[{"@type":"SearchAction","target":{"@type":"EntryPoint","urlTemplate":"https:\/\/www.aberje.com.br\/ce\/?s={search_term_string}"},"query-input":{"@type":"PropertyValueSpecification","valueRequired":true,"valueName":"search_term_string"}}],"inLanguage":"pt-BR"}]}},"_links":{"self":[{"href":"https:\/\/www.aberje.com.br\/ce\/wp-json\/wp\/v2\/pages\/75","targetHints":{"allow":["GET"]}}],"collection":[{"href":"https:\/\/www.aberje.com.br\/ce\/wp-json\/wp\/v2\/pages"}],"about":[{"href":"https:\/\/www.aberje.com.br\/ce\/wp-json\/wp\/v2\/types\/page"}],"author":[{"embeddable":true,"href":"https:\/\/www.aberje.com.br\/ce\/wp-json\/wp\/v2\/users\/1"}],"replies":[{"embeddable":true,"href":"https:\/\/www.aberje.com.br\/ce\/wp-json\/wp\/v2\/comments?post=75"}],"version-history":[{"count":19,"href":"https:\/\/www.aberje.com.br\/ce\/wp-json\/wp\/v2\/pages\/75\/revisions"}],"predecessor-version":[{"id":4315,"href":"https:\/\/www.aberje.com.br\/ce\/wp-json\/wp\/v2\/pages\/75\/revisions\/4315"}],"wp:attachment":[{"href":"https:\/\/www.aberje.com.br\/ce\/wp-json\/wp\/v2\/media?parent=75"}],"curies":[{"name":"wp","href":"https:\/\/api.w.org\/{rel}","templated":true}]}}