{"id":2423,"date":"2022-12-19T19:53:16","date_gmt":"2022-12-19T19:53:16","guid":{"rendered":"https:\/\/www.aberje.com.br\/ce\/?page_id=2423"},"modified":"2023-04-13T13:40:08","modified_gmt":"2023-04-13T13:40:08","slug":"premio-aberje-2022","status":"publish","type":"page","link":"https:\/\/www.aberje.com.br\/ce\/premio-aberje-2022\/","title":{"rendered":"Pr\u00eamio Aberje 2022"},"content":{"rendered":"<p>O ano de 2022 foi marcado pela retomada das atividades depois de uma longa pandemia, elei\u00e7\u00f5es e Copa do Mundo. Em meio a isso tudo, os setores de comunica\u00e7\u00e3o corporativa mostraram criatividade e resili\u00eancia. O trabalho desses comunicadores foi reconhecido na 48\u00aa edi\u00e7\u00e3o do Pr\u00eamio Aberje.<\/p>\n<p>Desde que foi criado, em 1967, o Pr\u00eamio Aberje acompanha as mudan\u00e7as do setor e, hoje, por meio da apresenta\u00e7\u00e3o de cases inspiradores e do compartilhamento de experi\u00eancias, ajuda a promover melhores pr\u00e1ticas da comunica\u00e7\u00e3o corporativa de todo o Brasil. Nessas cinco d\u00e9cadas e meia foram premiados mais de 2.600 projetos e 900 diferentes empresas.<\/p>\n<p>Os trof\u00e9us s\u00e3o distribu\u00eddos em 16 categorias organizadas em tr\u00eas eixos: Foco no Tema, Foco em P\u00fablicos e Foco em Meios. Cada categoria conta com a avalia\u00e7\u00e3o de at\u00e9 seis jurados. S\u00e3o programas, projetos, campanhas e\/ou a\u00e7\u00f5es de comunica\u00e7\u00e3o de empresas, assessorias, ag\u00eancias, profissionais aut\u00f4nomos e organiza\u00e7\u00f5es associadas ou n\u00e3o \u00e0 Aberje.<\/p>\n<p>O Pr\u00eamio, que tem por objetivo promover e divulgar os esfor\u00e7os e as iniciativas na \u00e1rea da comunica\u00e7\u00e3o empresarial, contempla cinco etapas: checagem, avalia\u00e7\u00e3o regional, premia\u00e7\u00f5es regionais, avalia\u00e7\u00e3o nacional e a grande cerim\u00f4nia de encerramento, quando os vencedores nacionais s\u00e3o reconhecidos e premiados.<\/p>\n<p>A cerim\u00f4nia de entrega de 2022 aconteceu no dia 29 de novembro, na capital paulista, quando foram anunciados os ganhadores da etapa nacional do Pr\u00eamio, as M\u00eddias do Ano, os Comunicadores e os vencedores dos Pr\u00eamios Especiais. O destaque como\u00a0<i>Empresa do Ano<\/i>\u00a0foi para a\u00a0<b>Gerdau. <\/b><\/p>\n<p>Aqui voc\u00ea confere todos os laureados da 48\u00aa edi\u00e7\u00e3o.<\/p>\n","protected":false},"excerpt":{"rendered":"<p>O ano de 2022 foi marcado pela retomada das atividades depois de uma longa pandemia, elei\u00e7\u00f5es e Copa do Mundo. Em meio a isso tudo, os setores de comunica\u00e7\u00e3o corporativa mostraram criatividade e resili\u00eancia. O trabalho desses comunicadores foi reconhecido na 48\u00aa edi\u00e7\u00e3o do Pr\u00eamio Aberje. Desde que foi criado, em 1967, o Pr\u00eamio Aberje &hellip; <a href=\"https:\/\/www.aberje.com.br\/ce\/premio-aberje-2022\/\" class=\"more-link\">Continuar lendo <span class=\"screen-reader-text\">Pr\u00eamio Aberje 2022<\/span><\/a><\/p>\n","protected":false},"author":1,"featured_media":0,"parent":0,"menu_order":10,"comment_status":"closed","ping_status":"closed","template":"","meta":{"_acf_changed":false,"footnotes":""},"class_list":["post-2423","page","type-page","status-publish","hentry"],"acf":[],"yoast_head":"<!-- This site is optimized with the Yoast SEO plugin v25.3.1 - https:\/\/yoast.com\/wordpress\/plugins\/seo\/ -->\n<title>Pr\u00eamio Aberje 2022 - CE<\/title>\n<meta name=\"robots\" content=\"index, follow, max-snippet:-1, max-image-preview:large, max-video-preview:-1\" \/>\n<link rel=\"canonical\" href=\"https:\/\/www.aberje.com.br\/ce\/premio-aberje-2022\/\" \/>\n<meta property=\"og:locale\" content=\"pt_BR\" \/>\n<meta property=\"og:type\" content=\"article\" \/>\n<meta property=\"og:title\" content=\"Pr\u00eamio Aberje 2022 - CE\" \/>\n<meta property=\"og:description\" content=\"O ano de 2022 foi marcado pela retomada das atividades depois de uma longa pandemia, elei\u00e7\u00f5es e Copa do Mundo. Em meio a isso tudo, os setores de comunica\u00e7\u00e3o corporativa mostraram criatividade e resili\u00eancia. O trabalho desses comunicadores foi reconhecido na 48\u00aa edi\u00e7\u00e3o do Pr\u00eamio Aberje. Desde que foi criado, em 1967, o Pr\u00eamio Aberje &hellip; Continuar lendo Pr\u00eamio Aberje 2022\" \/>\n<meta property=\"og:url\" content=\"https:\/\/www.aberje.com.br\/ce\/premio-aberje-2022\/\" \/>\n<meta property=\"og:site_name\" content=\"CE\" \/>\n<meta property=\"article:modified_time\" content=\"2023-04-13T13:40:08+00:00\" \/>\n<meta name=\"twitter:card\" content=\"summary_large_image\" \/>\n<meta name=\"twitter:label1\" content=\"Est. tempo de leitura\" \/>\n\t<meta name=\"twitter:data1\" content=\"2 minutos\" \/>\n<script type=\"application\/ld+json\" class=\"yoast-schema-graph\">{\"@context\":\"https:\/\/schema.org\",\"@graph\":[{\"@type\":\"WebPage\",\"@id\":\"https:\/\/www.aberje.com.br\/ce\/premio-aberje-2022\/\",\"url\":\"https:\/\/www.aberje.com.br\/ce\/premio-aberje-2022\/\",\"name\":\"Pr\u00eamio Aberje 2022 - CE\",\"isPartOf\":{\"@id\":\"https:\/\/www.aberje.com.br\/ce\/#website\"},\"datePublished\":\"2022-12-19T19:53:16+00:00\",\"dateModified\":\"2023-04-13T13:40:08+00:00\",\"breadcrumb\":{\"@id\":\"https:\/\/www.aberje.com.br\/ce\/premio-aberje-2022\/#breadcrumb\"},\"inLanguage\":\"pt-BR\",\"potentialAction\":[{\"@type\":\"ReadAction\",\"target\":[\"https:\/\/www.aberje.com.br\/ce\/premio-aberje-2022\/\"]}]},{\"@type\":\"BreadcrumbList\",\"@id\":\"https:\/\/www.aberje.com.br\/ce\/premio-aberje-2022\/#breadcrumb\",\"itemListElement\":[{\"@type\":\"ListItem\",\"position\":1,\"name\":\"In\u00edcio\",\"item\":\"https:\/\/www.aberje.com.br\/ce\/\"},{\"@type\":\"ListItem\",\"position\":2,\"name\":\"Pr\u00eamio Aberje 2022\"}]},{\"@type\":\"WebSite\",\"@id\":\"https:\/\/www.aberje.com.br\/ce\/#website\",\"url\":\"https:\/\/www.aberje.com.br\/ce\/\",\"name\":\"CE\",\"description\":\"Revista Comunica\u00e7\u00e3o Empresarial\",\"potentialAction\":[{\"@type\":\"SearchAction\",\"target\":{\"@type\":\"EntryPoint\",\"urlTemplate\":\"https:\/\/www.aberje.com.br\/ce\/?s={search_term_string}\"},\"query-input\":{\"@type\":\"PropertyValueSpecification\",\"valueRequired\":true,\"valueName\":\"search_term_string\"}}],\"inLanguage\":\"pt-BR\"}]}<\/script>\n<!-- \/ Yoast SEO plugin. -->","yoast_head_json":{"title":"Pr\u00eamio Aberje 2022 - CE","robots":{"index":"index","follow":"follow","max-snippet":"max-snippet:-1","max-image-preview":"max-image-preview:large","max-video-preview":"max-video-preview:-1"},"canonical":"https:\/\/www.aberje.com.br\/ce\/premio-aberje-2022\/","og_locale":"pt_BR","og_type":"article","og_title":"Pr\u00eamio Aberje 2022 - CE","og_description":"O ano de 2022 foi marcado pela retomada das atividades depois de uma longa pandemia, elei\u00e7\u00f5es e Copa do Mundo. Em meio a isso tudo, os setores de comunica\u00e7\u00e3o corporativa mostraram criatividade e resili\u00eancia. O trabalho desses comunicadores foi reconhecido na 48\u00aa edi\u00e7\u00e3o do Pr\u00eamio Aberje. Desde que foi criado, em 1967, o Pr\u00eamio Aberje &hellip; Continuar lendo Pr\u00eamio Aberje 2022","og_url":"https:\/\/www.aberje.com.br\/ce\/premio-aberje-2022\/","og_site_name":"CE","article_modified_time":"2023-04-13T13:40:08+00:00","twitter_card":"summary_large_image","twitter_misc":{"Est. tempo de leitura":"2 minutos"},"schema":{"@context":"https:\/\/schema.org","@graph":[{"@type":"WebPage","@id":"https:\/\/www.aberje.com.br\/ce\/premio-aberje-2022\/","url":"https:\/\/www.aberje.com.br\/ce\/premio-aberje-2022\/","name":"Pr\u00eamio Aberje 2022 - CE","isPartOf":{"@id":"https:\/\/www.aberje.com.br\/ce\/#website"},"datePublished":"2022-12-19T19:53:16+00:00","dateModified":"2023-04-13T13:40:08+00:00","breadcrumb":{"@id":"https:\/\/www.aberje.com.br\/ce\/premio-aberje-2022\/#breadcrumb"},"inLanguage":"pt-BR","potentialAction":[{"@type":"ReadAction","target":["https:\/\/www.aberje.com.br\/ce\/premio-aberje-2022\/"]}]},{"@type":"BreadcrumbList","@id":"https:\/\/www.aberje.com.br\/ce\/premio-aberje-2022\/#breadcrumb","itemListElement":[{"@type":"ListItem","position":1,"name":"In\u00edcio","item":"https:\/\/www.aberje.com.br\/ce\/"},{"@type":"ListItem","position":2,"name":"Pr\u00eamio Aberje 2022"}]},{"@type":"WebSite","@id":"https:\/\/www.aberje.com.br\/ce\/#website","url":"https:\/\/www.aberje.com.br\/ce\/","name":"CE","description":"Revista Comunica\u00e7\u00e3o Empresarial","potentialAction":[{"@type":"SearchAction","target":{"@type":"EntryPoint","urlTemplate":"https:\/\/www.aberje.com.br\/ce\/?s={search_term_string}"},"query-input":{"@type":"PropertyValueSpecification","valueRequired":true,"valueName":"search_term_string"}}],"inLanguage":"pt-BR"}]}},"_links":{"self":[{"href":"https:\/\/www.aberje.com.br\/ce\/wp-json\/wp\/v2\/pages\/2423","targetHints":{"allow":["GET"]}}],"collection":[{"href":"https:\/\/www.aberje.com.br\/ce\/wp-json\/wp\/v2\/pages"}],"about":[{"href":"https:\/\/www.aberje.com.br\/ce\/wp-json\/wp\/v2\/types\/page"}],"author":[{"embeddable":true,"href":"https:\/\/www.aberje.com.br\/ce\/wp-json\/wp\/v2\/users\/1"}],"replies":[{"embeddable":true,"href":"https:\/\/www.aberje.com.br\/ce\/wp-json\/wp\/v2\/comments?post=2423"}],"version-history":[{"count":84,"href":"https:\/\/www.aberje.com.br\/ce\/wp-json\/wp\/v2\/pages\/2423\/revisions"}],"predecessor-version":[{"id":3546,"href":"https:\/\/www.aberje.com.br\/ce\/wp-json\/wp\/v2\/pages\/2423\/revisions\/3546"}],"wp:attachment":[{"href":"https:\/\/www.aberje.com.br\/ce\/wp-json\/wp\/v2\/media?parent=2423"}],"curies":[{"name":"wp","href":"https:\/\/api.w.org\/{rel}","templated":true}]}}