{"id":230,"date":"2021-04-01T14:26:56","date_gmt":"2021-04-01T14:26:56","guid":{"rendered":"https:\/\/www.aberje.com.br\/ce\/?page_id=230"},"modified":"2022-04-26T16:41:24","modified_gmt":"2022-04-26T16:41:24","slug":"especial-premio-aberje-2020","status":"publish","type":"page","link":"https:\/\/www.aberje.com.br\/ce\/especial-premio-aberje-2020\/","title":{"rendered":"Especial Premio Aberje 2020"},"content":{"rendered":"<p>Em 2020 todos tivemos de nos adaptar a uma nova realidade. N\u00e3o foi diferente com o Pr\u00eamio Aberje. Em sua 46\u00aa edi\u00e7\u00e3o, a mais importante premia\u00e7\u00e3o nacional da comunica\u00e7\u00e3o empresarial aconteceu em ambiente virtual. Todas as etapas foram adequadas para o formato online: o envio do projeto, a defesa p\u00fablica do representante, a avalia\u00e7\u00e3o dos jurados, a cerim\u00f4nia de entrega. E foi um sucesso: a edi\u00e7\u00e3o bateu recorde de participa\u00e7\u00e3o, com 306 projetos inscritos, de 279 organiza\u00e7\u00f5es, nas cinco regi\u00f5es que comp\u00f5em o Pr\u00eamio.<\/p>\n<p>A cerim\u00f4nia, que ocorreu em 14 de dezembro, celebrou as melhores pr\u00e1ticas da comunica\u00e7\u00e3o empresarial brasileira, agraciou comunicadores e cases e homenageou personalidades do setor. Em um ano repleto de dificuldades, a premia\u00e7\u00e3o teve um sabor especial.<\/p>\n<p>Como real\u00e7ou <strong>Hamilton dos Santos<\/strong>, diretor-geral da Aberje, durante o evento, \u201cos comunicadores de um modo geral ganharam um protagonismo in\u00e9dito porque fomos para a linha de frente no combate ao coronav\u00edrus; as organiza\u00e7\u00f5es de um modo geral olharam para a comunica\u00e7\u00e3o como uma quest\u00e3o extremamente estrat\u00e9gica\u201d.<\/p>\n<p>O destaque como Empresa do Ano foi para a <strong>Klabin<\/strong>, a maior produtora e exportadora de pap\u00e9is para embalagens do Brasil. <strong>Candido Bracher<\/strong>, CEO do <strong>Ita\u00fa Unibanco<\/strong> (at\u00e9 fevereiro de 2021), foi homenageado como CEO Comunicador do Ano. O reconhecimento como Trajet\u00f3ria do Ano foi para<strong> Suzel Figueiredo<\/strong>, presidente da <strong>Ideafix Pesquisas Corporativas<\/strong>. <strong>Pamela Seligmann<\/strong>, psic\u00f3loga e professora de cursos de Comunica\u00e7\u00e3o N\u00e3o-Violenta, foi laureada com o Pr\u00eamio \u201cJames Heffernan\u201d de Educadora do Ano. Em vota\u00e7\u00e3o popular, <strong>Juliana Lopes<\/strong>, diretora de Sustentabilidade, Comunica\u00e7\u00e3o e Compliance da <strong>Amaggi<\/strong>, venceu a vota\u00e7\u00e3o popular entre os 10 Comunicadores do Ano de 2020.<\/p>\n<p>Neste especial voc\u00ea vai conhecer os 17 cases vencedores nas 16 categorias da disputa nacional do Pr\u00eamio e as cinco M\u00eddias do Ano (acesse o QR Code nas p\u00e1ginas para assistir \u00e0 apresenta\u00e7\u00e3o dos cases). No ensaio fotogr\u00e1fico com os comunicadores tamb\u00e9m nos adaptamos ao \u201cnovo normal\u201d: quase todos foram retratados em home office (o ambiente de trabalho por excel\u00eancia em tempos pand\u00eamicos); uns poucos, por for\u00e7a de suas fun\u00e7\u00f5es, foram clicados em suas empresas.<\/p>\n<p>Assim, apesar do ano cheio de desafios e percal\u00e7os, o Pr\u00eamio cumpriu seu papel: reconhecer os profissionais e organiza\u00e7\u00f5es que contribuem para aperfei\u00e7oar as narrativas empresariais. Como, ali\u00e1s, tem feito desde 1967 e continuar\u00e1 a fazer nos pr\u00f3ximos anos.<\/p>\n<p><img loading=\"lazy\" decoding=\"async\" class=\"size-full wp-image-294 aligncenter\" src=\"https:\/\/www.aberje.com.br\/ce\/wp-content\/uploads\/2021\/04\/logo-premio.png\" alt=\"\" width=\"197\" height=\"81\" \/><\/p>\n","protected":false},"excerpt":{"rendered":"<p>Em 2020 todos tivemos de nos adaptar a uma nova realidade. N\u00e3o foi diferente com o Pr\u00eamio Aberje. Em sua 46\u00aa edi\u00e7\u00e3o, a mais importante premia\u00e7\u00e3o nacional da comunica\u00e7\u00e3o empresarial aconteceu em ambiente virtual. Todas as etapas foram adequadas para o formato online: o envio do projeto, a defesa p\u00fablica do representante, a avalia\u00e7\u00e3o dos &hellip; <a href=\"https:\/\/www.aberje.com.br\/ce\/especial-premio-aberje-2020\/\" class=\"more-link\">Continuar lendo <span class=\"screen-reader-text\">Especial Premio Aberje 2020<\/span><\/a><\/p>\n","protected":false},"author":1,"featured_media":0,"parent":0,"menu_order":21,"comment_status":"closed","ping_status":"closed","template":"","meta":{"_acf_changed":false,"footnotes":""},"class_list":["post-230","page","type-page","status-publish","hentry"],"acf":[],"yoast_head":"<!-- This site is optimized with the Yoast SEO plugin v25.3.1 - https:\/\/yoast.com\/wordpress\/plugins\/seo\/ -->\n<title>Especial Premio Aberje 2020 - CE<\/title>\n<meta name=\"robots\" content=\"index, follow, max-snippet:-1, max-image-preview:large, max-video-preview:-1\" \/>\n<link rel=\"canonical\" href=\"https:\/\/www.aberje.com.br\/ce\/especial-premio-aberje-2020\/\" \/>\n<meta property=\"og:locale\" content=\"pt_BR\" \/>\n<meta property=\"og:type\" content=\"article\" \/>\n<meta property=\"og:title\" content=\"Especial Premio Aberje 2020 - CE\" \/>\n<meta property=\"og:description\" content=\"Em 2020 todos tivemos de nos adaptar a uma nova realidade. N\u00e3o foi diferente com o Pr\u00eamio Aberje. Em sua 46\u00aa edi\u00e7\u00e3o, a mais importante premia\u00e7\u00e3o nacional da comunica\u00e7\u00e3o empresarial aconteceu em ambiente virtual. Todas as etapas foram adequadas para o formato online: o envio do projeto, a defesa p\u00fablica do representante, a avalia\u00e7\u00e3o dos &hellip; Continuar lendo Especial Premio Aberje 2020\" \/>\n<meta property=\"og:url\" content=\"https:\/\/www.aberje.com.br\/ce\/especial-premio-aberje-2020\/\" \/>\n<meta property=\"og:site_name\" content=\"CE\" \/>\n<meta property=\"article:modified_time\" content=\"2022-04-26T16:41:24+00:00\" \/>\n<meta property=\"og:image\" content=\"https:\/\/www.aberje.com.br\/ce\/wp-content\/uploads\/2021\/04\/logo-premio.png\" \/>\n<meta name=\"twitter:card\" content=\"summary_large_image\" \/>\n<meta name=\"twitter:label1\" content=\"Est. tempo de leitura\" \/>\n\t<meta name=\"twitter:data1\" content=\"2 minutos\" \/>\n<script type=\"application\/ld+json\" class=\"yoast-schema-graph\">{\"@context\":\"https:\/\/schema.org\",\"@graph\":[{\"@type\":\"WebPage\",\"@id\":\"https:\/\/www.aberje.com.br\/ce\/especial-premio-aberje-2020\/\",\"url\":\"https:\/\/www.aberje.com.br\/ce\/especial-premio-aberje-2020\/\",\"name\":\"Especial Premio Aberje 2020 - CE\",\"isPartOf\":{\"@id\":\"https:\/\/www.aberje.com.br\/ce\/#website\"},\"primaryImageOfPage\":{\"@id\":\"https:\/\/www.aberje.com.br\/ce\/especial-premio-aberje-2020\/#primaryimage\"},\"image\":{\"@id\":\"https:\/\/www.aberje.com.br\/ce\/especial-premio-aberje-2020\/#primaryimage\"},\"thumbnailUrl\":\"https:\/\/www.aberje.com.br\/ce\/wp-content\/uploads\/2021\/04\/logo-premio.png\",\"datePublished\":\"2021-04-01T14:26:56+00:00\",\"dateModified\":\"2022-04-26T16:41:24+00:00\",\"breadcrumb\":{\"@id\":\"https:\/\/www.aberje.com.br\/ce\/especial-premio-aberje-2020\/#breadcrumb\"},\"inLanguage\":\"pt-BR\",\"potentialAction\":[{\"@type\":\"ReadAction\",\"target\":[\"https:\/\/www.aberje.com.br\/ce\/especial-premio-aberje-2020\/\"]}]},{\"@type\":\"ImageObject\",\"inLanguage\":\"pt-BR\",\"@id\":\"https:\/\/www.aberje.com.br\/ce\/especial-premio-aberje-2020\/#primaryimage\",\"url\":\"https:\/\/www.aberje.com.br\/ce\/wp-content\/uploads\/2021\/04\/logo-premio.png\",\"contentUrl\":\"https:\/\/www.aberje.com.br\/ce\/wp-content\/uploads\/2021\/04\/logo-premio.png\",\"width\":197,\"height\":81},{\"@type\":\"BreadcrumbList\",\"@id\":\"https:\/\/www.aberje.com.br\/ce\/especial-premio-aberje-2020\/#breadcrumb\",\"itemListElement\":[{\"@type\":\"ListItem\",\"position\":1,\"name\":\"In\u00edcio\",\"item\":\"https:\/\/www.aberje.com.br\/ce\/\"},{\"@type\":\"ListItem\",\"position\":2,\"name\":\"Especial Premio Aberje 2020\"}]},{\"@type\":\"WebSite\",\"@id\":\"https:\/\/www.aberje.com.br\/ce\/#website\",\"url\":\"https:\/\/www.aberje.com.br\/ce\/\",\"name\":\"CE\",\"description\":\"Revista Comunica\u00e7\u00e3o Empresarial\",\"potentialAction\":[{\"@type\":\"SearchAction\",\"target\":{\"@type\":\"EntryPoint\",\"urlTemplate\":\"https:\/\/www.aberje.com.br\/ce\/?s={search_term_string}\"},\"query-input\":{\"@type\":\"PropertyValueSpecification\",\"valueRequired\":true,\"valueName\":\"search_term_string\"}}],\"inLanguage\":\"pt-BR\"}]}<\/script>\n<!-- \/ Yoast SEO plugin. -->","yoast_head_json":{"title":"Especial Premio Aberje 2020 - CE","robots":{"index":"index","follow":"follow","max-snippet":"max-snippet:-1","max-image-preview":"max-image-preview:large","max-video-preview":"max-video-preview:-1"},"canonical":"https:\/\/www.aberje.com.br\/ce\/especial-premio-aberje-2020\/","og_locale":"pt_BR","og_type":"article","og_title":"Especial Premio Aberje 2020 - CE","og_description":"Em 2020 todos tivemos de nos adaptar a uma nova realidade. N\u00e3o foi diferente com o Pr\u00eamio Aberje. Em sua 46\u00aa edi\u00e7\u00e3o, a mais importante premia\u00e7\u00e3o nacional da comunica\u00e7\u00e3o empresarial aconteceu em ambiente virtual. Todas as etapas foram adequadas para o formato online: o envio do projeto, a defesa p\u00fablica do representante, a avalia\u00e7\u00e3o dos &hellip; Continuar lendo Especial Premio Aberje 2020","og_url":"https:\/\/www.aberje.com.br\/ce\/especial-premio-aberje-2020\/","og_site_name":"CE","article_modified_time":"2022-04-26T16:41:24+00:00","og_image":[{"url":"https:\/\/www.aberje.com.br\/ce\/wp-content\/uploads\/2021\/04\/logo-premio.png","type":"","width":"","height":""}],"twitter_card":"summary_large_image","twitter_misc":{"Est. tempo de leitura":"2 minutos"},"schema":{"@context":"https:\/\/schema.org","@graph":[{"@type":"WebPage","@id":"https:\/\/www.aberje.com.br\/ce\/especial-premio-aberje-2020\/","url":"https:\/\/www.aberje.com.br\/ce\/especial-premio-aberje-2020\/","name":"Especial Premio Aberje 2020 - CE","isPartOf":{"@id":"https:\/\/www.aberje.com.br\/ce\/#website"},"primaryImageOfPage":{"@id":"https:\/\/www.aberje.com.br\/ce\/especial-premio-aberje-2020\/#primaryimage"},"image":{"@id":"https:\/\/www.aberje.com.br\/ce\/especial-premio-aberje-2020\/#primaryimage"},"thumbnailUrl":"https:\/\/www.aberje.com.br\/ce\/wp-content\/uploads\/2021\/04\/logo-premio.png","datePublished":"2021-04-01T14:26:56+00:00","dateModified":"2022-04-26T16:41:24+00:00","breadcrumb":{"@id":"https:\/\/www.aberje.com.br\/ce\/especial-premio-aberje-2020\/#breadcrumb"},"inLanguage":"pt-BR","potentialAction":[{"@type":"ReadAction","target":["https:\/\/www.aberje.com.br\/ce\/especial-premio-aberje-2020\/"]}]},{"@type":"ImageObject","inLanguage":"pt-BR","@id":"https:\/\/www.aberje.com.br\/ce\/especial-premio-aberje-2020\/#primaryimage","url":"https:\/\/www.aberje.com.br\/ce\/wp-content\/uploads\/2021\/04\/logo-premio.png","contentUrl":"https:\/\/www.aberje.com.br\/ce\/wp-content\/uploads\/2021\/04\/logo-premio.png","width":197,"height":81},{"@type":"BreadcrumbList","@id":"https:\/\/www.aberje.com.br\/ce\/especial-premio-aberje-2020\/#breadcrumb","itemListElement":[{"@type":"ListItem","position":1,"name":"In\u00edcio","item":"https:\/\/www.aberje.com.br\/ce\/"},{"@type":"ListItem","position":2,"name":"Especial Premio Aberje 2020"}]},{"@type":"WebSite","@id":"https:\/\/www.aberje.com.br\/ce\/#website","url":"https:\/\/www.aberje.com.br\/ce\/","name":"CE","description":"Revista Comunica\u00e7\u00e3o Empresarial","potentialAction":[{"@type":"SearchAction","target":{"@type":"EntryPoint","urlTemplate":"https:\/\/www.aberje.com.br\/ce\/?s={search_term_string}"},"query-input":{"@type":"PropertyValueSpecification","valueRequired":true,"valueName":"search_term_string"}}],"inLanguage":"pt-BR"}]}},"_links":{"self":[{"href":"https:\/\/www.aberje.com.br\/ce\/wp-json\/wp\/v2\/pages\/230","targetHints":{"allow":["GET"]}}],"collection":[{"href":"https:\/\/www.aberje.com.br\/ce\/wp-json\/wp\/v2\/pages"}],"about":[{"href":"https:\/\/www.aberje.com.br\/ce\/wp-json\/wp\/v2\/types\/page"}],"author":[{"embeddable":true,"href":"https:\/\/www.aberje.com.br\/ce\/wp-json\/wp\/v2\/users\/1"}],"replies":[{"embeddable":true,"href":"https:\/\/www.aberje.com.br\/ce\/wp-json\/wp\/v2\/comments?post=230"}],"version-history":[{"count":39,"href":"https:\/\/www.aberje.com.br\/ce\/wp-json\/wp\/v2\/pages\/230\/revisions"}],"predecessor-version":[{"id":1867,"href":"https:\/\/www.aberje.com.br\/ce\/wp-json\/wp\/v2\/pages\/230\/revisions\/1867"}],"wp:attachment":[{"href":"https:\/\/www.aberje.com.br\/ce\/wp-json\/wp\/v2\/media?parent=230"}],"curies":[{"name":"wp","href":"https:\/\/api.w.org\/{rel}","templated":true}]}}