{"id":1910,"date":"2022-04-26T18:36:14","date_gmt":"2022-04-26T18:36:14","guid":{"rendered":"https:\/\/www.aberje.com.br\/ce\/?page_id=1910"},"modified":"2022-06-02T14:50:19","modified_gmt":"2022-06-02T14:50:19","slug":"especial-think-tank","status":"publish","type":"page","link":"https:\/\/www.aberje.com.br\/ce\/especial-think-tank\/","title":{"rendered":"Think Tank"},"content":{"rendered":"<p>Evolu\u00e7\u00e3o significa mudan\u00e7a. Em um mundo no qual as transforma\u00e7\u00f5es s\u00e3o cada vez mais velozes, \u00e9 preciso evoluir para manter o sentido de sua exist\u00eancia e \u2013 nossa especialidade \u2013 melhorar a forma como nos comunicamos. A partir desta edi\u00e7\u00e3o, o Think Tank, se\u00e7\u00e3o de abertura da revista CE na qual nossos colaboradores nos brindam com uma s\u00e9rie de reflex\u00f5es sobre comunica\u00e7\u00e3o, ganha um novo formato: o de podcast. Nele, as an\u00e1lises dos especialistas transmutam-se em di\u00e1logo, enriquecendo ainda mais os temas abordados.<\/p>\n<p>A s\u00e9rie de programas abre com sete conversas de gente muito tarimbada sobre temas atual\u00edssimos e caros aos comunicadores: ESG; m\u00eddias pr\u00f3prias como estrat\u00e9gia digital; slow content; os novos rumos da lideran\u00e7a; honestidade e conte\u00fado; \u00e9tica e resultados; e humaniza\u00e7\u00e3o da comunica\u00e7\u00e3o interna. A media\u00e7\u00e3o \u00e9 de Edward Pimenta, curador da CE e diretor do G.Lab.<\/p>\n<p>Toda quarta-feira ser\u00e1 disponibilizado um epis\u00f3dio novo do podcast no Spotify e nos principais tocadores. Confira abaixo os melhores momentos de cada conversa.<\/p>\n<p>Epis\u00f3dio mais recente:<\/p>\n<p><iframe title=\"Spotify Embed: Revista Comunica\u00e7\u00e3o Empresarial - Think Tank\" style=\"border-radius: 12px\" width=\"100%\" height=\"152\" frameborder=\"0\" allowfullscreen allow=\"autoplay; clipboard-write; encrypted-media; fullscreen; picture-in-picture\" loading=\"lazy\" src=\"https:\/\/open.spotify.com\/embed\/show\/4F6CASjSQdFFPuddn4Y6D3?si=33cOzCfDRO63se0H23bQaA&#038;utm_source=oembed\"><\/iframe><\/p>\n","protected":false},"excerpt":{"rendered":"<p>Evolu\u00e7\u00e3o significa mudan\u00e7a. Em um mundo no qual as transforma\u00e7\u00f5es s\u00e3o cada vez mais velozes, \u00e9 preciso evoluir para manter o sentido de sua exist\u00eancia e \u2013 nossa especialidade \u2013 melhorar a forma como nos comunicamos. A partir desta edi\u00e7\u00e3o, o Think Tank, se\u00e7\u00e3o de abertura da revista CE na qual nossos colaboradores nos brindam &hellip; <a href=\"https:\/\/www.aberje.com.br\/ce\/especial-think-tank\/\" class=\"more-link\">Continuar lendo <span class=\"screen-reader-text\">Think Tank<\/span><\/a><\/p>\n","protected":false},"author":1,"featured_media":0,"parent":0,"menu_order":12,"comment_status":"closed","ping_status":"closed","template":"","meta":{"_acf_changed":false,"footnotes":""},"class_list":["post-1910","page","type-page","status-publish","hentry"],"acf":[],"yoast_head":"<!-- This site is optimized with the Yoast SEO plugin v25.3.1 - https:\/\/yoast.com\/wordpress\/plugins\/seo\/ -->\n<title>Think Tank - CE<\/title>\n<meta name=\"robots\" content=\"index, follow, max-snippet:-1, max-image-preview:large, max-video-preview:-1\" \/>\n<link rel=\"canonical\" href=\"https:\/\/www.aberje.com.br\/ce\/especial-think-tank\/\" \/>\n<meta property=\"og:locale\" content=\"pt_BR\" \/>\n<meta property=\"og:type\" content=\"article\" \/>\n<meta property=\"og:title\" content=\"Think Tank - CE\" \/>\n<meta property=\"og:description\" content=\"Evolu\u00e7\u00e3o significa mudan\u00e7a. Em um mundo no qual as transforma\u00e7\u00f5es s\u00e3o cada vez mais velozes, \u00e9 preciso evoluir para manter o sentido de sua exist\u00eancia e \u2013 nossa especialidade \u2013 melhorar a forma como nos comunicamos. A partir desta edi\u00e7\u00e3o, o Think Tank, se\u00e7\u00e3o de abertura da revista CE na qual nossos colaboradores nos brindam &hellip; Continuar lendo Think Tank\" \/>\n<meta property=\"og:url\" content=\"https:\/\/www.aberje.com.br\/ce\/especial-think-tank\/\" \/>\n<meta property=\"og:site_name\" content=\"CE\" \/>\n<meta property=\"article:modified_time\" content=\"2022-06-02T14:50:19+00:00\" \/>\n<meta name=\"twitter:card\" content=\"summary_large_image\" \/>\n<meta name=\"twitter:label1\" content=\"Est. tempo de leitura\" \/>\n\t<meta name=\"twitter:data1\" content=\"1 minuto\" \/>\n<script type=\"application\/ld+json\" class=\"yoast-schema-graph\">{\"@context\":\"https:\/\/schema.org\",\"@graph\":[{\"@type\":\"WebPage\",\"@id\":\"https:\/\/www.aberje.com.br\/ce\/especial-think-tank\/\",\"url\":\"https:\/\/www.aberje.com.br\/ce\/especial-think-tank\/\",\"name\":\"Think Tank - CE\",\"isPartOf\":{\"@id\":\"https:\/\/www.aberje.com.br\/ce\/#website\"},\"datePublished\":\"2022-04-26T18:36:14+00:00\",\"dateModified\":\"2022-06-02T14:50:19+00:00\",\"breadcrumb\":{\"@id\":\"https:\/\/www.aberje.com.br\/ce\/especial-think-tank\/#breadcrumb\"},\"inLanguage\":\"pt-BR\",\"potentialAction\":[{\"@type\":\"ReadAction\",\"target\":[\"https:\/\/www.aberje.com.br\/ce\/especial-think-tank\/\"]}]},{\"@type\":\"BreadcrumbList\",\"@id\":\"https:\/\/www.aberje.com.br\/ce\/especial-think-tank\/#breadcrumb\",\"itemListElement\":[{\"@type\":\"ListItem\",\"position\":1,\"name\":\"In\u00edcio\",\"item\":\"https:\/\/www.aberje.com.br\/ce\/\"},{\"@type\":\"ListItem\",\"position\":2,\"name\":\"Think Tank\"}]},{\"@type\":\"WebSite\",\"@id\":\"https:\/\/www.aberje.com.br\/ce\/#website\",\"url\":\"https:\/\/www.aberje.com.br\/ce\/\",\"name\":\"CE\",\"description\":\"Revista Comunica\u00e7\u00e3o Empresarial\",\"potentialAction\":[{\"@type\":\"SearchAction\",\"target\":{\"@type\":\"EntryPoint\",\"urlTemplate\":\"https:\/\/www.aberje.com.br\/ce\/?s={search_term_string}\"},\"query-input\":{\"@type\":\"PropertyValueSpecification\",\"valueRequired\":true,\"valueName\":\"search_term_string\"}}],\"inLanguage\":\"pt-BR\"}]}<\/script>\n<!-- \/ Yoast SEO plugin. -->","yoast_head_json":{"title":"Think Tank - CE","robots":{"index":"index","follow":"follow","max-snippet":"max-snippet:-1","max-image-preview":"max-image-preview:large","max-video-preview":"max-video-preview:-1"},"canonical":"https:\/\/www.aberje.com.br\/ce\/especial-think-tank\/","og_locale":"pt_BR","og_type":"article","og_title":"Think Tank - CE","og_description":"Evolu\u00e7\u00e3o significa mudan\u00e7a. Em um mundo no qual as transforma\u00e7\u00f5es s\u00e3o cada vez mais velozes, \u00e9 preciso evoluir para manter o sentido de sua exist\u00eancia e \u2013 nossa especialidade \u2013 melhorar a forma como nos comunicamos. A partir desta edi\u00e7\u00e3o, o Think Tank, se\u00e7\u00e3o de abertura da revista CE na qual nossos colaboradores nos brindam &hellip; Continuar lendo Think Tank","og_url":"https:\/\/www.aberje.com.br\/ce\/especial-think-tank\/","og_site_name":"CE","article_modified_time":"2022-06-02T14:50:19+00:00","twitter_card":"summary_large_image","twitter_misc":{"Est. tempo de leitura":"1 minuto"},"schema":{"@context":"https:\/\/schema.org","@graph":[{"@type":"WebPage","@id":"https:\/\/www.aberje.com.br\/ce\/especial-think-tank\/","url":"https:\/\/www.aberje.com.br\/ce\/especial-think-tank\/","name":"Think Tank - CE","isPartOf":{"@id":"https:\/\/www.aberje.com.br\/ce\/#website"},"datePublished":"2022-04-26T18:36:14+00:00","dateModified":"2022-06-02T14:50:19+00:00","breadcrumb":{"@id":"https:\/\/www.aberje.com.br\/ce\/especial-think-tank\/#breadcrumb"},"inLanguage":"pt-BR","potentialAction":[{"@type":"ReadAction","target":["https:\/\/www.aberje.com.br\/ce\/especial-think-tank\/"]}]},{"@type":"BreadcrumbList","@id":"https:\/\/www.aberje.com.br\/ce\/especial-think-tank\/#breadcrumb","itemListElement":[{"@type":"ListItem","position":1,"name":"In\u00edcio","item":"https:\/\/www.aberje.com.br\/ce\/"},{"@type":"ListItem","position":2,"name":"Think Tank"}]},{"@type":"WebSite","@id":"https:\/\/www.aberje.com.br\/ce\/#website","url":"https:\/\/www.aberje.com.br\/ce\/","name":"CE","description":"Revista Comunica\u00e7\u00e3o Empresarial","potentialAction":[{"@type":"SearchAction","target":{"@type":"EntryPoint","urlTemplate":"https:\/\/www.aberje.com.br\/ce\/?s={search_term_string}"},"query-input":{"@type":"PropertyValueSpecification","valueRequired":true,"valueName":"search_term_string"}}],"inLanguage":"pt-BR"}]}},"_links":{"self":[{"href":"https:\/\/www.aberje.com.br\/ce\/wp-json\/wp\/v2\/pages\/1910","targetHints":{"allow":["GET"]}}],"collection":[{"href":"https:\/\/www.aberje.com.br\/ce\/wp-json\/wp\/v2\/pages"}],"about":[{"href":"https:\/\/www.aberje.com.br\/ce\/wp-json\/wp\/v2\/types\/page"}],"author":[{"embeddable":true,"href":"https:\/\/www.aberje.com.br\/ce\/wp-json\/wp\/v2\/users\/1"}],"replies":[{"embeddable":true,"href":"https:\/\/www.aberje.com.br\/ce\/wp-json\/wp\/v2\/comments?post=1910"}],"version-history":[{"count":17,"href":"https:\/\/www.aberje.com.br\/ce\/wp-json\/wp\/v2\/pages\/1910\/revisions"}],"predecessor-version":[{"id":2420,"href":"https:\/\/www.aberje.com.br\/ce\/wp-json\/wp\/v2\/pages\/1910\/revisions\/2420"}],"wp:attachment":[{"href":"https:\/\/www.aberje.com.br\/ce\/wp-json\/wp\/v2\/media?parent=1910"}],"curies":[{"name":"wp","href":"https:\/\/api.w.org\/{rel}","templated":true}]}}