{"id":1825,"date":"2022-04-26T15:37:48","date_gmt":"2022-04-26T15:37:48","guid":{"rendered":"https:\/\/www.aberje.com.br\/ce\/?page_id=1825"},"modified":"2022-04-27T13:33:58","modified_gmt":"2022-04-27T13:33:58","slug":"especial-premio-aberje-2021","status":"publish","type":"page","link":"https:\/\/www.aberje.com.br\/ce\/109\/premio-aberje-2021","title":{"rendered":"Especial Pr\u00eamio Aberje 2021"},"content":{"rendered":"<p>Se 2020 foi desafiador e exigiu supera\u00e7\u00e3o de empresas e comunicadores, 2021 foi uma prova de perseveran\u00e7a e resili\u00eancia. A pandemia, que tantos estragos fez no ano anterior, continuou a causar baixas e testar limites. Por outro lado, revelou a for\u00e7a de profissionais de todos os escal\u00f5es. E estimulou a criatividade. A 47\u00aa edi\u00e7\u00e3o do Pr\u00eamio Aberje reconheceu esse esfor\u00e7o de organiza\u00e7\u00f5es e profissionais que contribu\u00edram para as boas pr\u00e1ticas da comunica\u00e7\u00e3o durante o ano.<\/p>\n<p>O Pr\u00eamio Aberje \u00e9 composto de 16 categorias subdivididas em tr\u00eas eixos: Foco no Tema, Foco em P\u00fablicos e Foco em Meios. Em 2021 tivemos 176 empresas de todas as regi\u00f5es do Brasil inscrevendo 326 projetos \u2013 uma das maiores edi\u00e7\u00f5es do Pr\u00eamio Aberje. Desses projetos, 79 foram vencedores regionais e concorreram ao grande pr\u00eamio nacional, que foi concedido a 18 cases.<\/p>\n<p>Na cerim\u00f4nia de entrega do Pr\u00eamio, mais uma vez virtual e transmitida ao vivo pelo canal da Aberje no YouTube, foram homenageados comunicadores, empresas e m\u00eddias que combinaram inventividade e estrat\u00e9gia para acolher, esclarecer, mobilizar e incentivar seus p\u00fablicos priorit\u00e1rios a lidar com as in\u00fameras mudan\u00e7as de um cen\u00e1rio extremamente desafiador. O pr\u00eamio Empresa do Ano foi concedido \u00e0 <strong>BRF<\/strong>, e <strong>Daniele Salom\u00e3o<\/strong>, vice-presidente de Gente, Gest\u00e3o e Sustentabilidade da <strong>Energisa<\/strong>, foi eleita Comunicadora do Ano pelo voto da audi\u00eancia. <strong>Marta D\u00edez<\/strong>, presidente da <strong>Pfizer <\/strong>Brasil, levou o pr\u00eamio CEO Comunicadora do Ano.<\/p>\n<p><span style=\"color: #ff0000;\"><strong>COMUNICADORES DO ANO<\/strong><\/span><\/p>\n<p>O Pr\u00eamio Aberje tamb\u00e9m elege os Comunicadores do Ano, homenagem concedida a dez profissionais que mais se destacaram no exerc\u00edcio de suas fun\u00e7\u00f5es dentro e fora das organiza\u00e7\u00f5es a que pertencem. A premia\u00e7\u00e3o se baseia em rigorosa pesquisa e an\u00e1lise sobre a atua\u00e7\u00e3o profissional de cada comunicador durante o ano. Al\u00e9m dos Comunicadores do Ano, tamb\u00e9m temos os vencedores dos Pr\u00eamios Especiais \u2013 homenagem aos profissionais e organiza\u00e7\u00f5es que, com seu trabalho, ajudam a firmar o protagonismo da comunica\u00e7\u00e3o corporativa no Brasil.<\/p>\n<p>Nas pr\u00f3ximas p\u00e1ginas o rep\u00f3rter Hugo Cilo destrincha em detalhes os cases vencedores. Tamb\u00e9m trazemos um ensaio do fot\u00f3grafo Anderson Rodrigues com os comunicadores e os vencedores dos Pr\u00eamios Especiais.<\/p>\n<p><img loading=\"lazy\" decoding=\"async\" class=\"size-medium wp-image-1834 aligncenter\" src=\"https:\/\/www.aberje.com.br\/ce\/wp-content\/uploads\/2022\/04\/encarte-selo-premio-aberje-258x300.jpg\" alt=\"\" width=\"258\" height=\"300\" srcset=\"https:\/\/www.aberje.com.br\/ce\/wp-content\/uploads\/2022\/04\/encarte-selo-premio-aberje-258x300.jpg 258w, https:\/\/www.aberje.com.br\/ce\/wp-content\/uploads\/2022\/04\/encarte-selo-premio-aberje-880x1024.jpg 880w, https:\/\/www.aberje.com.br\/ce\/wp-content\/uploads\/2022\/04\/encarte-selo-premio-aberje-768x893.jpg 768w, https:\/\/www.aberje.com.br\/ce\/wp-content\/uploads\/2022\/04\/encarte-selo-premio-aberje.jpg 900w\" sizes=\"auto, (max-width: 258px) 100vw, 258px\" \/><\/p>\n","protected":false},"excerpt":{"rendered":"<p>Se 2020 foi desafiador e exigiu supera\u00e7\u00e3o de empresas e comunicadores, 2021 foi uma prova de perseveran\u00e7a e resili\u00eancia. A pandemia, que tantos estragos fez no ano anterior, continuou a causar baixas e testar limites. Por outro lado, revelou a for\u00e7a de profissionais de todos os escal\u00f5es. E estimulou a criatividade. A 47\u00aa edi\u00e7\u00e3o do &hellip; <a href=\"https:\/\/www.aberje.com.br\/ce\/109\/premio-aberje-2021\" class=\"more-link\">Continuar lendo <span class=\"screen-reader-text\">Especial Pr\u00eamio Aberje 2021<\/span><\/a><\/p>\n","protected":false},"author":1,"featured_media":0,"parent":0,"menu_order":19,"comment_status":"closed","ping_status":"closed","template":"","meta":{"_acf_changed":false,"footnotes":""},"class_list":["post-1825","page","type-page","status-publish","hentry"],"acf":[],"yoast_head":"<!-- This site is optimized with the Yoast SEO plugin v25.3.1 - https:\/\/yoast.com\/wordpress\/plugins\/seo\/ -->\n<title>Especial Pr\u00eamio Aberje 2021 - CE<\/title>\n<meta name=\"robots\" content=\"index, follow, max-snippet:-1, max-image-preview:large, max-video-preview:-1\" \/>\n<link rel=\"canonical\" href=\"https:\/\/www.aberje.com.br\/ce\/109\/premio-aberje-2021\" \/>\n<meta property=\"og:locale\" content=\"pt_BR\" \/>\n<meta property=\"og:type\" content=\"article\" \/>\n<meta property=\"og:title\" content=\"Especial Pr\u00eamio Aberje 2021 - CE\" \/>\n<meta property=\"og:description\" content=\"Se 2020 foi desafiador e exigiu supera\u00e7\u00e3o de empresas e comunicadores, 2021 foi uma prova de perseveran\u00e7a e resili\u00eancia. A pandemia, que tantos estragos fez no ano anterior, continuou a causar baixas e testar limites. Por outro lado, revelou a for\u00e7a de profissionais de todos os escal\u00f5es. E estimulou a criatividade. A 47\u00aa edi\u00e7\u00e3o do &hellip; Continuar lendo Especial Pr\u00eamio Aberje 2021\" \/>\n<meta property=\"og:url\" content=\"https:\/\/www.aberje.com.br\/ce\/109\/premio-aberje-2021\" \/>\n<meta property=\"og:site_name\" content=\"CE\" \/>\n<meta property=\"article:modified_time\" content=\"2022-04-27T13:33:58+00:00\" \/>\n<meta property=\"og:image\" content=\"https:\/\/www.aberje.com.br\/ce\/wp-content\/uploads\/2022\/04\/encarte-selo-premio-aberje-258x300.jpg\" \/>\n<meta name=\"twitter:card\" content=\"summary_large_image\" \/>\n<meta name=\"twitter:label1\" content=\"Est. tempo de leitura\" \/>\n\t<meta name=\"twitter:data1\" content=\"3 minutos\" \/>\n<script type=\"application\/ld+json\" class=\"yoast-schema-graph\">{\"@context\":\"https:\/\/schema.org\",\"@graph\":[{\"@type\":\"WebPage\",\"@id\":\"https:\/\/www.aberje.com.br\/ce\/109\/premio-aberje-2021\",\"url\":\"https:\/\/www.aberje.com.br\/ce\/109\/premio-aberje-2021\",\"name\":\"Especial Pr\u00eamio Aberje 2021 - CE\",\"isPartOf\":{\"@id\":\"https:\/\/www.aberje.com.br\/ce\/#website\"},\"primaryImageOfPage\":{\"@id\":\"https:\/\/www.aberje.com.br\/ce\/109\/premio-aberje-2021#primaryimage\"},\"image\":{\"@id\":\"https:\/\/www.aberje.com.br\/ce\/109\/premio-aberje-2021#primaryimage\"},\"thumbnailUrl\":\"https:\/\/www.aberje.com.br\/ce\/wp-content\/uploads\/2022\/04\/encarte-selo-premio-aberje-258x300.jpg\",\"datePublished\":\"2022-04-26T15:37:48+00:00\",\"dateModified\":\"2022-04-27T13:33:58+00:00\",\"breadcrumb\":{\"@id\":\"https:\/\/www.aberje.com.br\/ce\/109\/premio-aberje-2021#breadcrumb\"},\"inLanguage\":\"pt-BR\",\"potentialAction\":[{\"@type\":\"ReadAction\",\"target\":[\"https:\/\/www.aberje.com.br\/ce\/109\/premio-aberje-2021\"]}]},{\"@type\":\"ImageObject\",\"inLanguage\":\"pt-BR\",\"@id\":\"https:\/\/www.aberje.com.br\/ce\/109\/premio-aberje-2021#primaryimage\",\"url\":\"https:\/\/www.aberje.com.br\/ce\/wp-content\/uploads\/2022\/04\/encarte-selo-premio-aberje.jpg\",\"contentUrl\":\"https:\/\/www.aberje.com.br\/ce\/wp-content\/uploads\/2022\/04\/encarte-selo-premio-aberje.jpg\",\"width\":900,\"height\":1047},{\"@type\":\"BreadcrumbList\",\"@id\":\"https:\/\/www.aberje.com.br\/ce\/109\/premio-aberje-2021#breadcrumb\",\"itemListElement\":[{\"@type\":\"ListItem\",\"position\":1,\"name\":\"In\u00edcio\",\"item\":\"https:\/\/www.aberje.com.br\/ce\/\"},{\"@type\":\"ListItem\",\"position\":2,\"name\":\"Especial Pr\u00eamio Aberje 2021\"}]},{\"@type\":\"WebSite\",\"@id\":\"https:\/\/www.aberje.com.br\/ce\/#website\",\"url\":\"https:\/\/www.aberje.com.br\/ce\/\",\"name\":\"CE\",\"description\":\"Revista Comunica\u00e7\u00e3o Empresarial\",\"potentialAction\":[{\"@type\":\"SearchAction\",\"target\":{\"@type\":\"EntryPoint\",\"urlTemplate\":\"https:\/\/www.aberje.com.br\/ce\/?s={search_term_string}\"},\"query-input\":{\"@type\":\"PropertyValueSpecification\",\"valueRequired\":true,\"valueName\":\"search_term_string\"}}],\"inLanguage\":\"pt-BR\"}]}<\/script>\n<!-- \/ Yoast SEO plugin. -->","yoast_head_json":{"title":"Especial Pr\u00eamio Aberje 2021 - CE","robots":{"index":"index","follow":"follow","max-snippet":"max-snippet:-1","max-image-preview":"max-image-preview:large","max-video-preview":"max-video-preview:-1"},"canonical":"https:\/\/www.aberje.com.br\/ce\/109\/premio-aberje-2021","og_locale":"pt_BR","og_type":"article","og_title":"Especial Pr\u00eamio Aberje 2021 - CE","og_description":"Se 2020 foi desafiador e exigiu supera\u00e7\u00e3o de empresas e comunicadores, 2021 foi uma prova de perseveran\u00e7a e resili\u00eancia. A pandemia, que tantos estragos fez no ano anterior, continuou a causar baixas e testar limites. Por outro lado, revelou a for\u00e7a de profissionais de todos os escal\u00f5es. E estimulou a criatividade. A 47\u00aa edi\u00e7\u00e3o do &hellip; Continuar lendo Especial Pr\u00eamio Aberje 2021","og_url":"https:\/\/www.aberje.com.br\/ce\/109\/premio-aberje-2021","og_site_name":"CE","article_modified_time":"2022-04-27T13:33:58+00:00","og_image":[{"url":"https:\/\/www.aberje.com.br\/ce\/wp-content\/uploads\/2022\/04\/encarte-selo-premio-aberje-258x300.jpg","type":"","width":"","height":""}],"twitter_card":"summary_large_image","twitter_misc":{"Est. tempo de leitura":"3 minutos"},"schema":{"@context":"https:\/\/schema.org","@graph":[{"@type":"WebPage","@id":"https:\/\/www.aberje.com.br\/ce\/109\/premio-aberje-2021","url":"https:\/\/www.aberje.com.br\/ce\/109\/premio-aberje-2021","name":"Especial Pr\u00eamio Aberje 2021 - CE","isPartOf":{"@id":"https:\/\/www.aberje.com.br\/ce\/#website"},"primaryImageOfPage":{"@id":"https:\/\/www.aberje.com.br\/ce\/109\/premio-aberje-2021#primaryimage"},"image":{"@id":"https:\/\/www.aberje.com.br\/ce\/109\/premio-aberje-2021#primaryimage"},"thumbnailUrl":"https:\/\/www.aberje.com.br\/ce\/wp-content\/uploads\/2022\/04\/encarte-selo-premio-aberje-258x300.jpg","datePublished":"2022-04-26T15:37:48+00:00","dateModified":"2022-04-27T13:33:58+00:00","breadcrumb":{"@id":"https:\/\/www.aberje.com.br\/ce\/109\/premio-aberje-2021#breadcrumb"},"inLanguage":"pt-BR","potentialAction":[{"@type":"ReadAction","target":["https:\/\/www.aberje.com.br\/ce\/109\/premio-aberje-2021"]}]},{"@type":"ImageObject","inLanguage":"pt-BR","@id":"https:\/\/www.aberje.com.br\/ce\/109\/premio-aberje-2021#primaryimage","url":"https:\/\/www.aberje.com.br\/ce\/wp-content\/uploads\/2022\/04\/encarte-selo-premio-aberje.jpg","contentUrl":"https:\/\/www.aberje.com.br\/ce\/wp-content\/uploads\/2022\/04\/encarte-selo-premio-aberje.jpg","width":900,"height":1047},{"@type":"BreadcrumbList","@id":"https:\/\/www.aberje.com.br\/ce\/109\/premio-aberje-2021#breadcrumb","itemListElement":[{"@type":"ListItem","position":1,"name":"In\u00edcio","item":"https:\/\/www.aberje.com.br\/ce\/"},{"@type":"ListItem","position":2,"name":"Especial Pr\u00eamio Aberje 2021"}]},{"@type":"WebSite","@id":"https:\/\/www.aberje.com.br\/ce\/#website","url":"https:\/\/www.aberje.com.br\/ce\/","name":"CE","description":"Revista Comunica\u00e7\u00e3o Empresarial","potentialAction":[{"@type":"SearchAction","target":{"@type":"EntryPoint","urlTemplate":"https:\/\/www.aberje.com.br\/ce\/?s={search_term_string}"},"query-input":{"@type":"PropertyValueSpecification","valueRequired":true,"valueName":"search_term_string"}}],"inLanguage":"pt-BR"}]}},"_links":{"self":[{"href":"https:\/\/www.aberje.com.br\/ce\/wp-json\/wp\/v2\/pages\/1825","targetHints":{"allow":["GET"]}}],"collection":[{"href":"https:\/\/www.aberje.com.br\/ce\/wp-json\/wp\/v2\/pages"}],"about":[{"href":"https:\/\/www.aberje.com.br\/ce\/wp-json\/wp\/v2\/types\/page"}],"author":[{"embeddable":true,"href":"https:\/\/www.aberje.com.br\/ce\/wp-json\/wp\/v2\/users\/1"}],"replies":[{"embeddable":true,"href":"https:\/\/www.aberje.com.br\/ce\/wp-json\/wp\/v2\/comments?post=1825"}],"version-history":[{"count":40,"href":"https:\/\/www.aberje.com.br\/ce\/wp-json\/wp\/v2\/pages\/1825\/revisions"}],"predecessor-version":[{"id":2365,"href":"https:\/\/www.aberje.com.br\/ce\/wp-json\/wp\/v2\/pages\/1825\/revisions\/2365"}],"wp:attachment":[{"href":"https:\/\/www.aberje.com.br\/ce\/wp-json\/wp\/v2\/media?parent=1825"}],"curies":[{"name":"wp","href":"https:\/\/api.w.org\/{rel}","templated":true}]}}